{"id":6516,"date":"2026-02-05T11:19:36","date_gmt":"2026-02-05T09:19:36","guid":{"rendered":"https:\/\/funkembassy.eu\/?post_type=product&#038;p=6516"},"modified":"2026-05-04T15:20:35","modified_gmt":"2026-05-04T12:20:35","slug":"marju-kuut-uksi-kuid-vabana-cd","status":"publish","type":"product","link":"https:\/\/funkembassy.eu\/et\/toode\/marju-kuut-uksi-kuid-vabana-cd\/","title":{"rendered":"Marju Kuut &#8211; \u00dcksi, kuid vabana CD"},"content":{"rendered":"<p><span style=\"font-weight: 400;\">N\u00fc\u00fcd CD-plaadil!<\/span><\/p>\n<p>Marju Marynel Kuut (1946\u20132022) alustas oma muusikukarj\u00e4\u00e4ri pooljuhuslikult juba 16-aastaselt. Ta l\u00e4ks s\u00f5brannadele kaasa elama konkursile, kus b\u00e4nd otsis lauljat. Hinnatud dirigent ja jazzmuusik Aleksander Rjabov m\u00e4rkas noort Marjut uksel, ja \u00e4rgitas teda ka proovima. M\u00f5ni aasta hiljem, juba 1965. aastal, nimetas Down Beat ta N\u00f5ukogude Liidu parimaks jazzlauljatariks. Ometi ei iseloomusta see tiitel tema olemust t\u00e4ielikult. Ta polnud \u00fcksnes esitaja \u2013 tema muusika ja t\u00f6\u00f6d kandsid palju suuremat rolli popmuusika kujundamisel meie kultuuriruumis 20. sajandi jooksul. Eesti Raadio arhiivis on temaga seotud \u00fcle 400 fonogrammi.<\/p>\n<p><span style=\"font-weight: 400;\">Marju vastupandamatu soov avastada funk ja soul muusika juuri USA-s muutis N\u00f5ukogude Liidu poolt okupeeritud Eesti tingimused v\u00e4ljakannatamatuks. Ekstravagantne ja taltsutamatu Kuut emigreeruski 1980. aastal Rootsi ja reisis hiljem Los Angelesse. Enne ja p\u00e4rast seda avaldas ta tohutut m\u00f5ju mitmetele \u017eanritele \u2013 eriti funki ja souli maaletooja rollis Eestisse \u2013 olles laulja, produtsent ja arran\u017eeerija.<\/span><\/p>\n<p><span style=\"font-weight: 400;\">Funk Embassy Records ja Microwave Productions esitlevad kogumikku \u201c\u00dcksi, kuid vabana\u201d \u2014 mille pani kokku Maryn ise. Duubelvin\u00fc\u00fcl sisaldab 22 lugu, mille Maryn valis oma \u201cMarju Kuut\u201d ajastust ehk salvestised enne Eestist lahkumist 1980. aastal. Plaadi kujundas Anna-Liisa S\u00e4\u00e4sk. P\u00f5hjalikumat elulugu saab lugeda albumi kaante vahelt. Selle on kirjutanud Haldi V\u00e4lim\u00e4e (b\u00e4ndist Haldi &amp; ans Flamingo). Haldi on andnud suure panuse Eesti naisartistide, eriti Marju Kuudi p\u00e4randi esile toomisesse.<\/span><\/p>\n<p><iframe style=\"border: 0; width: 100%; height: 42px;\" src=\"https:\/\/bandcamp.com\/EmbeddedPlayer\/album=464369184\/size=small\/bgcol=ffffff\/linkcol=0687f5\/transparent=true\/\" seamless=\"\"><a href=\"https:\/\/marjukuut.bandcamp.com\/album\/ksi-kuid-vabana\">\u00dcksi, kuid vabana by Marju Kuut<\/a><\/iframe><\/p>\n<p><span style=\"font-weight: 400;\">Tegijad:<br \/>\n<\/span><span style=\"font-weight: 400;\">Kogumiku koostaja: Marynel Marju Kuut<br \/>\n<\/span>T\u00e4ideviijad: Ingvar Kassuk, Henrik Ehte<br \/>\n<span style=\"font-weight: 400;\">Saatetekstid: Haldi V\u00e4lim\u00e4e<br \/>\n<\/span><span style=\"font-weight: 400;\">Kujundus: Anna-Liisa S\u00e4\u00e4sk<br \/>\n<\/span><span style=\"font-weight: 400;\">Mastering: Jos\u00e9 Diogo Neves<br \/>\n<\/span><span style=\"font-weight: 400;\">V\u00e4ljaandja: Funk Embassy Records<\/span><\/p>\n<p><span style=\"font-weight: 400;\">Pildid albumil:<br \/>\n<\/span><span style=\"font-weight: 400;\">Kaanepilt &#8211; Ajaloomuuseumi kogu<br \/>\n<\/span><span style=\"font-weight: 400;\">Foto (1) &#8211; Verner Puhm<br \/>\n<\/span><span style=\"font-weight: 400;\">Foto (2) &#8211; Valdur Vahi<br \/>\n<\/span><\/p>\n<p>Eriline t\u00e4nu:<br \/>\nOtto Osula, Renno Paat, Juhan Sirge<\/p>\n<p>T\u00e4name:<br \/>\nHooandjad, heliloojad, autorid, luuletajad ja esitajad albumilt, Eesti Autorite \u00dching, Eesti Kultuurkapital, Eesti Rahvusringh\u00e4\u00e4lingu fonoteek, Haldi V\u00e4lim\u00e4e, Christopher Hipp Kuut, Riho Ints, Suune Kodu, Madis M\u00e4lgand, Vinyl Plant.<\/p>\n","protected":false},"excerpt":{"rendered":"<p>N\u00fc\u00fcd CD-plaadil! Marju Marynel Kuut (1946\u20132022) alustas oma muusikukarj\u00e4\u00e4ri pooljuhuslikult juba 16-aastaselt. Ta l\u00e4ks s\u00f5brannadele kaasa elama konkursile, kus b\u00e4nd otsis lauljat. Hinnatud dirigent ja jazzmuusik Aleksander Rjabov m\u00e4rkas noort Marjut uksel, ja \u00e4rgitas teda ka proovima. M\u00f5ni aasta hiljem, juba 1965. aastal, nimetas Down Beat ta N\u00f5ukogude Liidu parimaks jazzlauljatariks. Ometi ei iseloomusta see&hellip;<\/p>\n","protected":false},"featured_media":6518,"template":"","meta":{"_acf_changed":false},"product_brand":[],"product_cat":[120],"product_tag":[200],"class_list":{"0":"post-6516","1":"product","2":"type-product","3":"status-publish","4":"has-post-thumbnail","6":"product_cat-muusika","7":"product_tag-muusika","8":"description-off","10":"first","11":"instock","12":"taxable","13":"shipping-taxable","14":"purchasable","15":"product-type-simple"},"acf":[],"yoast_head":"<!-- This site is optimized with the Yoast SEO plugin v24.8.1 - https:\/\/yoast.com\/wordpress\/plugins\/seo\/ -->\n<title>Marju Kuut - \u00dcksi, kuid vabana CD - Estonian Funk Embassy<\/title>\n<meta name=\"robots\" content=\"index, follow, max-snippet:-1, max-image-preview:large, max-video-preview:-1\" \/>\n<link rel=\"canonical\" href=\"https:\/\/funkembassy.eu\/et\/toode\/marju-kuut-uksi-kuid-vabana-cd\/\" \/>\n<meta property=\"og:locale\" content=\"et_EE\" \/>\n<meta property=\"og:type\" content=\"article\" \/>\n<meta property=\"og:title\" content=\"Marju Kuut - \u00dcksi, kuid vabana CD - Estonian Funk Embassy\" \/>\n<meta property=\"og:description\" content=\"N\u00fc\u00fcd CD-plaadil! Marju Marynel Kuut (1946\u20132022) alustas oma muusikukarj\u00e4\u00e4ri pooljuhuslikult juba 16-aastaselt. Ta l\u00e4ks s\u00f5brannadele kaasa elama konkursile, kus b\u00e4nd otsis lauljat. Hinnatud dirigent ja jazzmuusik Aleksander Rjabov m\u00e4rkas noort Marjut uksel, ja \u00e4rgitas teda ka proovima. M\u00f5ni aasta hiljem, juba 1965. aastal, nimetas Down Beat ta N\u00f5ukogude Liidu parimaks jazzlauljatariks. Ometi ei iseloomusta see&hellip;\" \/>\n<meta property=\"og:url\" content=\"https:\/\/funkembassy.eu\/et\/toode\/marju-kuut-uksi-kuid-vabana-cd\/\" \/>\n<meta property=\"og:site_name\" content=\"Estonian Funk Embassy\" \/>\n<meta property=\"article:publisher\" content=\"https:\/\/www.facebook.com\/estonianfunkembassy\/\" \/>\n<meta property=\"article:modified_time\" content=\"2026-05-04T12:20:35+00:00\" \/>\n<meta property=\"og:image\" content=\"https:\/\/funkembassy.eu\/wp-content\/uploads\/2026\/02\/Group-64-1024x1024.png\" \/>\n\t<meta property=\"og:image:width\" content=\"1024\" \/>\n\t<meta property=\"og:image:height\" content=\"1024\" \/>\n\t<meta property=\"og:image:type\" content=\"image\/png\" \/>\n<meta name=\"twitter:card\" content=\"summary_large_image\" \/>\n<meta name=\"twitter:label1\" content=\"Est. reading time\" \/>\n\t<meta name=\"twitter:data1\" content=\"2 minutit\" \/>\n<script type=\"application\/ld+json\" class=\"yoast-schema-graph\">{\"@context\":\"https:\/\/schema.org\",\"@graph\":[{\"@type\":\"WebPage\",\"@id\":\"https:\/\/funkembassy.eu\/et\/toode\/marju-kuut-uksi-kuid-vabana-cd\/\",\"url\":\"https:\/\/funkembassy.eu\/et\/toode\/marju-kuut-uksi-kuid-vabana-cd\/\",\"name\":\"Marju Kuut - \u00dcksi, kuid vabana CD - Estonian Funk Embassy\",\"isPartOf\":{\"@id\":\"https:\/\/funkembassy.eu\/#website\"},\"primaryImageOfPage\":{\"@id\":\"https:\/\/funkembassy.eu\/et\/toode\/marju-kuut-uksi-kuid-vabana-cd\/#primaryimage\"},\"image\":{\"@id\":\"https:\/\/funkembassy.eu\/et\/toode\/marju-kuut-uksi-kuid-vabana-cd\/#primaryimage\"},\"thumbnailUrl\":\"https:\/\/funkembassy.eu\/wp-content\/uploads\/2026\/02\/Group-64.png\",\"datePublished\":\"2026-02-05T09:19:36+00:00\",\"dateModified\":\"2026-05-04T12:20:35+00:00\",\"breadcrumb\":{\"@id\":\"https:\/\/funkembassy.eu\/et\/toode\/marju-kuut-uksi-kuid-vabana-cd\/#breadcrumb\"},\"inLanguage\":\"et\",\"potentialAction\":[{\"@type\":\"ReadAction\",\"target\":[\"https:\/\/funkembassy.eu\/et\/toode\/marju-kuut-uksi-kuid-vabana-cd\/\"]}]},{\"@type\":\"ImageObject\",\"inLanguage\":\"et\",\"@id\":\"https:\/\/funkembassy.eu\/et\/toode\/marju-kuut-uksi-kuid-vabana-cd\/#primaryimage\",\"url\":\"https:\/\/funkembassy.eu\/wp-content\/uploads\/2026\/02\/Group-64.png\",\"contentUrl\":\"https:\/\/funkembassy.eu\/wp-content\/uploads\/2026\/02\/Group-64.png\",\"width\":3160,\"height\":3160},{\"@type\":\"BreadcrumbList\",\"@id\":\"https:\/\/funkembassy.eu\/et\/toode\/marju-kuut-uksi-kuid-vabana-cd\/#breadcrumb\",\"itemListElement\":[{\"@type\":\"ListItem\",\"position\":1,\"name\":\"Home\",\"item\":\"https:\/\/funkembassy.eu\/et\/\"},{\"@type\":\"ListItem\",\"position\":2,\"name\":\"Pood\",\"item\":\"https:\/\/funkembassy.eu\/et\/pood\/\"},{\"@type\":\"ListItem\",\"position\":3,\"name\":\"Marju Kuut &#8211; \u00dcksi, kuid vabana CD\"}]},{\"@type\":\"WebSite\",\"@id\":\"https:\/\/funkembassy.eu\/#website\",\"url\":\"https:\/\/funkembassy.eu\/\",\"name\":\"Estonian Funk Embassy\",\"description\":\"\",\"publisher\":{\"@id\":\"https:\/\/funkembassy.eu\/#organization\"},\"potentialAction\":[{\"@type\":\"SearchAction\",\"target\":{\"@type\":\"EntryPoint\",\"urlTemplate\":\"https:\/\/funkembassy.eu\/?s={search_term_string}\"},\"query-input\":{\"@type\":\"PropertyValueSpecification\",\"valueRequired\":true,\"valueName\":\"search_term_string\"}}],\"inLanguage\":\"et\"},{\"@type\":\"Organization\",\"@id\":\"https:\/\/funkembassy.eu\/#organization\",\"name\":\"Estonian Funk Embassy\",\"url\":\"https:\/\/funkembassy.eu\/\",\"logo\":{\"@type\":\"ImageObject\",\"inLanguage\":\"et\",\"@id\":\"https:\/\/funkembassy.eu\/#\/schema\/logo\/image\/\",\"url\":\"https:\/\/funkembassy.eu\/wp-content\/uploads\/2025\/04\/estonian_funk_embassy_logo.jpg\",\"contentUrl\":\"https:\/\/funkembassy.eu\/wp-content\/uploads\/2025\/04\/estonian_funk_embassy_logo.jpg\",\"width\":696,\"height\":696,\"caption\":\"Estonian Funk Embassy\"},\"image\":{\"@id\":\"https:\/\/funkembassy.eu\/#\/schema\/logo\/image\/\"},\"sameAs\":[\"https:\/\/www.facebook.com\/estonianfunkembassy\/\"]}]}<\/script>\n<!-- \/ Yoast SEO plugin. -->","yoast_head_json":{"title":"Marju Kuut - \u00dcksi, kuid vabana CD - Estonian Funk Embassy","robots":{"index":"index","follow":"follow","max-snippet":"max-snippet:-1","max-image-preview":"max-image-preview:large","max-video-preview":"max-video-preview:-1"},"canonical":"https:\/\/funkembassy.eu\/et\/toode\/marju-kuut-uksi-kuid-vabana-cd\/","og_locale":"et_EE","og_type":"article","og_title":"Marju Kuut - \u00dcksi, kuid vabana CD - Estonian Funk Embassy","og_description":"N\u00fc\u00fcd CD-plaadil! Marju Marynel Kuut (1946\u20132022) alustas oma muusikukarj\u00e4\u00e4ri pooljuhuslikult juba 16-aastaselt. Ta l\u00e4ks s\u00f5brannadele kaasa elama konkursile, kus b\u00e4nd otsis lauljat. Hinnatud dirigent ja jazzmuusik Aleksander Rjabov m\u00e4rkas noort Marjut uksel, ja \u00e4rgitas teda ka proovima. M\u00f5ni aasta hiljem, juba 1965. aastal, nimetas Down Beat ta N\u00f5ukogude Liidu parimaks jazzlauljatariks. Ometi ei iseloomusta see&hellip;","og_url":"https:\/\/funkembassy.eu\/et\/toode\/marju-kuut-uksi-kuid-vabana-cd\/","og_site_name":"Estonian Funk Embassy","article_publisher":"https:\/\/www.facebook.com\/estonianfunkembassy\/","article_modified_time":"2026-05-04T12:20:35+00:00","og_image":[{"width":1024,"height":1024,"url":"https:\/\/funkembassy.eu\/wp-content\/uploads\/2026\/02\/Group-64-1024x1024.png","type":"image\/png"}],"twitter_card":"summary_large_image","twitter_misc":{"Est. reading time":"2 minutit"},"schema":{"@context":"https:\/\/schema.org","@graph":[{"@type":"WebPage","@id":"https:\/\/funkembassy.eu\/et\/toode\/marju-kuut-uksi-kuid-vabana-cd\/","url":"https:\/\/funkembassy.eu\/et\/toode\/marju-kuut-uksi-kuid-vabana-cd\/","name":"Marju Kuut - \u00dcksi, kuid vabana CD - Estonian Funk Embassy","isPartOf":{"@id":"https:\/\/funkembassy.eu\/#website"},"primaryImageOfPage":{"@id":"https:\/\/funkembassy.eu\/et\/toode\/marju-kuut-uksi-kuid-vabana-cd\/#primaryimage"},"image":{"@id":"https:\/\/funkembassy.eu\/et\/toode\/marju-kuut-uksi-kuid-vabana-cd\/#primaryimage"},"thumbnailUrl":"https:\/\/funkembassy.eu\/wp-content\/uploads\/2026\/02\/Group-64.png","datePublished":"2026-02-05T09:19:36+00:00","dateModified":"2026-05-04T12:20:35+00:00","breadcrumb":{"@id":"https:\/\/funkembassy.eu\/et\/toode\/marju-kuut-uksi-kuid-vabana-cd\/#breadcrumb"},"inLanguage":"et","potentialAction":[{"@type":"ReadAction","target":["https:\/\/funkembassy.eu\/et\/toode\/marju-kuut-uksi-kuid-vabana-cd\/"]}]},{"@type":"ImageObject","inLanguage":"et","@id":"https:\/\/funkembassy.eu\/et\/toode\/marju-kuut-uksi-kuid-vabana-cd\/#primaryimage","url":"https:\/\/funkembassy.eu\/wp-content\/uploads\/2026\/02\/Group-64.png","contentUrl":"https:\/\/funkembassy.eu\/wp-content\/uploads\/2026\/02\/Group-64.png","width":3160,"height":3160},{"@type":"BreadcrumbList","@id":"https:\/\/funkembassy.eu\/et\/toode\/marju-kuut-uksi-kuid-vabana-cd\/#breadcrumb","itemListElement":[{"@type":"ListItem","position":1,"name":"Home","item":"https:\/\/funkembassy.eu\/et\/"},{"@type":"ListItem","position":2,"name":"Pood","item":"https:\/\/funkembassy.eu\/et\/pood\/"},{"@type":"ListItem","position":3,"name":"Marju Kuut &#8211; \u00dcksi, kuid vabana CD"}]},{"@type":"WebSite","@id":"https:\/\/funkembassy.eu\/#website","url":"https:\/\/funkembassy.eu\/","name":"Estonian Funk Embassy","description":"","publisher":{"@id":"https:\/\/funkembassy.eu\/#organization"},"potentialAction":[{"@type":"SearchAction","target":{"@type":"EntryPoint","urlTemplate":"https:\/\/funkembassy.eu\/?s={search_term_string}"},"query-input":{"@type":"PropertyValueSpecification","valueRequired":true,"valueName":"search_term_string"}}],"inLanguage":"et"},{"@type":"Organization","@id":"https:\/\/funkembassy.eu\/#organization","name":"Estonian Funk Embassy","url":"https:\/\/funkembassy.eu\/","logo":{"@type":"ImageObject","inLanguage":"et","@id":"https:\/\/funkembassy.eu\/#\/schema\/logo\/image\/","url":"https:\/\/funkembassy.eu\/wp-content\/uploads\/2025\/04\/estonian_funk_embassy_logo.jpg","contentUrl":"https:\/\/funkembassy.eu\/wp-content\/uploads\/2025\/04\/estonian_funk_embassy_logo.jpg","width":696,"height":696,"caption":"Estonian Funk Embassy"},"image":{"@id":"https:\/\/funkembassy.eu\/#\/schema\/logo\/image\/"},"sameAs":["https:\/\/www.facebook.com\/estonianfunkembassy\/"]}]}},"_links":{"self":[{"href":"https:\/\/funkembassy.eu\/et\/wp-json\/wp\/v2\/product\/6516","targetHints":{"allow":["GET"]}}],"collection":[{"href":"https:\/\/funkembassy.eu\/et\/wp-json\/wp\/v2\/product"}],"about":[{"href":"https:\/\/funkembassy.eu\/et\/wp-json\/wp\/v2\/types\/product"}],"wp:featuredmedia":[{"embeddable":true,"href":"https:\/\/funkembassy.eu\/et\/wp-json\/wp\/v2\/media\/6518"}],"wp:attachment":[{"href":"https:\/\/funkembassy.eu\/et\/wp-json\/wp\/v2\/media?parent=6516"}],"wp:term":[{"taxonomy":"product_brand","embeddable":true,"href":"https:\/\/funkembassy.eu\/et\/wp-json\/wp\/v2\/product_brand?post=6516"},{"taxonomy":"product_cat","embeddable":true,"href":"https:\/\/funkembassy.eu\/et\/wp-json\/wp\/v2\/product_cat?post=6516"},{"taxonomy":"product_tag","embeddable":true,"href":"https:\/\/funkembassy.eu\/et\/wp-json\/wp\/v2\/product_tag?post=6516"}],"curies":[{"name":"wp","href":"https:\/\/api.w.org\/{rel}","templated":true}]}}