{"id":5734,"date":"2025-04-20T10:00:07","date_gmt":"2025-04-20T07:00:07","guid":{"rendered":"https:\/\/funkembassy.eu\/?post_type=product&#038;p=5734"},"modified":"2025-10-23T16:40:49","modified_gmt":"2025-10-23T13:40:49","slug":"groove-of-essr-iii-vinuul","status":"publish","type":"product","link":"https:\/\/funkembassy.eu\/et\/toode\/groove-of-essr-iii-vinuul\/","title":{"rendered":"Groove of ESSR III:  Soul, Jazz-Funk &#038; Easy Listening from Estonia"},"content":{"rendered":"<p><span style=\"font-weight: 400;\">J\u00e4rgmine peat\u00fckk kureeritud vintaa\u017ei on j\u00f5udnud plaadile! <\/span><b>\u201cGroove of ESSR III\u201d<\/b><span style=\"font-weight: 400;\"> v\u00f5tab taas ette Eesti muusikalise p\u00e4randi, mille ilmumist ja rahvusvahelist levikut p\u00e4rssis raudne eesriie. <\/span>Aastatel 1971\u20131983 salvestatud 11 pala<span style=\"font-weight: 400;\"> on enamasti nende artistide loodud, kes s\u00fcndisid juba N\u00f5ukogude Liidu okupatsiooni ajal. Neil oli aga sugulasi L\u00e4\u00e4nes ja antennid suunatud Soome raadiosignaalide poole. Nii leiti suletud maailmas julgus avastada laia maailma helisid ja luua nende pinnalt ise kohati \u00fcllatavalt piiritut muusikat.<br \/>\n<\/span><br \/>\nPlaadile valitud lood:<\/p>\n<p><strong data-start=\"59\" data-end=\"65\">A1<\/strong>\u00a0Uus Generatsioon \u2013 <em data-start=\"85\" data-end=\"92\">Nr. 3<\/em><br data-start=\"92\" data-end=\"95\" \/><strong data-start=\"95\" data-end=\"101\">A2<\/strong>\u00a0Heidy Tamme \u2013 <em data-start=\"116\" data-end=\"128\">Neiu v\u00e4ike<\/em><br data-start=\"128\" data-end=\"131\" \/><strong data-start=\"131\" data-end=\"137\">A3<\/strong>\u00a0T\u00f5nis M\u00e4rgi, Music Seif \u2013 <em data-start=\"164\" data-end=\"175\">Metsaneid<\/em><br data-start=\"175\" data-end=\"178\" \/><strong data-start=\"178\" data-end=\"184\">A4<\/strong>\u00a0Gunnar Graps, Magnetic Band \u2013 <em data-start=\"215\" data-end=\"229\">T\u00fchjad pihud<\/em><br data-start=\"229\" data-end=\"232\" \/><strong data-start=\"232\" data-end=\"238\">A5<\/strong>\u00a0Els Himma \u2013 <em data-start=\"251\" data-end=\"258\">Samba<\/em><br data-start=\"258\" data-end=\"261\" \/><strong data-start=\"261\" data-end=\"267\">A6<\/strong>\u00a0Apelsin \u2013 <em data-start=\"278\" data-end=\"287\">Igatsus<\/em><br data-start=\"287\" data-end=\"290\" \/><strong data-start=\"290\" data-end=\"296\">B1<\/strong>\u00a0Eesti Raadio estraadiorkester \u2013 <em data-start=\"329\" data-end=\"346\">H\u00fcvasti, Galja!<\/em> (instrumentaal)<br data-start=\"362\" data-end=\"365\" \/><strong data-start=\"365\" data-end=\"371\">B2<\/strong>\u00a0Collage \u2013 <em data-start=\"382\" data-end=\"397\">Ehted kadunud<\/em><br data-start=\"397\" data-end=\"400\" \/><strong data-start=\"400\" data-end=\"406\">B3<\/strong>\u00a0Velly Joonas \u2013 <em data-start=\"422\" data-end=\"442\">Stopp, seisku aeg!<\/em><br data-start=\"442\" data-end=\"445\" \/><strong data-start=\"445\" data-end=\"452\">B4<\/strong>\u00a0Helmut Aniko kvintett \u2013 <em data-start=\"477\" data-end=\"485\">Buldog<\/em><br data-start=\"485\" data-end=\"488\" \/><strong data-start=\"488\" data-end=\"495\">B5<\/strong>\u00a0Marje Aare \u2013 <em data-start=\"509\" data-end=\"516\">Sunny<\/em><\/p>\n<p><iframe style=\"border: 0; width: 100%; height: 42px;\" src=\"https:\/\/bandcamp.com\/EmbeddedPlayer\/album=894596688\/size=small\/bgcol=ffffff\/linkcol=0687f5\/transparent=true\/\" seamless><a href=\"https:\/\/funkembassyrecords.bandcamp.com\/album\/groove-of-essr-iii-soul-jazz-funk-easy-listening-from-estonia\">Groove of ESSR III:  soul, jazz-funk &amp; easy listening from Estonia by Funk Embassy Records<\/a><\/iframe><\/p>\n","protected":false},"excerpt":{"rendered":"<p>J\u00e4rgmine peat\u00fckk kureeritud vintaa\u017ei on j\u00f5udnud plaadile! \u201cGroove of ESSR III\u201d v\u00f5tab taas ette Eesti muusikalise p\u00e4randi, mille ilmumist ja rahvusvahelist levikut p\u00e4rssis raudne eesriie. Aastatel 1971\u20131983 salvestatud 11 pala on enamasti nende artistide loodud, kes s\u00fcndisid juba N\u00f5ukogude Liidu okupatsiooni ajal. Neil oli aga sugulasi L\u00e4\u00e4nes ja antennid suunatud Soome raadiosignaalide poole. Nii leiti&hellip;<\/p>\n","protected":false},"featured_media":6128,"template":"","meta":{"_acf_changed":false},"product_brand":[],"product_cat":[120],"product_tag":[],"class_list":{"0":"post-5734","1":"product","2":"type-product","3":"status-publish","4":"has-post-thumbnail","6":"product_cat-muusika","7":"description-off","9":"first","10":"instock","11":"taxable","12":"shipping-taxable","13":"purchasable","14":"product-type-simple"},"acf":[],"yoast_head":"<!-- This site is optimized with the Yoast SEO plugin v24.8.1 - https:\/\/yoast.com\/wordpress\/plugins\/seo\/ -->\n<title>Groove of ESSR III: Soul, Jazz-Funk &amp; Easy Listening from Estonia - Estonian Funk Embassy<\/title>\n<meta name=\"robots\" content=\"index, follow, max-snippet:-1, max-image-preview:large, max-video-preview:-1\" \/>\n<link rel=\"canonical\" href=\"https:\/\/funkembassy.eu\/et\/toode\/groove-of-essr-iii-vinuul\/\" \/>\n<meta property=\"og:locale\" content=\"et_EE\" \/>\n<meta property=\"og:type\" content=\"article\" \/>\n<meta property=\"og:title\" content=\"Groove of ESSR III: Soul, Jazz-Funk &amp; Easy Listening from Estonia - Estonian Funk Embassy\" \/>\n<meta property=\"og:description\" content=\"J\u00e4rgmine peat\u00fckk kureeritud vintaa\u017ei on j\u00f5udnud plaadile! \u201cGroove of ESSR III\u201d v\u00f5tab taas ette Eesti muusikalise p\u00e4randi, mille ilmumist ja rahvusvahelist levikut p\u00e4rssis raudne eesriie. Aastatel 1971\u20131983 salvestatud 11 pala on enamasti nende artistide loodud, kes s\u00fcndisid juba N\u00f5ukogude Liidu okupatsiooni ajal. Neil oli aga sugulasi L\u00e4\u00e4nes ja antennid suunatud Soome raadiosignaalide poole. Nii leiti&hellip;\" \/>\n<meta property=\"og:url\" content=\"https:\/\/funkembassy.eu\/et\/toode\/groove-of-essr-iii-vinuul\/\" \/>\n<meta property=\"og:site_name\" content=\"Estonian Funk Embassy\" \/>\n<meta property=\"article:publisher\" content=\"https:\/\/www.facebook.com\/estonianfunkembassy\/\" \/>\n<meta property=\"article:modified_time\" content=\"2025-10-23T13:40:49+00:00\" \/>\n<meta property=\"og:image\" content=\"https:\/\/funkembassy.eu\/wp-content\/uploads\/2025\/04\/Groove-III-1024x1024.png\" \/>\n\t<meta property=\"og:image:width\" content=\"1024\" \/>\n\t<meta property=\"og:image:height\" content=\"1024\" \/>\n\t<meta property=\"og:image:type\" content=\"image\/png\" \/>\n<meta name=\"twitter:card\" content=\"summary_large_image\" \/>\n<meta name=\"twitter:label1\" content=\"Est. reading time\" \/>\n\t<meta name=\"twitter:data1\" content=\"1 minut\" \/>\n<script type=\"application\/ld+json\" class=\"yoast-schema-graph\">{\"@context\":\"https:\/\/schema.org\",\"@graph\":[{\"@type\":\"WebPage\",\"@id\":\"https:\/\/funkembassy.eu\/et\/toode\/groove-of-essr-iii-vinuul\/\",\"url\":\"https:\/\/funkembassy.eu\/et\/toode\/groove-of-essr-iii-vinuul\/\",\"name\":\"Groove of ESSR III: Soul, Jazz-Funk & Easy Listening from Estonia - Estonian Funk Embassy\",\"isPartOf\":{\"@id\":\"https:\/\/funkembassy.eu\/#website\"},\"primaryImageOfPage\":{\"@id\":\"https:\/\/funkembassy.eu\/et\/toode\/groove-of-essr-iii-vinuul\/#primaryimage\"},\"image\":{\"@id\":\"https:\/\/funkembassy.eu\/et\/toode\/groove-of-essr-iii-vinuul\/#primaryimage\"},\"thumbnailUrl\":\"https:\/\/funkembassy.eu\/wp-content\/uploads\/2025\/04\/Groove-III.png\",\"datePublished\":\"2025-04-20T07:00:07+00:00\",\"dateModified\":\"2025-10-23T13:40:49+00:00\",\"breadcrumb\":{\"@id\":\"https:\/\/funkembassy.eu\/et\/toode\/groove-of-essr-iii-vinuul\/#breadcrumb\"},\"inLanguage\":\"et\",\"potentialAction\":[{\"@type\":\"ReadAction\",\"target\":[\"https:\/\/funkembassy.eu\/et\/toode\/groove-of-essr-iii-vinuul\/\"]}]},{\"@type\":\"ImageObject\",\"inLanguage\":\"et\",\"@id\":\"https:\/\/funkembassy.eu\/et\/toode\/groove-of-essr-iii-vinuul\/#primaryimage\",\"url\":\"https:\/\/funkembassy.eu\/wp-content\/uploads\/2025\/04\/Groove-III.png\",\"contentUrl\":\"https:\/\/funkembassy.eu\/wp-content\/uploads\/2025\/04\/Groove-III.png\",\"width\":3160,\"height\":3160},{\"@type\":\"BreadcrumbList\",\"@id\":\"https:\/\/funkembassy.eu\/et\/toode\/groove-of-essr-iii-vinuul\/#breadcrumb\",\"itemListElement\":[{\"@type\":\"ListItem\",\"position\":1,\"name\":\"Home\",\"item\":\"https:\/\/funkembassy.eu\/et\/\"},{\"@type\":\"ListItem\",\"position\":2,\"name\":\"Pood\",\"item\":\"https:\/\/funkembassy.eu\/et\/pood\/\"},{\"@type\":\"ListItem\",\"position\":3,\"name\":\"Groove of ESSR III: Soul, Jazz-Funk &#038; Easy Listening from Estonia\"}]},{\"@type\":\"WebSite\",\"@id\":\"https:\/\/funkembassy.eu\/#website\",\"url\":\"https:\/\/funkembassy.eu\/\",\"name\":\"Estonian Funk Embassy\",\"description\":\"\",\"publisher\":{\"@id\":\"https:\/\/funkembassy.eu\/#organization\"},\"potentialAction\":[{\"@type\":\"SearchAction\",\"target\":{\"@type\":\"EntryPoint\",\"urlTemplate\":\"https:\/\/funkembassy.eu\/?s={search_term_string}\"},\"query-input\":{\"@type\":\"PropertyValueSpecification\",\"valueRequired\":true,\"valueName\":\"search_term_string\"}}],\"inLanguage\":\"et\"},{\"@type\":\"Organization\",\"@id\":\"https:\/\/funkembassy.eu\/#organization\",\"name\":\"Estonian Funk Embassy\",\"url\":\"https:\/\/funkembassy.eu\/\",\"logo\":{\"@type\":\"ImageObject\",\"inLanguage\":\"et\",\"@id\":\"https:\/\/funkembassy.eu\/#\/schema\/logo\/image\/\",\"url\":\"https:\/\/funkembassy.eu\/wp-content\/uploads\/2025\/04\/estonian_funk_embassy_logo.jpg\",\"contentUrl\":\"https:\/\/funkembassy.eu\/wp-content\/uploads\/2025\/04\/estonian_funk_embassy_logo.jpg\",\"width\":696,\"height\":696,\"caption\":\"Estonian Funk Embassy\"},\"image\":{\"@id\":\"https:\/\/funkembassy.eu\/#\/schema\/logo\/image\/\"},\"sameAs\":[\"https:\/\/www.facebook.com\/estonianfunkembassy\/\"]}]}<\/script>\n<!-- \/ Yoast SEO plugin. -->","yoast_head_json":{"title":"Groove of ESSR III: Soul, Jazz-Funk & Easy Listening from Estonia - Estonian Funk Embassy","robots":{"index":"index","follow":"follow","max-snippet":"max-snippet:-1","max-image-preview":"max-image-preview:large","max-video-preview":"max-video-preview:-1"},"canonical":"https:\/\/funkembassy.eu\/et\/toode\/groove-of-essr-iii-vinuul\/","og_locale":"et_EE","og_type":"article","og_title":"Groove of ESSR III: Soul, Jazz-Funk & Easy Listening from Estonia - Estonian Funk Embassy","og_description":"J\u00e4rgmine peat\u00fckk kureeritud vintaa\u017ei on j\u00f5udnud plaadile! \u201cGroove of ESSR III\u201d v\u00f5tab taas ette Eesti muusikalise p\u00e4randi, mille ilmumist ja rahvusvahelist levikut p\u00e4rssis raudne eesriie. Aastatel 1971\u20131983 salvestatud 11 pala on enamasti nende artistide loodud, kes s\u00fcndisid juba N\u00f5ukogude Liidu okupatsiooni ajal. Neil oli aga sugulasi L\u00e4\u00e4nes ja antennid suunatud Soome raadiosignaalide poole. Nii leiti&hellip;","og_url":"https:\/\/funkembassy.eu\/et\/toode\/groove-of-essr-iii-vinuul\/","og_site_name":"Estonian Funk Embassy","article_publisher":"https:\/\/www.facebook.com\/estonianfunkembassy\/","article_modified_time":"2025-10-23T13:40:49+00:00","og_image":[{"width":1024,"height":1024,"url":"https:\/\/funkembassy.eu\/wp-content\/uploads\/2025\/04\/Groove-III-1024x1024.png","type":"image\/png"}],"twitter_card":"summary_large_image","twitter_misc":{"Est. reading time":"1 minut"},"schema":{"@context":"https:\/\/schema.org","@graph":[{"@type":"WebPage","@id":"https:\/\/funkembassy.eu\/et\/toode\/groove-of-essr-iii-vinuul\/","url":"https:\/\/funkembassy.eu\/et\/toode\/groove-of-essr-iii-vinuul\/","name":"Groove of ESSR III: Soul, Jazz-Funk & Easy Listening from Estonia - Estonian Funk Embassy","isPartOf":{"@id":"https:\/\/funkembassy.eu\/#website"},"primaryImageOfPage":{"@id":"https:\/\/funkembassy.eu\/et\/toode\/groove-of-essr-iii-vinuul\/#primaryimage"},"image":{"@id":"https:\/\/funkembassy.eu\/et\/toode\/groove-of-essr-iii-vinuul\/#primaryimage"},"thumbnailUrl":"https:\/\/funkembassy.eu\/wp-content\/uploads\/2025\/04\/Groove-III.png","datePublished":"2025-04-20T07:00:07+00:00","dateModified":"2025-10-23T13:40:49+00:00","breadcrumb":{"@id":"https:\/\/funkembassy.eu\/et\/toode\/groove-of-essr-iii-vinuul\/#breadcrumb"},"inLanguage":"et","potentialAction":[{"@type":"ReadAction","target":["https:\/\/funkembassy.eu\/et\/toode\/groove-of-essr-iii-vinuul\/"]}]},{"@type":"ImageObject","inLanguage":"et","@id":"https:\/\/funkembassy.eu\/et\/toode\/groove-of-essr-iii-vinuul\/#primaryimage","url":"https:\/\/funkembassy.eu\/wp-content\/uploads\/2025\/04\/Groove-III.png","contentUrl":"https:\/\/funkembassy.eu\/wp-content\/uploads\/2025\/04\/Groove-III.png","width":3160,"height":3160},{"@type":"BreadcrumbList","@id":"https:\/\/funkembassy.eu\/et\/toode\/groove-of-essr-iii-vinuul\/#breadcrumb","itemListElement":[{"@type":"ListItem","position":1,"name":"Home","item":"https:\/\/funkembassy.eu\/et\/"},{"@type":"ListItem","position":2,"name":"Pood","item":"https:\/\/funkembassy.eu\/et\/pood\/"},{"@type":"ListItem","position":3,"name":"Groove of ESSR III: Soul, Jazz-Funk &#038; Easy Listening from Estonia"}]},{"@type":"WebSite","@id":"https:\/\/funkembassy.eu\/#website","url":"https:\/\/funkembassy.eu\/","name":"Estonian Funk Embassy","description":"","publisher":{"@id":"https:\/\/funkembassy.eu\/#organization"},"potentialAction":[{"@type":"SearchAction","target":{"@type":"EntryPoint","urlTemplate":"https:\/\/funkembassy.eu\/?s={search_term_string}"},"query-input":{"@type":"PropertyValueSpecification","valueRequired":true,"valueName":"search_term_string"}}],"inLanguage":"et"},{"@type":"Organization","@id":"https:\/\/funkembassy.eu\/#organization","name":"Estonian Funk Embassy","url":"https:\/\/funkembassy.eu\/","logo":{"@type":"ImageObject","inLanguage":"et","@id":"https:\/\/funkembassy.eu\/#\/schema\/logo\/image\/","url":"https:\/\/funkembassy.eu\/wp-content\/uploads\/2025\/04\/estonian_funk_embassy_logo.jpg","contentUrl":"https:\/\/funkembassy.eu\/wp-content\/uploads\/2025\/04\/estonian_funk_embassy_logo.jpg","width":696,"height":696,"caption":"Estonian Funk Embassy"},"image":{"@id":"https:\/\/funkembassy.eu\/#\/schema\/logo\/image\/"},"sameAs":["https:\/\/www.facebook.com\/estonianfunkembassy\/"]}]}},"_links":{"self":[{"href":"https:\/\/funkembassy.eu\/et\/wp-json\/wp\/v2\/product\/5734","targetHints":{"allow":["GET"]}}],"collection":[{"href":"https:\/\/funkembassy.eu\/et\/wp-json\/wp\/v2\/product"}],"about":[{"href":"https:\/\/funkembassy.eu\/et\/wp-json\/wp\/v2\/types\/product"}],"wp:featuredmedia":[{"embeddable":true,"href":"https:\/\/funkembassy.eu\/et\/wp-json\/wp\/v2\/media\/6128"}],"wp:attachment":[{"href":"https:\/\/funkembassy.eu\/et\/wp-json\/wp\/v2\/media?parent=5734"}],"wp:term":[{"taxonomy":"product_brand","embeddable":true,"href":"https:\/\/funkembassy.eu\/et\/wp-json\/wp\/v2\/product_brand?post=5734"},{"taxonomy":"product_cat","embeddable":true,"href":"https:\/\/funkembassy.eu\/et\/wp-json\/wp\/v2\/product_cat?post=5734"},{"taxonomy":"product_tag","embeddable":true,"href":"https:\/\/funkembassy.eu\/et\/wp-json\/wp\/v2\/product_tag?post=5734"}],"curies":[{"name":"wp","href":"https:\/\/api.w.org\/{rel}","templated":true}]}}