{"id":5733,"date":"2025-04-20T10:00:46","date_gmt":"2025-04-20T07:00:46","guid":{"rendered":"https:\/\/funkembassy.eu\/?post_type=product&#038;p=5733"},"modified":"2025-10-27T23:43:03","modified_gmt":"2025-10-27T21:43:03","slug":"reti-blue-hour","status":"publish","type":"product","link":"https:\/\/funkembassy.eu\/et\/toode\/reti-blue-hour\/","title":{"rendered":"RETI &#8211; Blue Hour"},"content":{"rendered":"<p>&#8220;Blue Hour&#8221; on RETI 9-looline deb\u00fc\u00fctalbum. Koost\u00f6\u00f6s produtsendi Martin Laksbergi, b\u00e4ndiliikmete ja k\u00fclalisesinejatega Selektor Studios salvestatud album pakub muusikalise heliriba \u00f5htule v\u00e4ljas. Teekond viib ettevalmistustest, s\u00fcdamevalu ja ennastunustuva tantsuni. Siin kohtuvad Sade, Chaka Khani, Aretha ja Stax plaadifirma m\u00f5jutused souli printsessi RETI nooruse ja energiaga.<\/p>\n<p>Lugude nimekiri:<\/p>\n<p>A1 Complicated<br \/>\nA2 Hurting<br \/>\nA3 Tell Me (Reimagined)<br \/>\nA4 Light My Fire again<br \/>\nA5 My Home<br \/>\nB1 Run Away<br \/>\nB2 Shake<br \/>\nB3 Something Real<br \/>\nB4 Party People<\/p>\n<div><\/div>\n<p><iframe style=\"border: 0; width: 100%; height: 42px;\" src=\"https:\/\/bandcamp.com\/EmbeddedPlayer\/album=1040618790\/size=small\/bgcol=ffffff\/linkcol=0687f5\/transparent=true\/\" seamless=\"\"><a href=\"https:\/\/retiofficial.bandcamp.com\/album\/blue-hour\">Blue Hour by RETI<\/a><\/iframe><\/p>\n","protected":false},"excerpt":{"rendered":"<p>&#8220;Blue Hour&#8221; on RETI 9-looline deb\u00fc\u00fctalbum. Koost\u00f6\u00f6s produtsendi Martin Laksbergi, b\u00e4ndiliikmete ja k\u00fclalisesinejatega Selektor Studios salvestatud album pakub muusikalise heliriba \u00f5htule v\u00e4ljas. Teekond viib ettevalmistustest, s\u00fcdamevalu ja ennastunustuva tantsuni. Siin kohtuvad Sade, Chaka Khani, Aretha ja Stax plaadifirma m\u00f5jutused souli printsessi RETI nooruse ja energiaga. Lugude nimekiri: A1 Complicated A2 Hurting A3 Tell Me (Reimagined)&hellip;<\/p>\n","protected":false},"featured_media":6162,"template":"","meta":{"_acf_changed":false},"product_brand":[],"product_cat":[199,109,120],"product_tag":[],"class_list":{"0":"post-5733","1":"product","2":"type-product","3":"status-publish","4":"has-post-thumbnail","6":"product_cat-muusika-et","7":"product_cat-kategooriata","8":"product_cat-muusika","9":"description-off","11":"first","12":"instock","13":"taxable","14":"shipping-taxable","15":"purchasable","16":"product-type-simple"},"acf":[],"yoast_head":"<!-- This site is optimized with the Yoast SEO plugin v24.8.1 - https:\/\/yoast.com\/wordpress\/plugins\/seo\/ -->\n<title>RETI - Blue Hour - Estonian Funk Embassy<\/title>\n<meta name=\"description\" content=\"Funk Embassy souli printsessi deb\u00fc\u00fctalbum! Osta see enne teisi juba t\u00e4na.\" \/>\n<meta name=\"robots\" content=\"index, follow, max-snippet:-1, max-image-preview:large, max-video-preview:-1\" \/>\n<link rel=\"canonical\" href=\"https:\/\/funkembassy.eu\/et\/toode\/reti-blue-hour\/\" \/>\n<meta property=\"og:locale\" content=\"et_EE\" \/>\n<meta property=\"og:type\" content=\"article\" \/>\n<meta property=\"og:title\" content=\"RETI - Blue Hour - Estonian Funk Embassy\" \/>\n<meta property=\"og:description\" content=\"Funk Embassy souli printsessi deb\u00fc\u00fctalbum! Osta see enne teisi juba t\u00e4na.\" \/>\n<meta property=\"og:url\" content=\"https:\/\/funkembassy.eu\/et\/toode\/reti-blue-hour\/\" \/>\n<meta property=\"og:site_name\" content=\"Estonian Funk Embassy\" \/>\n<meta property=\"article:publisher\" content=\"https:\/\/www.facebook.com\/estonianfunkembassy\/\" \/>\n<meta property=\"article:modified_time\" content=\"2025-10-27T21:43:03+00:00\" \/>\n<meta property=\"og:image\" content=\"https:\/\/funkembassy.eu\/wp-content\/uploads\/2025\/04\/Vinyl-3-2-1024x1024.png\" \/>\n\t<meta property=\"og:image:width\" content=\"1024\" \/>\n\t<meta property=\"og:image:height\" content=\"1024\" \/>\n\t<meta property=\"og:image:type\" content=\"image\/png\" \/>\n<meta name=\"twitter:card\" content=\"summary_large_image\" \/>\n<meta name=\"twitter:label1\" content=\"Est. reading time\" \/>\n\t<meta name=\"twitter:data1\" content=\"1 minut\" \/>\n<script type=\"application\/ld+json\" class=\"yoast-schema-graph\">{\"@context\":\"https:\/\/schema.org\",\"@graph\":[{\"@type\":\"WebPage\",\"@id\":\"https:\/\/funkembassy.eu\/et\/toode\/reti-blue-hour\/\",\"url\":\"https:\/\/funkembassy.eu\/et\/toode\/reti-blue-hour\/\",\"name\":\"RETI - Blue Hour - Estonian Funk Embassy\",\"isPartOf\":{\"@id\":\"https:\/\/funkembassy.eu\/#website\"},\"primaryImageOfPage\":{\"@id\":\"https:\/\/funkembassy.eu\/et\/toode\/reti-blue-hour\/#primaryimage\"},\"image\":{\"@id\":\"https:\/\/funkembassy.eu\/et\/toode\/reti-blue-hour\/#primaryimage\"},\"thumbnailUrl\":\"https:\/\/funkembassy.eu\/wp-content\/uploads\/2025\/04\/Vinyl-3-2.png\",\"datePublished\":\"2025-04-20T07:00:46+00:00\",\"dateModified\":\"2025-10-27T21:43:03+00:00\",\"description\":\"Funk Embassy souli printsessi deb\u00fc\u00fctalbum! Osta see enne teisi juba t\u00e4na.\",\"breadcrumb\":{\"@id\":\"https:\/\/funkembassy.eu\/et\/toode\/reti-blue-hour\/#breadcrumb\"},\"inLanguage\":\"et\",\"potentialAction\":[{\"@type\":\"ReadAction\",\"target\":[\"https:\/\/funkembassy.eu\/et\/toode\/reti-blue-hour\/\"]}]},{\"@type\":\"ImageObject\",\"inLanguage\":\"et\",\"@id\":\"https:\/\/funkembassy.eu\/et\/toode\/reti-blue-hour\/#primaryimage\",\"url\":\"https:\/\/funkembassy.eu\/wp-content\/uploads\/2025\/04\/Vinyl-3-2.png\",\"contentUrl\":\"https:\/\/funkembassy.eu\/wp-content\/uploads\/2025\/04\/Vinyl-3-2.png\",\"width\":3160,\"height\":3160},{\"@type\":\"BreadcrumbList\",\"@id\":\"https:\/\/funkembassy.eu\/et\/toode\/reti-blue-hour\/#breadcrumb\",\"itemListElement\":[{\"@type\":\"ListItem\",\"position\":1,\"name\":\"Home\",\"item\":\"https:\/\/funkembassy.eu\/et\/\"},{\"@type\":\"ListItem\",\"position\":2,\"name\":\"Pood\",\"item\":\"https:\/\/funkembassy.eu\/et\/pood\/\"},{\"@type\":\"ListItem\",\"position\":3,\"name\":\"RETI &#8211; Blue Hour\"}]},{\"@type\":\"WebSite\",\"@id\":\"https:\/\/funkembassy.eu\/#website\",\"url\":\"https:\/\/funkembassy.eu\/\",\"name\":\"Estonian Funk Embassy\",\"description\":\"\",\"publisher\":{\"@id\":\"https:\/\/funkembassy.eu\/#organization\"},\"potentialAction\":[{\"@type\":\"SearchAction\",\"target\":{\"@type\":\"EntryPoint\",\"urlTemplate\":\"https:\/\/funkembassy.eu\/?s={search_term_string}\"},\"query-input\":{\"@type\":\"PropertyValueSpecification\",\"valueRequired\":true,\"valueName\":\"search_term_string\"}}],\"inLanguage\":\"et\"},{\"@type\":\"Organization\",\"@id\":\"https:\/\/funkembassy.eu\/#organization\",\"name\":\"Estonian Funk Embassy\",\"url\":\"https:\/\/funkembassy.eu\/\",\"logo\":{\"@type\":\"ImageObject\",\"inLanguage\":\"et\",\"@id\":\"https:\/\/funkembassy.eu\/#\/schema\/logo\/image\/\",\"url\":\"https:\/\/funkembassy.eu\/wp-content\/uploads\/2025\/04\/estonian_funk_embassy_logo.jpg\",\"contentUrl\":\"https:\/\/funkembassy.eu\/wp-content\/uploads\/2025\/04\/estonian_funk_embassy_logo.jpg\",\"width\":696,\"height\":696,\"caption\":\"Estonian Funk Embassy\"},\"image\":{\"@id\":\"https:\/\/funkembassy.eu\/#\/schema\/logo\/image\/\"},\"sameAs\":[\"https:\/\/www.facebook.com\/estonianfunkembassy\/\"]}]}<\/script>\n<!-- \/ Yoast SEO plugin. -->","yoast_head_json":{"title":"RETI - Blue Hour - Estonian Funk Embassy","description":"Funk Embassy souli printsessi deb\u00fc\u00fctalbum! Osta see enne teisi juba t\u00e4na.","robots":{"index":"index","follow":"follow","max-snippet":"max-snippet:-1","max-image-preview":"max-image-preview:large","max-video-preview":"max-video-preview:-1"},"canonical":"https:\/\/funkembassy.eu\/et\/toode\/reti-blue-hour\/","og_locale":"et_EE","og_type":"article","og_title":"RETI - Blue Hour - Estonian Funk Embassy","og_description":"Funk Embassy souli printsessi deb\u00fc\u00fctalbum! Osta see enne teisi juba t\u00e4na.","og_url":"https:\/\/funkembassy.eu\/et\/toode\/reti-blue-hour\/","og_site_name":"Estonian Funk Embassy","article_publisher":"https:\/\/www.facebook.com\/estonianfunkembassy\/","article_modified_time":"2025-10-27T21:43:03+00:00","og_image":[{"width":1024,"height":1024,"url":"https:\/\/funkembassy.eu\/wp-content\/uploads\/2025\/04\/Vinyl-3-2-1024x1024.png","type":"image\/png"}],"twitter_card":"summary_large_image","twitter_misc":{"Est. reading time":"1 minut"},"schema":{"@context":"https:\/\/schema.org","@graph":[{"@type":"WebPage","@id":"https:\/\/funkembassy.eu\/et\/toode\/reti-blue-hour\/","url":"https:\/\/funkembassy.eu\/et\/toode\/reti-blue-hour\/","name":"RETI - Blue Hour - Estonian Funk Embassy","isPartOf":{"@id":"https:\/\/funkembassy.eu\/#website"},"primaryImageOfPage":{"@id":"https:\/\/funkembassy.eu\/et\/toode\/reti-blue-hour\/#primaryimage"},"image":{"@id":"https:\/\/funkembassy.eu\/et\/toode\/reti-blue-hour\/#primaryimage"},"thumbnailUrl":"https:\/\/funkembassy.eu\/wp-content\/uploads\/2025\/04\/Vinyl-3-2.png","datePublished":"2025-04-20T07:00:46+00:00","dateModified":"2025-10-27T21:43:03+00:00","description":"Funk Embassy souli printsessi deb\u00fc\u00fctalbum! Osta see enne teisi juba t\u00e4na.","breadcrumb":{"@id":"https:\/\/funkembassy.eu\/et\/toode\/reti-blue-hour\/#breadcrumb"},"inLanguage":"et","potentialAction":[{"@type":"ReadAction","target":["https:\/\/funkembassy.eu\/et\/toode\/reti-blue-hour\/"]}]},{"@type":"ImageObject","inLanguage":"et","@id":"https:\/\/funkembassy.eu\/et\/toode\/reti-blue-hour\/#primaryimage","url":"https:\/\/funkembassy.eu\/wp-content\/uploads\/2025\/04\/Vinyl-3-2.png","contentUrl":"https:\/\/funkembassy.eu\/wp-content\/uploads\/2025\/04\/Vinyl-3-2.png","width":3160,"height":3160},{"@type":"BreadcrumbList","@id":"https:\/\/funkembassy.eu\/et\/toode\/reti-blue-hour\/#breadcrumb","itemListElement":[{"@type":"ListItem","position":1,"name":"Home","item":"https:\/\/funkembassy.eu\/et\/"},{"@type":"ListItem","position":2,"name":"Pood","item":"https:\/\/funkembassy.eu\/et\/pood\/"},{"@type":"ListItem","position":3,"name":"RETI &#8211; Blue Hour"}]},{"@type":"WebSite","@id":"https:\/\/funkembassy.eu\/#website","url":"https:\/\/funkembassy.eu\/","name":"Estonian Funk Embassy","description":"","publisher":{"@id":"https:\/\/funkembassy.eu\/#organization"},"potentialAction":[{"@type":"SearchAction","target":{"@type":"EntryPoint","urlTemplate":"https:\/\/funkembassy.eu\/?s={search_term_string}"},"query-input":{"@type":"PropertyValueSpecification","valueRequired":true,"valueName":"search_term_string"}}],"inLanguage":"et"},{"@type":"Organization","@id":"https:\/\/funkembassy.eu\/#organization","name":"Estonian Funk Embassy","url":"https:\/\/funkembassy.eu\/","logo":{"@type":"ImageObject","inLanguage":"et","@id":"https:\/\/funkembassy.eu\/#\/schema\/logo\/image\/","url":"https:\/\/funkembassy.eu\/wp-content\/uploads\/2025\/04\/estonian_funk_embassy_logo.jpg","contentUrl":"https:\/\/funkembassy.eu\/wp-content\/uploads\/2025\/04\/estonian_funk_embassy_logo.jpg","width":696,"height":696,"caption":"Estonian Funk Embassy"},"image":{"@id":"https:\/\/funkembassy.eu\/#\/schema\/logo\/image\/"},"sameAs":["https:\/\/www.facebook.com\/estonianfunkembassy\/"]}]}},"_links":{"self":[{"href":"https:\/\/funkembassy.eu\/et\/wp-json\/wp\/v2\/product\/5733","targetHints":{"allow":["GET"]}}],"collection":[{"href":"https:\/\/funkembassy.eu\/et\/wp-json\/wp\/v2\/product"}],"about":[{"href":"https:\/\/funkembassy.eu\/et\/wp-json\/wp\/v2\/types\/product"}],"wp:featuredmedia":[{"embeddable":true,"href":"https:\/\/funkembassy.eu\/et\/wp-json\/wp\/v2\/media\/6162"}],"wp:attachment":[{"href":"https:\/\/funkembassy.eu\/et\/wp-json\/wp\/v2\/media?parent=5733"}],"wp:term":[{"taxonomy":"product_brand","embeddable":true,"href":"https:\/\/funkembassy.eu\/et\/wp-json\/wp\/v2\/product_brand?post=5733"},{"taxonomy":"product_cat","embeddable":true,"href":"https:\/\/funkembassy.eu\/et\/wp-json\/wp\/v2\/product_cat?post=5733"},{"taxonomy":"product_tag","embeddable":true,"href":"https:\/\/funkembassy.eu\/et\/wp-json\/wp\/v2\/product_tag?post=5733"}],"curies":[{"name":"wp","href":"https:\/\/api.w.org\/{rel}","templated":true}]}}