{"id":5729,"date":"2025-04-20T10:00:06","date_gmt":"2025-04-20T07:00:06","guid":{"rendered":"https:\/\/funkembassy.eu\/?post_type=product&#038;p=5729"},"modified":"2025-10-27T23:20:47","modified_gmt":"2025-10-27T21:20:47","slug":"oige-aeg-roosa-vinuul","status":"publish","type":"product","link":"https:\/\/funkembassy.eu\/et\/toode\/oige-aeg-roosa-vinuul\/","title":{"rendered":"\u00d5ige aeg roosa vin\u00fc\u00fcl"},"content":{"rendered":"<p>Ekslusiivne roosat v\u00e4rvi vin\u00fc\u00fcl, t\u00f5elisele f\u00e4nnile! Ainult m\u00f5ned j\u00e4\u00e4nud!<\/p>\n<p>2023. aastast tegutseva Haldi &amp; ans Flamingo deb\u00fc\u00fctalbum \u201c\u00d5ige aeg\u201d on ilmunud koost\u00f6\u00f6s Funk Embassy plaadifirmaga. Ansambli algataja Haldi V\u00e4lim\u00e4e t\u00e4histab 10. augustil lisaks albumile ka oma 24. s\u00fcnnip\u00e4eva. 6-loolise EP kirjutas ja produtseeris ta koos Mattias Tirmastega. \u201c\u00d5ige aeg\u201d t\u00e4histab eestikeelse <i>soul<\/i>, <i>disco<\/i> ja estraadigruuvi uut tulemist, see on s\u00fcmbioos ajastutest ja ajatusest. J\u00e4tkatakse muusikalist rada, mille kunagi on sisse tallanud Marju Kuut, Els Himma ja Heidy Tamme. Lisaks soovile tabada 1970.-1980. aastate ja modernse muusika helipildi kuldset keskteed, v\u00e4ljendab l\u00fchialbum Haldi ja Mattiase loomingulisi soove ja k\u00e4ekirja, mis v\u00f5iksid leida tee ka kuulaja hinge.<\/p>\n<p>Kontsertidel astub Haldi &amp; ans Flamingo lavale 10-liikmelise koosseisuga. Salvestustele on oma muusikalise panuse andnud kaheksa muusikut. Vokaalidel on Haldi, basskitarril Mattias Tirmaste, trummidel Henrik Leibur, klahvil Oliver Kaljula, kitarril Siim Siimer, perkussioonidel Kristjan Tenso, fl\u00f6\u00f6dil Siim S\u00f5mer ja trompetil Jaan Mesi. Albumi salvestus toimus toonmeister Sten-Olle Moldau k\u00e4e all. Plaadi instrumentaalpartiid salvestati Raplas, Susi Stuudios. Produtsent Tirmaste r\u00e4\u00e4gib protsessist: \u201cSalvestasime otsast l\u00f5puni ansambliga, ilma metronoomita ehk tempod k\u00f5iguvad. See on elav organism, j\u00e4tsime palju vigu sisse.\u201d\u00a0 Hiljem laulis Haldi vokaalseaded sisse Sindi Seltsimaja v\u00e4rskelt valminud uues saalis.<\/p>\n<p><iframe style=\"border: 0; width: 100%; height: 42px;\" src=\"https:\/\/bandcamp.com\/EmbeddedPlayer\/album=4133548013\/size=small\/bgcol=ffffff\/linkcol=0687f5\/transparent=true\/\" seamless><a href=\"https:\/\/haldiansflamingo.bandcamp.com\/album\/ige-aeg\">\u00d5ige aeg by Haldi &amp; ans Flamingo<\/a><\/iframe><\/p>\n","protected":false},"excerpt":{"rendered":"<p>Ekslusiivne roosat v\u00e4rvi vin\u00fc\u00fcl, t\u00f5elisele f\u00e4nnile! Ainult m\u00f5ned j\u00e4\u00e4nud! 2023. aastast tegutseva Haldi &amp; ans Flamingo deb\u00fc\u00fctalbum \u201c\u00d5ige aeg\u201d on ilmunud koost\u00f6\u00f6s Funk Embassy plaadifirmaga. Ansambli algataja Haldi V\u00e4lim\u00e4e t\u00e4histab 10. augustil lisaks albumile ka oma 24. s\u00fcnnip\u00e4eva. 6-loolise EP kirjutas ja produtseeris ta koos Mattias Tirmastega. \u201c\u00d5ige aeg\u201d t\u00e4histab eestikeelse soul, disco ja estraadigruuvi&hellip;<\/p>\n","protected":false},"featured_media":5738,"template":"","meta":{"_acf_changed":false},"product_brand":[],"product_cat":[119,120],"product_tag":[],"class_list":{"0":"post-5729","1":"product","2":"type-product","3":"status-publish","4":"has-post-thumbnail","6":"product_cat-haldi-ans-flamingo-et","7":"product_cat-muusika","8":"description-off","10":"first","11":"instock","12":"taxable","13":"shipping-taxable","14":"purchasable","15":"product-type-simple"},"acf":[],"yoast_head":"<!-- This site is optimized with the Yoast SEO plugin v24.8.1 - https:\/\/yoast.com\/wordpress\/plugins\/seo\/ -->\n<title>\u00d5ige aeg roosa vin\u00fc\u00fcl - Estonian Funk Embassy<\/title>\n<meta name=\"robots\" content=\"index, follow, max-snippet:-1, max-image-preview:large, max-video-preview:-1\" \/>\n<link rel=\"canonical\" href=\"https:\/\/funkembassy.eu\/et\/toode\/oige-aeg-roosa-vinuul\/\" \/>\n<meta property=\"og:locale\" content=\"et_EE\" \/>\n<meta property=\"og:type\" content=\"article\" \/>\n<meta property=\"og:title\" content=\"\u00d5ige aeg roosa vin\u00fc\u00fcl - Estonian Funk Embassy\" \/>\n<meta property=\"og:description\" content=\"Ekslusiivne roosat v\u00e4rvi vin\u00fc\u00fcl, t\u00f5elisele f\u00e4nnile! Ainult m\u00f5ned j\u00e4\u00e4nud! 2023. aastast tegutseva Haldi &amp; ans Flamingo deb\u00fc\u00fctalbum \u201c\u00d5ige aeg\u201d on ilmunud koost\u00f6\u00f6s Funk Embassy plaadifirmaga. Ansambli algataja Haldi V\u00e4lim\u00e4e t\u00e4histab 10. augustil lisaks albumile ka oma 24. s\u00fcnnip\u00e4eva. 6-loolise EP kirjutas ja produtseeris ta koos Mattias Tirmastega. \u201c\u00d5ige aeg\u201d t\u00e4histab eestikeelse soul, disco ja estraadigruuvi&hellip;\" \/>\n<meta property=\"og:url\" content=\"https:\/\/funkembassy.eu\/et\/toode\/oige-aeg-roosa-vinuul\/\" \/>\n<meta property=\"og:site_name\" content=\"Estonian Funk Embassy\" \/>\n<meta property=\"article:publisher\" content=\"https:\/\/www.facebook.com\/estonianfunkembassy\/\" \/>\n<meta property=\"article:modified_time\" content=\"2025-10-27T21:20:47+00:00\" \/>\n<meta property=\"og:image\" content=\"https:\/\/funkembassy.eu\/wp-content\/uploads\/2025\/04\/Oigeaeg_roosavinuul_-4-scaled.jpg\" \/>\n\t<meta property=\"og:image:width\" content=\"2560\" \/>\n\t<meta property=\"og:image:height\" content=\"1707\" \/>\n\t<meta property=\"og:image:type\" content=\"image\/jpeg\" \/>\n<meta name=\"twitter:card\" content=\"summary_large_image\" \/>\n<meta name=\"twitter:label1\" content=\"Est. reading time\" \/>\n\t<meta name=\"twitter:data1\" content=\"2 minutit\" \/>\n<script type=\"application\/ld+json\" class=\"yoast-schema-graph\">{\"@context\":\"https:\/\/schema.org\",\"@graph\":[{\"@type\":\"WebPage\",\"@id\":\"https:\/\/funkembassy.eu\/et\/toode\/oige-aeg-roosa-vinuul\/\",\"url\":\"https:\/\/funkembassy.eu\/et\/toode\/oige-aeg-roosa-vinuul\/\",\"name\":\"\u00d5ige aeg roosa vin\u00fc\u00fcl - Estonian Funk Embassy\",\"isPartOf\":{\"@id\":\"https:\/\/funkembassy.eu\/#website\"},\"primaryImageOfPage\":{\"@id\":\"https:\/\/funkembassy.eu\/et\/toode\/oige-aeg-roosa-vinuul\/#primaryimage\"},\"image\":{\"@id\":\"https:\/\/funkembassy.eu\/et\/toode\/oige-aeg-roosa-vinuul\/#primaryimage\"},\"thumbnailUrl\":\"https:\/\/funkembassy.eu\/wp-content\/uploads\/2025\/04\/Oigeaeg_roosavinuul_-4-scaled.jpg\",\"datePublished\":\"2025-04-20T07:00:06+00:00\",\"dateModified\":\"2025-10-27T21:20:47+00:00\",\"breadcrumb\":{\"@id\":\"https:\/\/funkembassy.eu\/et\/toode\/oige-aeg-roosa-vinuul\/#breadcrumb\"},\"inLanguage\":\"et\",\"potentialAction\":[{\"@type\":\"ReadAction\",\"target\":[\"https:\/\/funkembassy.eu\/et\/toode\/oige-aeg-roosa-vinuul\/\"]}]},{\"@type\":\"ImageObject\",\"inLanguage\":\"et\",\"@id\":\"https:\/\/funkembassy.eu\/et\/toode\/oige-aeg-roosa-vinuul\/#primaryimage\",\"url\":\"https:\/\/funkembassy.eu\/wp-content\/uploads\/2025\/04\/Oigeaeg_roosavinuul_-4-scaled.jpg\",\"contentUrl\":\"https:\/\/funkembassy.eu\/wp-content\/uploads\/2025\/04\/Oigeaeg_roosavinuul_-4-scaled.jpg\",\"width\":2560,\"height\":1707},{\"@type\":\"BreadcrumbList\",\"@id\":\"https:\/\/funkembassy.eu\/et\/toode\/oige-aeg-roosa-vinuul\/#breadcrumb\",\"itemListElement\":[{\"@type\":\"ListItem\",\"position\":1,\"name\":\"Home\",\"item\":\"https:\/\/funkembassy.eu\/et\/\"},{\"@type\":\"ListItem\",\"position\":2,\"name\":\"Pood\",\"item\":\"https:\/\/funkembassy.eu\/et\/pood\/\"},{\"@type\":\"ListItem\",\"position\":3,\"name\":\"\u00d5ige aeg roosa vin\u00fc\u00fcl\"}]},{\"@type\":\"WebSite\",\"@id\":\"https:\/\/funkembassy.eu\/#website\",\"url\":\"https:\/\/funkembassy.eu\/\",\"name\":\"Estonian Funk Embassy\",\"description\":\"\",\"publisher\":{\"@id\":\"https:\/\/funkembassy.eu\/#organization\"},\"potentialAction\":[{\"@type\":\"SearchAction\",\"target\":{\"@type\":\"EntryPoint\",\"urlTemplate\":\"https:\/\/funkembassy.eu\/?s={search_term_string}\"},\"query-input\":{\"@type\":\"PropertyValueSpecification\",\"valueRequired\":true,\"valueName\":\"search_term_string\"}}],\"inLanguage\":\"et\"},{\"@type\":\"Organization\",\"@id\":\"https:\/\/funkembassy.eu\/#organization\",\"name\":\"Estonian Funk Embassy\",\"url\":\"https:\/\/funkembassy.eu\/\",\"logo\":{\"@type\":\"ImageObject\",\"inLanguage\":\"et\",\"@id\":\"https:\/\/funkembassy.eu\/#\/schema\/logo\/image\/\",\"url\":\"https:\/\/funkembassy.eu\/wp-content\/uploads\/2025\/04\/estonian_funk_embassy_logo.jpg\",\"contentUrl\":\"https:\/\/funkembassy.eu\/wp-content\/uploads\/2025\/04\/estonian_funk_embassy_logo.jpg\",\"width\":696,\"height\":696,\"caption\":\"Estonian Funk Embassy\"},\"image\":{\"@id\":\"https:\/\/funkembassy.eu\/#\/schema\/logo\/image\/\"},\"sameAs\":[\"https:\/\/www.facebook.com\/estonianfunkembassy\/\"]}]}<\/script>\n<!-- \/ Yoast SEO plugin. -->","yoast_head_json":{"title":"\u00d5ige aeg roosa vin\u00fc\u00fcl - Estonian Funk Embassy","robots":{"index":"index","follow":"follow","max-snippet":"max-snippet:-1","max-image-preview":"max-image-preview:large","max-video-preview":"max-video-preview:-1"},"canonical":"https:\/\/funkembassy.eu\/et\/toode\/oige-aeg-roosa-vinuul\/","og_locale":"et_EE","og_type":"article","og_title":"\u00d5ige aeg roosa vin\u00fc\u00fcl - Estonian Funk Embassy","og_description":"Ekslusiivne roosat v\u00e4rvi vin\u00fc\u00fcl, t\u00f5elisele f\u00e4nnile! Ainult m\u00f5ned j\u00e4\u00e4nud! 2023. aastast tegutseva Haldi &amp; ans Flamingo deb\u00fc\u00fctalbum \u201c\u00d5ige aeg\u201d on ilmunud koost\u00f6\u00f6s Funk Embassy plaadifirmaga. Ansambli algataja Haldi V\u00e4lim\u00e4e t\u00e4histab 10. augustil lisaks albumile ka oma 24. s\u00fcnnip\u00e4eva. 6-loolise EP kirjutas ja produtseeris ta koos Mattias Tirmastega. \u201c\u00d5ige aeg\u201d t\u00e4histab eestikeelse soul, disco ja estraadigruuvi&hellip;","og_url":"https:\/\/funkembassy.eu\/et\/toode\/oige-aeg-roosa-vinuul\/","og_site_name":"Estonian Funk Embassy","article_publisher":"https:\/\/www.facebook.com\/estonianfunkembassy\/","article_modified_time":"2025-10-27T21:20:47+00:00","og_image":[{"width":2560,"height":1707,"url":"https:\/\/funkembassy.eu\/wp-content\/uploads\/2025\/04\/Oigeaeg_roosavinuul_-4-scaled.jpg","type":"image\/jpeg"}],"twitter_card":"summary_large_image","twitter_misc":{"Est. reading time":"2 minutit"},"schema":{"@context":"https:\/\/schema.org","@graph":[{"@type":"WebPage","@id":"https:\/\/funkembassy.eu\/et\/toode\/oige-aeg-roosa-vinuul\/","url":"https:\/\/funkembassy.eu\/et\/toode\/oige-aeg-roosa-vinuul\/","name":"\u00d5ige aeg roosa vin\u00fc\u00fcl - Estonian Funk Embassy","isPartOf":{"@id":"https:\/\/funkembassy.eu\/#website"},"primaryImageOfPage":{"@id":"https:\/\/funkembassy.eu\/et\/toode\/oige-aeg-roosa-vinuul\/#primaryimage"},"image":{"@id":"https:\/\/funkembassy.eu\/et\/toode\/oige-aeg-roosa-vinuul\/#primaryimage"},"thumbnailUrl":"https:\/\/funkembassy.eu\/wp-content\/uploads\/2025\/04\/Oigeaeg_roosavinuul_-4-scaled.jpg","datePublished":"2025-04-20T07:00:06+00:00","dateModified":"2025-10-27T21:20:47+00:00","breadcrumb":{"@id":"https:\/\/funkembassy.eu\/et\/toode\/oige-aeg-roosa-vinuul\/#breadcrumb"},"inLanguage":"et","potentialAction":[{"@type":"ReadAction","target":["https:\/\/funkembassy.eu\/et\/toode\/oige-aeg-roosa-vinuul\/"]}]},{"@type":"ImageObject","inLanguage":"et","@id":"https:\/\/funkembassy.eu\/et\/toode\/oige-aeg-roosa-vinuul\/#primaryimage","url":"https:\/\/funkembassy.eu\/wp-content\/uploads\/2025\/04\/Oigeaeg_roosavinuul_-4-scaled.jpg","contentUrl":"https:\/\/funkembassy.eu\/wp-content\/uploads\/2025\/04\/Oigeaeg_roosavinuul_-4-scaled.jpg","width":2560,"height":1707},{"@type":"BreadcrumbList","@id":"https:\/\/funkembassy.eu\/et\/toode\/oige-aeg-roosa-vinuul\/#breadcrumb","itemListElement":[{"@type":"ListItem","position":1,"name":"Home","item":"https:\/\/funkembassy.eu\/et\/"},{"@type":"ListItem","position":2,"name":"Pood","item":"https:\/\/funkembassy.eu\/et\/pood\/"},{"@type":"ListItem","position":3,"name":"\u00d5ige aeg roosa vin\u00fc\u00fcl"}]},{"@type":"WebSite","@id":"https:\/\/funkembassy.eu\/#website","url":"https:\/\/funkembassy.eu\/","name":"Estonian Funk Embassy","description":"","publisher":{"@id":"https:\/\/funkembassy.eu\/#organization"},"potentialAction":[{"@type":"SearchAction","target":{"@type":"EntryPoint","urlTemplate":"https:\/\/funkembassy.eu\/?s={search_term_string}"},"query-input":{"@type":"PropertyValueSpecification","valueRequired":true,"valueName":"search_term_string"}}],"inLanguage":"et"},{"@type":"Organization","@id":"https:\/\/funkembassy.eu\/#organization","name":"Estonian Funk Embassy","url":"https:\/\/funkembassy.eu\/","logo":{"@type":"ImageObject","inLanguage":"et","@id":"https:\/\/funkembassy.eu\/#\/schema\/logo\/image\/","url":"https:\/\/funkembassy.eu\/wp-content\/uploads\/2025\/04\/estonian_funk_embassy_logo.jpg","contentUrl":"https:\/\/funkembassy.eu\/wp-content\/uploads\/2025\/04\/estonian_funk_embassy_logo.jpg","width":696,"height":696,"caption":"Estonian Funk Embassy"},"image":{"@id":"https:\/\/funkembassy.eu\/#\/schema\/logo\/image\/"},"sameAs":["https:\/\/www.facebook.com\/estonianfunkembassy\/"]}]}},"_links":{"self":[{"href":"https:\/\/funkembassy.eu\/et\/wp-json\/wp\/v2\/product\/5729","targetHints":{"allow":["GET"]}}],"collection":[{"href":"https:\/\/funkembassy.eu\/et\/wp-json\/wp\/v2\/product"}],"about":[{"href":"https:\/\/funkembassy.eu\/et\/wp-json\/wp\/v2\/types\/product"}],"wp:featuredmedia":[{"embeddable":true,"href":"https:\/\/funkembassy.eu\/et\/wp-json\/wp\/v2\/media\/5738"}],"wp:attachment":[{"href":"https:\/\/funkembassy.eu\/et\/wp-json\/wp\/v2\/media?parent=5729"}],"wp:term":[{"taxonomy":"product_brand","embeddable":true,"href":"https:\/\/funkembassy.eu\/et\/wp-json\/wp\/v2\/product_brand?post=5729"},{"taxonomy":"product_cat","embeddable":true,"href":"https:\/\/funkembassy.eu\/et\/wp-json\/wp\/v2\/product_cat?post=5729"},{"taxonomy":"product_tag","embeddable":true,"href":"https:\/\/funkembassy.eu\/et\/wp-json\/wp\/v2\/product_tag?post=5729"}],"curies":[{"name":"wp","href":"https:\/\/api.w.org\/{rel}","templated":true}]}}