{"id":5579,"date":"2025-04-04T11:40:09","date_gmt":"2025-04-04T08:40:09","guid":{"rendered":"https:\/\/funkembassy.eu\/?post_type=product&#038;p=5579"},"modified":"2025-04-04T11:44:43","modified_gmt":"2025-04-04T08:44:43","slug":"rita-ray-x-estookin-maaliprint","status":"publish","type":"product","link":"https:\/\/funkembassy.eu\/et\/toode\/rita-ray-x-estookin-maaliprint\/","title":{"rendered":"Rita Ray x Estookin maaliprint"},"content":{"rendered":"<p>Rita Ray x Estookin maaliprint<\/p>\n<p>Digimaalija Estookin: \u201eMaalid s\u00fcndisid eksperimendi korras, kus kuulasin kogu maalimise k\u00e4igus eranditult pildil oleva artisti muusikat. Muusikast inspiratsiooni ammutades l\u00f5in lavastatud portreesid, mis astuvad intiimsesse dialoogi abstraktsete maastikega, mis esitavad kunstniku n\u00e4gemuse igast muusikust ja nende muusikast.&#8221;<\/p>\n<p>K\u00f5rgekvaliteetne maaliprint on tr\u00fckitud l\u00e4ikivale lamineeritud fotosatiinile, m\u00f5\u00f5dud 500x500mm.<\/p>\n","protected":false},"excerpt":{"rendered":"<p>Rita Ray x Estookin maaliprint Digimaalija Estookin: \u201eMaalid s\u00fcndisid eksperimendi korras, kus kuulasin kogu maalimise k\u00e4igus eranditult pildil oleva artisti muusikat. Muusikast inspiratsiooni ammutades l\u00f5in lavastatud portreesid, mis astuvad intiimsesse dialoogi abstraktsete maastikega, mis esitavad kunstniku n\u00e4gemuse igast muusikust ja nende muusikast.&#8221; K\u00f5rgekvaliteetne maaliprint on tr\u00fckitud l\u00e4ikivale lamineeritud fotosatiinile, m\u00f5\u00f5dud 500x500mm.<\/p>\n","protected":false},"featured_media":5081,"template":"","meta":{"_acf_changed":false},"product_brand":[],"product_cat":[122],"product_tag":[],"class_list":{"0":"post-5579","1":"product","2":"type-product","3":"status-publish","4":"has-post-thumbnail","6":"product_cat-kaubad","7":"description-off","9":"first","10":"instock","11":"taxable","12":"shipping-taxable","13":"purchasable","14":"product-type-simple"},"acf":[],"yoast_head":"<!-- This site is optimized with the Yoast SEO plugin v24.8.1 - https:\/\/yoast.com\/wordpress\/plugins\/seo\/ -->\n<title>Rita Ray x Estookin maaliprint - Estonian Funk Embassy<\/title>\n<meta name=\"robots\" content=\"index, follow, max-snippet:-1, max-image-preview:large, max-video-preview:-1\" \/>\n<link rel=\"canonical\" href=\"https:\/\/funkembassy.eu\/et\/toode\/rita-ray-x-estookin-maaliprint\/\" \/>\n<meta property=\"og:locale\" content=\"et_EE\" \/>\n<meta property=\"og:type\" content=\"article\" \/>\n<meta property=\"og:title\" content=\"Rita Ray x Estookin maaliprint - Estonian Funk Embassy\" \/>\n<meta property=\"og:description\" content=\"Rita Ray x Estookin maaliprint Digimaalija Estookin: \u201eMaalid s\u00fcndisid eksperimendi korras, kus kuulasin kogu maalimise k\u00e4igus eranditult pildil oleva artisti muusikat. Muusikast inspiratsiooni ammutades l\u00f5in lavastatud portreesid, mis astuvad intiimsesse dialoogi abstraktsete maastikega, mis esitavad kunstniku n\u00e4gemuse igast muusikust ja nende muusikast.&#8221; K\u00f5rgekvaliteetne maaliprint on tr\u00fckitud l\u00e4ikivale lamineeritud fotosatiinile, m\u00f5\u00f5dud 500x500mm.\" \/>\n<meta property=\"og:url\" content=\"https:\/\/funkembassy.eu\/et\/toode\/rita-ray-x-estookin-maaliprint\/\" \/>\n<meta property=\"og:site_name\" content=\"Estonian Funk Embassy\" \/>\n<meta property=\"article:publisher\" content=\"https:\/\/www.facebook.com\/estonianfunkembassy\/\" \/>\n<meta property=\"article:modified_time\" content=\"2025-04-04T08:44:43+00:00\" \/>\n<meta property=\"og:image\" content=\"https:\/\/funkembassy.eu\/wp-content\/uploads\/2025\/03\/Estookin-x-Rita-Ray_artwork-print-scaled-1.jpg\" \/>\n\t<meta property=\"og:image:width\" content=\"2560\" \/>\n\t<meta property=\"og:image:height\" content=\"2560\" \/>\n\t<meta property=\"og:image:type\" content=\"image\/jpeg\" \/>\n<meta name=\"twitter:card\" content=\"summary_large_image\" \/>\n<meta name=\"twitter:label1\" content=\"Est. reading time\" \/>\n\t<meta name=\"twitter:data1\" content=\"1 minut\" \/>\n<script type=\"application\/ld+json\" class=\"yoast-schema-graph\">{\"@context\":\"https:\/\/schema.org\",\"@graph\":[{\"@type\":\"WebPage\",\"@id\":\"https:\/\/funkembassy.eu\/et\/toode\/rita-ray-x-estookin-maaliprint\/\",\"url\":\"https:\/\/funkembassy.eu\/et\/toode\/rita-ray-x-estookin-maaliprint\/\",\"name\":\"Rita Ray x Estookin maaliprint - Estonian Funk Embassy\",\"isPartOf\":{\"@id\":\"https:\/\/funkembassy.eu\/#website\"},\"primaryImageOfPage\":{\"@id\":\"https:\/\/funkembassy.eu\/et\/toode\/rita-ray-x-estookin-maaliprint\/#primaryimage\"},\"image\":{\"@id\":\"https:\/\/funkembassy.eu\/et\/toode\/rita-ray-x-estookin-maaliprint\/#primaryimage\"},\"thumbnailUrl\":\"https:\/\/funkembassy.eu\/wp-content\/uploads\/2025\/03\/Estookin-x-Rita-Ray_artwork-print-scaled-1.jpg\",\"datePublished\":\"2025-04-04T08:40:09+00:00\",\"dateModified\":\"2025-04-04T08:44:43+00:00\",\"breadcrumb\":{\"@id\":\"https:\/\/funkembassy.eu\/et\/toode\/rita-ray-x-estookin-maaliprint\/#breadcrumb\"},\"inLanguage\":\"et\",\"potentialAction\":[{\"@type\":\"ReadAction\",\"target\":[\"https:\/\/funkembassy.eu\/et\/toode\/rita-ray-x-estookin-maaliprint\/\"]}]},{\"@type\":\"ImageObject\",\"inLanguage\":\"et\",\"@id\":\"https:\/\/funkembassy.eu\/et\/toode\/rita-ray-x-estookin-maaliprint\/#primaryimage\",\"url\":\"https:\/\/funkembassy.eu\/wp-content\/uploads\/2025\/03\/Estookin-x-Rita-Ray_artwork-print-scaled-1.jpg\",\"contentUrl\":\"https:\/\/funkembassy.eu\/wp-content\/uploads\/2025\/03\/Estookin-x-Rita-Ray_artwork-print-scaled-1.jpg\",\"width\":2560,\"height\":2560},{\"@type\":\"BreadcrumbList\",\"@id\":\"https:\/\/funkembassy.eu\/et\/toode\/rita-ray-x-estookin-maaliprint\/#breadcrumb\",\"itemListElement\":[{\"@type\":\"ListItem\",\"position\":1,\"name\":\"Home\",\"item\":\"https:\/\/funkembassy.eu\/et\/\"},{\"@type\":\"ListItem\",\"position\":2,\"name\":\"Pood\",\"item\":\"https:\/\/funkembassy.eu\/et\/pood\/\"},{\"@type\":\"ListItem\",\"position\":3,\"name\":\"Rita Ray x Estookin maaliprint\"}]},{\"@type\":\"WebSite\",\"@id\":\"https:\/\/funkembassy.eu\/#website\",\"url\":\"https:\/\/funkembassy.eu\/\",\"name\":\"Estonian Funk Embassy\",\"description\":\"\",\"publisher\":{\"@id\":\"https:\/\/funkembassy.eu\/#organization\"},\"potentialAction\":[{\"@type\":\"SearchAction\",\"target\":{\"@type\":\"EntryPoint\",\"urlTemplate\":\"https:\/\/funkembassy.eu\/?s={search_term_string}\"},\"query-input\":{\"@type\":\"PropertyValueSpecification\",\"valueRequired\":true,\"valueName\":\"search_term_string\"}}],\"inLanguage\":\"et\"},{\"@type\":\"Organization\",\"@id\":\"https:\/\/funkembassy.eu\/#organization\",\"name\":\"Estonian Funk Embassy\",\"url\":\"https:\/\/funkembassy.eu\/\",\"logo\":{\"@type\":\"ImageObject\",\"inLanguage\":\"et\",\"@id\":\"https:\/\/funkembassy.eu\/#\/schema\/logo\/image\/\",\"url\":\"https:\/\/funkembassy.eu\/wp-content\/uploads\/2025\/04\/estonian_funk_embassy_logo.jpg\",\"contentUrl\":\"https:\/\/funkembassy.eu\/wp-content\/uploads\/2025\/04\/estonian_funk_embassy_logo.jpg\",\"width\":696,\"height\":696,\"caption\":\"Estonian Funk Embassy\"},\"image\":{\"@id\":\"https:\/\/funkembassy.eu\/#\/schema\/logo\/image\/\"},\"sameAs\":[\"https:\/\/www.facebook.com\/estonianfunkembassy\/\"]}]}<\/script>\n<!-- \/ Yoast SEO plugin. -->","yoast_head_json":{"title":"Rita Ray x Estookin maaliprint - Estonian Funk Embassy","robots":{"index":"index","follow":"follow","max-snippet":"max-snippet:-1","max-image-preview":"max-image-preview:large","max-video-preview":"max-video-preview:-1"},"canonical":"https:\/\/funkembassy.eu\/et\/toode\/rita-ray-x-estookin-maaliprint\/","og_locale":"et_EE","og_type":"article","og_title":"Rita Ray x Estookin maaliprint - Estonian Funk Embassy","og_description":"Rita Ray x Estookin maaliprint Digimaalija Estookin: \u201eMaalid s\u00fcndisid eksperimendi korras, kus kuulasin kogu maalimise k\u00e4igus eranditult pildil oleva artisti muusikat. Muusikast inspiratsiooni ammutades l\u00f5in lavastatud portreesid, mis astuvad intiimsesse dialoogi abstraktsete maastikega, mis esitavad kunstniku n\u00e4gemuse igast muusikust ja nende muusikast.&#8221; K\u00f5rgekvaliteetne maaliprint on tr\u00fckitud l\u00e4ikivale lamineeritud fotosatiinile, m\u00f5\u00f5dud 500x500mm.","og_url":"https:\/\/funkembassy.eu\/et\/toode\/rita-ray-x-estookin-maaliprint\/","og_site_name":"Estonian Funk Embassy","article_publisher":"https:\/\/www.facebook.com\/estonianfunkembassy\/","article_modified_time":"2025-04-04T08:44:43+00:00","og_image":[{"width":2560,"height":2560,"url":"https:\/\/funkembassy.eu\/wp-content\/uploads\/2025\/03\/Estookin-x-Rita-Ray_artwork-print-scaled-1.jpg","type":"image\/jpeg"}],"twitter_card":"summary_large_image","twitter_misc":{"Est. reading time":"1 minut"},"schema":{"@context":"https:\/\/schema.org","@graph":[{"@type":"WebPage","@id":"https:\/\/funkembassy.eu\/et\/toode\/rita-ray-x-estookin-maaliprint\/","url":"https:\/\/funkembassy.eu\/et\/toode\/rita-ray-x-estookin-maaliprint\/","name":"Rita Ray x Estookin maaliprint - Estonian Funk Embassy","isPartOf":{"@id":"https:\/\/funkembassy.eu\/#website"},"primaryImageOfPage":{"@id":"https:\/\/funkembassy.eu\/et\/toode\/rita-ray-x-estookin-maaliprint\/#primaryimage"},"image":{"@id":"https:\/\/funkembassy.eu\/et\/toode\/rita-ray-x-estookin-maaliprint\/#primaryimage"},"thumbnailUrl":"https:\/\/funkembassy.eu\/wp-content\/uploads\/2025\/03\/Estookin-x-Rita-Ray_artwork-print-scaled-1.jpg","datePublished":"2025-04-04T08:40:09+00:00","dateModified":"2025-04-04T08:44:43+00:00","breadcrumb":{"@id":"https:\/\/funkembassy.eu\/et\/toode\/rita-ray-x-estookin-maaliprint\/#breadcrumb"},"inLanguage":"et","potentialAction":[{"@type":"ReadAction","target":["https:\/\/funkembassy.eu\/et\/toode\/rita-ray-x-estookin-maaliprint\/"]}]},{"@type":"ImageObject","inLanguage":"et","@id":"https:\/\/funkembassy.eu\/et\/toode\/rita-ray-x-estookin-maaliprint\/#primaryimage","url":"https:\/\/funkembassy.eu\/wp-content\/uploads\/2025\/03\/Estookin-x-Rita-Ray_artwork-print-scaled-1.jpg","contentUrl":"https:\/\/funkembassy.eu\/wp-content\/uploads\/2025\/03\/Estookin-x-Rita-Ray_artwork-print-scaled-1.jpg","width":2560,"height":2560},{"@type":"BreadcrumbList","@id":"https:\/\/funkembassy.eu\/et\/toode\/rita-ray-x-estookin-maaliprint\/#breadcrumb","itemListElement":[{"@type":"ListItem","position":1,"name":"Home","item":"https:\/\/funkembassy.eu\/et\/"},{"@type":"ListItem","position":2,"name":"Pood","item":"https:\/\/funkembassy.eu\/et\/pood\/"},{"@type":"ListItem","position":3,"name":"Rita Ray x Estookin maaliprint"}]},{"@type":"WebSite","@id":"https:\/\/funkembassy.eu\/#website","url":"https:\/\/funkembassy.eu\/","name":"Estonian Funk Embassy","description":"","publisher":{"@id":"https:\/\/funkembassy.eu\/#organization"},"potentialAction":[{"@type":"SearchAction","target":{"@type":"EntryPoint","urlTemplate":"https:\/\/funkembassy.eu\/?s={search_term_string}"},"query-input":{"@type":"PropertyValueSpecification","valueRequired":true,"valueName":"search_term_string"}}],"inLanguage":"et"},{"@type":"Organization","@id":"https:\/\/funkembassy.eu\/#organization","name":"Estonian Funk Embassy","url":"https:\/\/funkembassy.eu\/","logo":{"@type":"ImageObject","inLanguage":"et","@id":"https:\/\/funkembassy.eu\/#\/schema\/logo\/image\/","url":"https:\/\/funkembassy.eu\/wp-content\/uploads\/2025\/04\/estonian_funk_embassy_logo.jpg","contentUrl":"https:\/\/funkembassy.eu\/wp-content\/uploads\/2025\/04\/estonian_funk_embassy_logo.jpg","width":696,"height":696,"caption":"Estonian Funk Embassy"},"image":{"@id":"https:\/\/funkembassy.eu\/#\/schema\/logo\/image\/"},"sameAs":["https:\/\/www.facebook.com\/estonianfunkembassy\/"]}]}},"_links":{"self":[{"href":"https:\/\/funkembassy.eu\/et\/wp-json\/wp\/v2\/product\/5579","targetHints":{"allow":["GET"]}}],"collection":[{"href":"https:\/\/funkembassy.eu\/et\/wp-json\/wp\/v2\/product"}],"about":[{"href":"https:\/\/funkembassy.eu\/et\/wp-json\/wp\/v2\/types\/product"}],"wp:featuredmedia":[{"embeddable":true,"href":"https:\/\/funkembassy.eu\/et\/wp-json\/wp\/v2\/media\/5081"}],"wp:attachment":[{"href":"https:\/\/funkembassy.eu\/et\/wp-json\/wp\/v2\/media?parent=5579"}],"wp:term":[{"taxonomy":"product_brand","embeddable":true,"href":"https:\/\/funkembassy.eu\/et\/wp-json\/wp\/v2\/product_brand?post=5579"},{"taxonomy":"product_cat","embeddable":true,"href":"https:\/\/funkembassy.eu\/et\/wp-json\/wp\/v2\/product_cat?post=5579"},{"taxonomy":"product_tag","embeddable":true,"href":"https:\/\/funkembassy.eu\/et\/wp-json\/wp\/v2\/product_tag?post=5579"}],"curies":[{"name":"wp","href":"https:\/\/api.w.org\/{rel}","templated":true}]}}