{"id":5550,"date":"2025-04-04T10:58:54","date_gmt":"2025-04-04T07:58:54","guid":{"rendered":"https:\/\/funkembassy.eu\/?post_type=product&#038;p=5550"},"modified":"2025-10-27T23:38:20","modified_gmt":"2025-10-27T21:38:20","slug":"silky-steps-universal-language-vinuul","status":"publish","type":"product","link":"https:\/\/funkembassy.eu\/et\/toode\/silky-steps-universal-language-vinuul\/","title":{"rendered":"Silky Steps \u2013 Universal Language vin\u00fc\u00fcl"},"content":{"rendered":"<p>Silky Steps\u00a0\u00fcllitas aasta plaadifirma\u00a0<strong>Funk Embassy<\/strong>alt kauam\u00e4ngiva\u00a0<strong>\u201cUniversal Language.\u201d<\/strong>. Vin\u00fc\u00fclil ja digitaalselt ilmunud album astub\u00a0<strong>uuekooli soul, funk ja disko<\/strong>\u00a0muusika radadel. Nimele omaselt v\u00f5ib uut muusikat nautida mitmet moodi, arvab produtsent Ivo Leesar: \u201dSeal on lugusid, mille saatel Pirita teel p\u00e4ikeseloojangusse s\u00f5ita; teisi, mille saatel pimedas, higises klubis silmad kinni tantsida; ka selliseid, mida \u00f6\u00f6sel kahekesi kuulata samal ajal kui tegelete asjadega; ja ridu, mida kuulata kui sa oled kurb v\u00f5i s\u00fcda valutab.\u201d<\/p>\n<p>\u201cUniversal Language\u201d sisaldab 10 pala, millest kolm anti kevade jooksul singlina v\u00e4lja. Positiivne tagasiside Silky Steps loomingule on tulnud k\u00f5ikjalt,\u00a0<strong>\u201cFly, Goodbye\u201d<\/strong>\u00a0s.h ka\u00a0<strong>BBC6\u00a0raadio<\/strong>\u00a0\u00fches kuulatuimas\u00a0<strong>Cerys Matthews<\/strong>\u00a0saates. Et pidu saaks t\u00f5eliselt peetud, siis kutsuti plaadile teiste seas\u00a0<strong>Robert Linna ansamblist Lexsoul Dancemachine<\/strong>\u00a0,\u00a0<strong>MC Roki<\/strong>\u00a0,\u00a0<strong>Rahel.<\/strong>\u00a0Oma ootustes j\u00e4\u00e4b b\u00e4nd siiski rahulikuks.\u00a0<strong>Kitarrist ja albumi maitsekujundajaid Siim Siimer<\/strong>\u00a0meenutab kuidas \u201820 a. M\u00e4gede H\u00e4\u00e4lelt tagasi s\u00f5ites l\u00e4ks Lexsouli lugu \u201cMoney\u201d seitsmendat korda peale: \u201dIga suvi on kodumaiseid lugusid, mis \u00f5itsevad meie toredas skeenes. Ma loodan v\u00e4ga, et siit plaadilt tuleb ka v\u00e4hemalt \u00fcks lugu, mis annaks seda r\u00f5\u00f5mu, mida me too n\u00e4dalavahetus tundsime.\u201d<\/p>\n<p><iframe style=\"border: 0; width: 100%; height: 42px;\" src=\"https:\/\/bandcamp.com\/EmbeddedPlayer\/album=2961750686\/size=small\/bgcol=ffffff\/linkcol=0687f5\/transparent=true\/\" seamless><a href=\"https:\/\/silkysteps.bandcamp.com\/album\/universal-language\">Universal Language by Silky Steps<\/a><\/iframe><\/p>\n","protected":false},"excerpt":{"rendered":"<p>Silky Steps\u00a0\u00fcllitas aasta plaadifirma\u00a0Funk Embassyalt kauam\u00e4ngiva\u00a0\u201cUniversal Language.\u201d. Vin\u00fc\u00fclil ja digitaalselt ilmunud album astub\u00a0uuekooli soul, funk ja disko\u00a0muusika radadel. Nimele omaselt v\u00f5ib uut muusikat nautida mitmet moodi, arvab produtsent Ivo Leesar: \u201dSeal on lugusid, mille saatel Pirita teel p\u00e4ikeseloojangusse s\u00f5ita; teisi, mille saatel pimedas, higises klubis silmad kinni tantsida; ka selliseid, mida \u00f6\u00f6sel kahekesi kuulata samal&hellip;<\/p>\n","protected":false},"featured_media":5781,"template":"","meta":{"_acf_changed":false},"product_brand":[],"product_cat":[120],"product_tag":[],"class_list":{"0":"post-5550","1":"product","2":"type-product","3":"status-publish","4":"has-post-thumbnail","6":"product_cat-muusika","7":"description-off","9":"first","10":"instock","11":"taxable","12":"shipping-taxable","13":"purchasable","14":"product-type-simple"},"acf":[],"yoast_head":"<!-- This site is optimized with the Yoast SEO plugin v24.8.1 - https:\/\/yoast.com\/wordpress\/plugins\/seo\/ -->\n<title>Silky Steps \u2013 Universal Language vin\u00fc\u00fcl - Estonian Funk Embassy<\/title>\n<meta name=\"robots\" content=\"index, follow, max-snippet:-1, max-image-preview:large, max-video-preview:-1\" \/>\n<link rel=\"canonical\" href=\"https:\/\/funkembassy.eu\/et\/toode\/silky-steps-universal-language-vinuul\/\" \/>\n<meta property=\"og:locale\" content=\"et_EE\" \/>\n<meta property=\"og:type\" content=\"article\" \/>\n<meta property=\"og:title\" content=\"Silky Steps \u2013 Universal Language vin\u00fc\u00fcl - Estonian Funk Embassy\" \/>\n<meta property=\"og:description\" content=\"Silky Steps\u00a0\u00fcllitas aasta plaadifirma\u00a0Funk Embassyalt kauam\u00e4ngiva\u00a0\u201cUniversal Language.\u201d. Vin\u00fc\u00fclil ja digitaalselt ilmunud album astub\u00a0uuekooli soul, funk ja disko\u00a0muusika radadel. Nimele omaselt v\u00f5ib uut muusikat nautida mitmet moodi, arvab produtsent Ivo Leesar: \u201dSeal on lugusid, mille saatel Pirita teel p\u00e4ikeseloojangusse s\u00f5ita; teisi, mille saatel pimedas, higises klubis silmad kinni tantsida; ka selliseid, mida \u00f6\u00f6sel kahekesi kuulata samal&hellip;\" \/>\n<meta property=\"og:url\" content=\"https:\/\/funkembassy.eu\/et\/toode\/silky-steps-universal-language-vinuul\/\" \/>\n<meta property=\"og:site_name\" content=\"Estonian Funk Embassy\" \/>\n<meta property=\"article:publisher\" content=\"https:\/\/www.facebook.com\/estonianfunkembassy\/\" \/>\n<meta property=\"article:modified_time\" content=\"2025-10-27T21:38:20+00:00\" \/>\n<meta property=\"og:image\" content=\"https:\/\/funkembassy.eu\/wp-content\/uploads\/2025\/04\/silky-1024x1024.png\" \/>\n\t<meta property=\"og:image:width\" content=\"1024\" \/>\n\t<meta property=\"og:image:height\" content=\"1024\" \/>\n\t<meta property=\"og:image:type\" content=\"image\/png\" \/>\n<meta name=\"twitter:card\" content=\"summary_large_image\" \/>\n<meta name=\"twitter:label1\" content=\"Est. reading time\" \/>\n\t<meta name=\"twitter:data1\" content=\"1 minut\" \/>\n<script type=\"application\/ld+json\" class=\"yoast-schema-graph\">{\"@context\":\"https:\/\/schema.org\",\"@graph\":[{\"@type\":\"WebPage\",\"@id\":\"https:\/\/funkembassy.eu\/et\/toode\/silky-steps-universal-language-vinuul\/\",\"url\":\"https:\/\/funkembassy.eu\/et\/toode\/silky-steps-universal-language-vinuul\/\",\"name\":\"Silky Steps \u2013 Universal Language vin\u00fc\u00fcl - Estonian Funk Embassy\",\"isPartOf\":{\"@id\":\"https:\/\/funkembassy.eu\/#website\"},\"primaryImageOfPage\":{\"@id\":\"https:\/\/funkembassy.eu\/et\/toode\/silky-steps-universal-language-vinuul\/#primaryimage\"},\"image\":{\"@id\":\"https:\/\/funkembassy.eu\/et\/toode\/silky-steps-universal-language-vinuul\/#primaryimage\"},\"thumbnailUrl\":\"https:\/\/funkembassy.eu\/wp-content\/uploads\/2025\/04\/silky.png\",\"datePublished\":\"2025-04-04T07:58:54+00:00\",\"dateModified\":\"2025-10-27T21:38:20+00:00\",\"breadcrumb\":{\"@id\":\"https:\/\/funkembassy.eu\/et\/toode\/silky-steps-universal-language-vinuul\/#breadcrumb\"},\"inLanguage\":\"et\",\"potentialAction\":[{\"@type\":\"ReadAction\",\"target\":[\"https:\/\/funkembassy.eu\/et\/toode\/silky-steps-universal-language-vinuul\/\"]}]},{\"@type\":\"ImageObject\",\"inLanguage\":\"et\",\"@id\":\"https:\/\/funkembassy.eu\/et\/toode\/silky-steps-universal-language-vinuul\/#primaryimage\",\"url\":\"https:\/\/funkembassy.eu\/wp-content\/uploads\/2025\/04\/silky.png\",\"contentUrl\":\"https:\/\/funkembassy.eu\/wp-content\/uploads\/2025\/04\/silky.png\",\"width\":3160,\"height\":3160},{\"@type\":\"BreadcrumbList\",\"@id\":\"https:\/\/funkembassy.eu\/et\/toode\/silky-steps-universal-language-vinuul\/#breadcrumb\",\"itemListElement\":[{\"@type\":\"ListItem\",\"position\":1,\"name\":\"Home\",\"item\":\"https:\/\/funkembassy.eu\/et\/\"},{\"@type\":\"ListItem\",\"position\":2,\"name\":\"Pood\",\"item\":\"https:\/\/funkembassy.eu\/et\/pood\/\"},{\"@type\":\"ListItem\",\"position\":3,\"name\":\"Silky Steps \u2013 Universal Language vin\u00fc\u00fcl\"}]},{\"@type\":\"WebSite\",\"@id\":\"https:\/\/funkembassy.eu\/#website\",\"url\":\"https:\/\/funkembassy.eu\/\",\"name\":\"Estonian Funk Embassy\",\"description\":\"\",\"publisher\":{\"@id\":\"https:\/\/funkembassy.eu\/#organization\"},\"potentialAction\":[{\"@type\":\"SearchAction\",\"target\":{\"@type\":\"EntryPoint\",\"urlTemplate\":\"https:\/\/funkembassy.eu\/?s={search_term_string}\"},\"query-input\":{\"@type\":\"PropertyValueSpecification\",\"valueRequired\":true,\"valueName\":\"search_term_string\"}}],\"inLanguage\":\"et\"},{\"@type\":\"Organization\",\"@id\":\"https:\/\/funkembassy.eu\/#organization\",\"name\":\"Estonian Funk Embassy\",\"url\":\"https:\/\/funkembassy.eu\/\",\"logo\":{\"@type\":\"ImageObject\",\"inLanguage\":\"et\",\"@id\":\"https:\/\/funkembassy.eu\/#\/schema\/logo\/image\/\",\"url\":\"https:\/\/funkembassy.eu\/wp-content\/uploads\/2025\/04\/estonian_funk_embassy_logo.jpg\",\"contentUrl\":\"https:\/\/funkembassy.eu\/wp-content\/uploads\/2025\/04\/estonian_funk_embassy_logo.jpg\",\"width\":696,\"height\":696,\"caption\":\"Estonian Funk Embassy\"},\"image\":{\"@id\":\"https:\/\/funkembassy.eu\/#\/schema\/logo\/image\/\"},\"sameAs\":[\"https:\/\/www.facebook.com\/estonianfunkembassy\/\"]}]}<\/script>\n<!-- \/ Yoast SEO plugin. -->","yoast_head_json":{"title":"Silky Steps \u2013 Universal Language vin\u00fc\u00fcl - Estonian Funk Embassy","robots":{"index":"index","follow":"follow","max-snippet":"max-snippet:-1","max-image-preview":"max-image-preview:large","max-video-preview":"max-video-preview:-1"},"canonical":"https:\/\/funkembassy.eu\/et\/toode\/silky-steps-universal-language-vinuul\/","og_locale":"et_EE","og_type":"article","og_title":"Silky Steps \u2013 Universal Language vin\u00fc\u00fcl - Estonian Funk Embassy","og_description":"Silky Steps\u00a0\u00fcllitas aasta plaadifirma\u00a0Funk Embassyalt kauam\u00e4ngiva\u00a0\u201cUniversal Language.\u201d. Vin\u00fc\u00fclil ja digitaalselt ilmunud album astub\u00a0uuekooli soul, funk ja disko\u00a0muusika radadel. Nimele omaselt v\u00f5ib uut muusikat nautida mitmet moodi, arvab produtsent Ivo Leesar: \u201dSeal on lugusid, mille saatel Pirita teel p\u00e4ikeseloojangusse s\u00f5ita; teisi, mille saatel pimedas, higises klubis silmad kinni tantsida; ka selliseid, mida \u00f6\u00f6sel kahekesi kuulata samal&hellip;","og_url":"https:\/\/funkembassy.eu\/et\/toode\/silky-steps-universal-language-vinuul\/","og_site_name":"Estonian Funk Embassy","article_publisher":"https:\/\/www.facebook.com\/estonianfunkembassy\/","article_modified_time":"2025-10-27T21:38:20+00:00","og_image":[{"width":1024,"height":1024,"url":"https:\/\/funkembassy.eu\/wp-content\/uploads\/2025\/04\/silky-1024x1024.png","type":"image\/png"}],"twitter_card":"summary_large_image","twitter_misc":{"Est. reading time":"1 minut"},"schema":{"@context":"https:\/\/schema.org","@graph":[{"@type":"WebPage","@id":"https:\/\/funkembassy.eu\/et\/toode\/silky-steps-universal-language-vinuul\/","url":"https:\/\/funkembassy.eu\/et\/toode\/silky-steps-universal-language-vinuul\/","name":"Silky Steps \u2013 Universal Language vin\u00fc\u00fcl - Estonian Funk Embassy","isPartOf":{"@id":"https:\/\/funkembassy.eu\/#website"},"primaryImageOfPage":{"@id":"https:\/\/funkembassy.eu\/et\/toode\/silky-steps-universal-language-vinuul\/#primaryimage"},"image":{"@id":"https:\/\/funkembassy.eu\/et\/toode\/silky-steps-universal-language-vinuul\/#primaryimage"},"thumbnailUrl":"https:\/\/funkembassy.eu\/wp-content\/uploads\/2025\/04\/silky.png","datePublished":"2025-04-04T07:58:54+00:00","dateModified":"2025-10-27T21:38:20+00:00","breadcrumb":{"@id":"https:\/\/funkembassy.eu\/et\/toode\/silky-steps-universal-language-vinuul\/#breadcrumb"},"inLanguage":"et","potentialAction":[{"@type":"ReadAction","target":["https:\/\/funkembassy.eu\/et\/toode\/silky-steps-universal-language-vinuul\/"]}]},{"@type":"ImageObject","inLanguage":"et","@id":"https:\/\/funkembassy.eu\/et\/toode\/silky-steps-universal-language-vinuul\/#primaryimage","url":"https:\/\/funkembassy.eu\/wp-content\/uploads\/2025\/04\/silky.png","contentUrl":"https:\/\/funkembassy.eu\/wp-content\/uploads\/2025\/04\/silky.png","width":3160,"height":3160},{"@type":"BreadcrumbList","@id":"https:\/\/funkembassy.eu\/et\/toode\/silky-steps-universal-language-vinuul\/#breadcrumb","itemListElement":[{"@type":"ListItem","position":1,"name":"Home","item":"https:\/\/funkembassy.eu\/et\/"},{"@type":"ListItem","position":2,"name":"Pood","item":"https:\/\/funkembassy.eu\/et\/pood\/"},{"@type":"ListItem","position":3,"name":"Silky Steps \u2013 Universal Language vin\u00fc\u00fcl"}]},{"@type":"WebSite","@id":"https:\/\/funkembassy.eu\/#website","url":"https:\/\/funkembassy.eu\/","name":"Estonian Funk Embassy","description":"","publisher":{"@id":"https:\/\/funkembassy.eu\/#organization"},"potentialAction":[{"@type":"SearchAction","target":{"@type":"EntryPoint","urlTemplate":"https:\/\/funkembassy.eu\/?s={search_term_string}"},"query-input":{"@type":"PropertyValueSpecification","valueRequired":true,"valueName":"search_term_string"}}],"inLanguage":"et"},{"@type":"Organization","@id":"https:\/\/funkembassy.eu\/#organization","name":"Estonian Funk Embassy","url":"https:\/\/funkembassy.eu\/","logo":{"@type":"ImageObject","inLanguage":"et","@id":"https:\/\/funkembassy.eu\/#\/schema\/logo\/image\/","url":"https:\/\/funkembassy.eu\/wp-content\/uploads\/2025\/04\/estonian_funk_embassy_logo.jpg","contentUrl":"https:\/\/funkembassy.eu\/wp-content\/uploads\/2025\/04\/estonian_funk_embassy_logo.jpg","width":696,"height":696,"caption":"Estonian Funk Embassy"},"image":{"@id":"https:\/\/funkembassy.eu\/#\/schema\/logo\/image\/"},"sameAs":["https:\/\/www.facebook.com\/estonianfunkembassy\/"]}]}},"_links":{"self":[{"href":"https:\/\/funkembassy.eu\/et\/wp-json\/wp\/v2\/product\/5550","targetHints":{"allow":["GET"]}}],"collection":[{"href":"https:\/\/funkembassy.eu\/et\/wp-json\/wp\/v2\/product"}],"about":[{"href":"https:\/\/funkembassy.eu\/et\/wp-json\/wp\/v2\/types\/product"}],"wp:featuredmedia":[{"embeddable":true,"href":"https:\/\/funkembassy.eu\/et\/wp-json\/wp\/v2\/media\/5781"}],"wp:attachment":[{"href":"https:\/\/funkembassy.eu\/et\/wp-json\/wp\/v2\/media?parent=5550"}],"wp:term":[{"taxonomy":"product_brand","embeddable":true,"href":"https:\/\/funkembassy.eu\/et\/wp-json\/wp\/v2\/product_brand?post=5550"},{"taxonomy":"product_cat","embeddable":true,"href":"https:\/\/funkembassy.eu\/et\/wp-json\/wp\/v2\/product_cat?post=5550"},{"taxonomy":"product_tag","embeddable":true,"href":"https:\/\/funkembassy.eu\/et\/wp-json\/wp\/v2\/product_tag?post=5550"}],"curies":[{"name":"wp","href":"https:\/\/api.w.org\/{rel}","templated":true}]}}