{"id":5544,"date":"2025-04-04T10:38:04","date_gmt":"2025-04-04T07:38:04","guid":{"rendered":"https:\/\/funkembassy.eu\/?post_type=product&#038;p=5544"},"modified":"2026-02-03T12:06:24","modified_gmt":"2026-02-03T10:06:24","slug":"rita-ray-old-love-will-rust-cd","status":"publish","type":"product","link":"https:\/\/funkembassy.eu\/et\/toode\/rita-ray-old-love-will-rust-cd\/","title":{"rendered":"Rita Ray &#8211; Old Love Will Rust CD"},"content":{"rendered":"<p>Algse sinise kujundusega deb\u00fc\u00fctalbumi 4. v\u00e4ljaanne, mis sisaldab laulus\u00f5nu ja tiitreid.<\/p>\n<div class=\"tralbumData tralbum-about\">\n<p>Eestist p\u00e4rit laulja-helilooja Rita Ray deb\u00fc\u00fctalbum pakatab v\u00f5imsa ja sooja vokaali ning karge produktsiooniga. \u201cOld Love Will Rust\u201d annab praegusele skeenele juurde 8 hingel\u00e4hedast lugu: sellel on aeglasem, klassikaline R&amp;B k\u00fclg ja tempokas diskopala, mis hoiab asjad tasakaalus. Sinisilmne soul pole l\u00e4bi aegade varem nii tugevalt k\u00f5lanud!<\/p>\n<\/div>\n<p><iframe style=\"border: 0; width: 100%; height: 42px;\" src=\"https:\/\/bandcamp.com\/EmbeddedPlayer\/album=4156132795\/size=small\/bgcol=ffffff\/linkcol=0687f5\/transparent=true\/\" seamless=\"\"><a href=\"https:\/\/ritaray.bandcamp.com\/album\/old-love-will-rust\">Old Love Will Rust by Rita Ray<\/a><\/iframe><\/p>\n","protected":false},"excerpt":{"rendered":"<p>Algse sinise kujundusega deb\u00fc\u00fctalbumi 4. v\u00e4ljaanne, mis sisaldab laulus\u00f5nu ja tiitreid. Eestist p\u00e4rit laulja-helilooja Rita Ray deb\u00fc\u00fctalbum pakatab v\u00f5imsa ja sooja vokaali ning karge produktsiooniga. \u201cOld Love Will Rust\u201d annab praegusele skeenele juurde 8 hingel\u00e4hedast lugu: sellel on aeglasem, klassikaline R&amp;B k\u00fclg ja tempokas diskopala, mis hoiab asjad tasakaalus. Sinisilmne soul pole l\u00e4bi aegade varem&hellip;<\/p>\n","protected":false},"featured_media":6503,"template":"","meta":{"_acf_changed":false},"product_brand":[],"product_cat":[120],"product_tag":[],"class_list":{"0":"post-5544","1":"product","2":"type-product","3":"status-publish","4":"has-post-thumbnail","6":"product_cat-muusika","7":"description-off","9":"first","10":"instock","11":"taxable","12":"shipping-taxable","13":"purchasable","14":"product-type-simple"},"acf":[],"yoast_head":"<!-- This site is optimized with the Yoast SEO plugin v24.8.1 - https:\/\/yoast.com\/wordpress\/plugins\/seo\/ -->\n<title>Rita Ray - Old Love Will Rust CD - Estonian Funk Embassy<\/title>\n<meta name=\"robots\" content=\"index, follow, max-snippet:-1, max-image-preview:large, max-video-preview:-1\" \/>\n<link rel=\"canonical\" href=\"https:\/\/funkembassy.eu\/et\/toode\/rita-ray-old-love-will-rust-cd\/\" \/>\n<meta property=\"og:locale\" content=\"et_EE\" \/>\n<meta property=\"og:type\" content=\"article\" \/>\n<meta property=\"og:title\" content=\"Rita Ray - Old Love Will Rust CD - Estonian Funk Embassy\" \/>\n<meta property=\"og:description\" content=\"Algse sinise kujundusega deb\u00fc\u00fctalbumi 4. v\u00e4ljaanne, mis sisaldab laulus\u00f5nu ja tiitreid. Eestist p\u00e4rit laulja-helilooja Rita Ray deb\u00fc\u00fctalbum pakatab v\u00f5imsa ja sooja vokaali ning karge produktsiooniga. \u201cOld Love Will Rust\u201d annab praegusele skeenele juurde 8 hingel\u00e4hedast lugu: sellel on aeglasem, klassikaline R&amp;B k\u00fclg ja tempokas diskopala, mis hoiab asjad tasakaalus. Sinisilmne soul pole l\u00e4bi aegade varem&hellip;\" \/>\n<meta property=\"og:url\" content=\"https:\/\/funkembassy.eu\/et\/toode\/rita-ray-old-love-will-rust-cd\/\" \/>\n<meta property=\"og:site_name\" content=\"Estonian Funk Embassy\" \/>\n<meta property=\"article:publisher\" content=\"https:\/\/www.facebook.com\/estonianfunkembassy\/\" \/>\n<meta property=\"article:modified_time\" content=\"2026-02-03T10:06:24+00:00\" \/>\n<meta property=\"og:image\" content=\"https:\/\/funkembassy.eu\/wp-content\/uploads\/2025\/04\/Vinyl-1-2-1024x1024.png\" \/>\n\t<meta property=\"og:image:width\" content=\"1024\" \/>\n\t<meta property=\"og:image:height\" content=\"1024\" \/>\n\t<meta property=\"og:image:type\" content=\"image\/png\" \/>\n<meta name=\"twitter:card\" content=\"summary_large_image\" \/>\n<meta name=\"twitter:label1\" content=\"Est. reading time\" \/>\n\t<meta name=\"twitter:data1\" content=\"1 minut\" \/>\n<script type=\"application\/ld+json\" class=\"yoast-schema-graph\">{\"@context\":\"https:\/\/schema.org\",\"@graph\":[{\"@type\":\"WebPage\",\"@id\":\"https:\/\/funkembassy.eu\/et\/toode\/rita-ray-old-love-will-rust-cd\/\",\"url\":\"https:\/\/funkembassy.eu\/et\/toode\/rita-ray-old-love-will-rust-cd\/\",\"name\":\"Rita Ray - Old Love Will Rust CD - Estonian Funk Embassy\",\"isPartOf\":{\"@id\":\"https:\/\/funkembassy.eu\/#website\"},\"primaryImageOfPage\":{\"@id\":\"https:\/\/funkembassy.eu\/et\/toode\/rita-ray-old-love-will-rust-cd\/#primaryimage\"},\"image\":{\"@id\":\"https:\/\/funkembassy.eu\/et\/toode\/rita-ray-old-love-will-rust-cd\/#primaryimage\"},\"thumbnailUrl\":\"https:\/\/funkembassy.eu\/wp-content\/uploads\/2025\/04\/RitaCD.png\",\"datePublished\":\"2025-04-04T07:38:04+00:00\",\"dateModified\":\"2026-02-03T10:06:24+00:00\",\"breadcrumb\":{\"@id\":\"https:\/\/funkembassy.eu\/et\/toode\/rita-ray-old-love-will-rust-cd\/#breadcrumb\"},\"inLanguage\":\"et\",\"potentialAction\":[{\"@type\":\"ReadAction\",\"target\":[\"https:\/\/funkembassy.eu\/et\/toode\/rita-ray-old-love-will-rust-cd\/\"]}]},{\"@type\":\"ImageObject\",\"inLanguage\":\"et\",\"@id\":\"https:\/\/funkembassy.eu\/et\/toode\/rita-ray-old-love-will-rust-cd\/#primaryimage\",\"url\":\"https:\/\/funkembassy.eu\/wp-content\/uploads\/2025\/04\/RitaCD.png\",\"contentUrl\":\"https:\/\/funkembassy.eu\/wp-content\/uploads\/2025\/04\/RitaCD.png\",\"width\":3160,\"height\":3160},{\"@type\":\"BreadcrumbList\",\"@id\":\"https:\/\/funkembassy.eu\/et\/toode\/rita-ray-old-love-will-rust-cd\/#breadcrumb\",\"itemListElement\":[{\"@type\":\"ListItem\",\"position\":1,\"name\":\"Home\",\"item\":\"https:\/\/funkembassy.eu\/et\/\"},{\"@type\":\"ListItem\",\"position\":2,\"name\":\"Pood\",\"item\":\"https:\/\/funkembassy.eu\/et\/pood\/\"},{\"@type\":\"ListItem\",\"position\":3,\"name\":\"Rita Ray &#8211; Old Love Will Rust CD\"}]},{\"@type\":\"WebSite\",\"@id\":\"https:\/\/funkembassy.eu\/#website\",\"url\":\"https:\/\/funkembassy.eu\/\",\"name\":\"Estonian Funk Embassy\",\"description\":\"\",\"publisher\":{\"@id\":\"https:\/\/funkembassy.eu\/#organization\"},\"potentialAction\":[{\"@type\":\"SearchAction\",\"target\":{\"@type\":\"EntryPoint\",\"urlTemplate\":\"https:\/\/funkembassy.eu\/?s={search_term_string}\"},\"query-input\":{\"@type\":\"PropertyValueSpecification\",\"valueRequired\":true,\"valueName\":\"search_term_string\"}}],\"inLanguage\":\"et\"},{\"@type\":\"Organization\",\"@id\":\"https:\/\/funkembassy.eu\/#organization\",\"name\":\"Estonian Funk Embassy\",\"url\":\"https:\/\/funkembassy.eu\/\",\"logo\":{\"@type\":\"ImageObject\",\"inLanguage\":\"et\",\"@id\":\"https:\/\/funkembassy.eu\/#\/schema\/logo\/image\/\",\"url\":\"https:\/\/funkembassy.eu\/wp-content\/uploads\/2025\/04\/estonian_funk_embassy_logo.jpg\",\"contentUrl\":\"https:\/\/funkembassy.eu\/wp-content\/uploads\/2025\/04\/estonian_funk_embassy_logo.jpg\",\"width\":696,\"height\":696,\"caption\":\"Estonian Funk Embassy\"},\"image\":{\"@id\":\"https:\/\/funkembassy.eu\/#\/schema\/logo\/image\/\"},\"sameAs\":[\"https:\/\/www.facebook.com\/estonianfunkembassy\/\"]}]}<\/script>\n<!-- \/ Yoast SEO plugin. -->","yoast_head_json":{"title":"Rita Ray - Old Love Will Rust CD - Estonian Funk Embassy","robots":{"index":"index","follow":"follow","max-snippet":"max-snippet:-1","max-image-preview":"max-image-preview:large","max-video-preview":"max-video-preview:-1"},"canonical":"https:\/\/funkembassy.eu\/et\/toode\/rita-ray-old-love-will-rust-cd\/","og_locale":"et_EE","og_type":"article","og_title":"Rita Ray - Old Love Will Rust CD - Estonian Funk Embassy","og_description":"Algse sinise kujundusega deb\u00fc\u00fctalbumi 4. v\u00e4ljaanne, mis sisaldab laulus\u00f5nu ja tiitreid. Eestist p\u00e4rit laulja-helilooja Rita Ray deb\u00fc\u00fctalbum pakatab v\u00f5imsa ja sooja vokaali ning karge produktsiooniga. \u201cOld Love Will Rust\u201d annab praegusele skeenele juurde 8 hingel\u00e4hedast lugu: sellel on aeglasem, klassikaline R&amp;B k\u00fclg ja tempokas diskopala, mis hoiab asjad tasakaalus. Sinisilmne soul pole l\u00e4bi aegade varem&hellip;","og_url":"https:\/\/funkembassy.eu\/et\/toode\/rita-ray-old-love-will-rust-cd\/","og_site_name":"Estonian Funk Embassy","article_publisher":"https:\/\/www.facebook.com\/estonianfunkembassy\/","article_modified_time":"2026-02-03T10:06:24+00:00","og_image":[{"width":1024,"height":1024,"url":"https:\/\/funkembassy.eu\/wp-content\/uploads\/2025\/04\/Vinyl-1-2-1024x1024.png","type":"image\/png"}],"twitter_card":"summary_large_image","twitter_misc":{"Est. reading time":"1 minut"},"schema":{"@context":"https:\/\/schema.org","@graph":[{"@type":"WebPage","@id":"https:\/\/funkembassy.eu\/et\/toode\/rita-ray-old-love-will-rust-cd\/","url":"https:\/\/funkembassy.eu\/et\/toode\/rita-ray-old-love-will-rust-cd\/","name":"Rita Ray - Old Love Will Rust CD - Estonian Funk Embassy","isPartOf":{"@id":"https:\/\/funkembassy.eu\/#website"},"primaryImageOfPage":{"@id":"https:\/\/funkembassy.eu\/et\/toode\/rita-ray-old-love-will-rust-cd\/#primaryimage"},"image":{"@id":"https:\/\/funkembassy.eu\/et\/toode\/rita-ray-old-love-will-rust-cd\/#primaryimage"},"thumbnailUrl":"https:\/\/funkembassy.eu\/wp-content\/uploads\/2025\/04\/RitaCD.png","datePublished":"2025-04-04T07:38:04+00:00","dateModified":"2026-02-03T10:06:24+00:00","breadcrumb":{"@id":"https:\/\/funkembassy.eu\/et\/toode\/rita-ray-old-love-will-rust-cd\/#breadcrumb"},"inLanguage":"et","potentialAction":[{"@type":"ReadAction","target":["https:\/\/funkembassy.eu\/et\/toode\/rita-ray-old-love-will-rust-cd\/"]}]},{"@type":"ImageObject","inLanguage":"et","@id":"https:\/\/funkembassy.eu\/et\/toode\/rita-ray-old-love-will-rust-cd\/#primaryimage","url":"https:\/\/funkembassy.eu\/wp-content\/uploads\/2025\/04\/RitaCD.png","contentUrl":"https:\/\/funkembassy.eu\/wp-content\/uploads\/2025\/04\/RitaCD.png","width":3160,"height":3160},{"@type":"BreadcrumbList","@id":"https:\/\/funkembassy.eu\/et\/toode\/rita-ray-old-love-will-rust-cd\/#breadcrumb","itemListElement":[{"@type":"ListItem","position":1,"name":"Home","item":"https:\/\/funkembassy.eu\/et\/"},{"@type":"ListItem","position":2,"name":"Pood","item":"https:\/\/funkembassy.eu\/et\/pood\/"},{"@type":"ListItem","position":3,"name":"Rita Ray &#8211; Old Love Will Rust CD"}]},{"@type":"WebSite","@id":"https:\/\/funkembassy.eu\/#website","url":"https:\/\/funkembassy.eu\/","name":"Estonian Funk Embassy","description":"","publisher":{"@id":"https:\/\/funkembassy.eu\/#organization"},"potentialAction":[{"@type":"SearchAction","target":{"@type":"EntryPoint","urlTemplate":"https:\/\/funkembassy.eu\/?s={search_term_string}"},"query-input":{"@type":"PropertyValueSpecification","valueRequired":true,"valueName":"search_term_string"}}],"inLanguage":"et"},{"@type":"Organization","@id":"https:\/\/funkembassy.eu\/#organization","name":"Estonian Funk Embassy","url":"https:\/\/funkembassy.eu\/","logo":{"@type":"ImageObject","inLanguage":"et","@id":"https:\/\/funkembassy.eu\/#\/schema\/logo\/image\/","url":"https:\/\/funkembassy.eu\/wp-content\/uploads\/2025\/04\/estonian_funk_embassy_logo.jpg","contentUrl":"https:\/\/funkembassy.eu\/wp-content\/uploads\/2025\/04\/estonian_funk_embassy_logo.jpg","width":696,"height":696,"caption":"Estonian Funk Embassy"},"image":{"@id":"https:\/\/funkembassy.eu\/#\/schema\/logo\/image\/"},"sameAs":["https:\/\/www.facebook.com\/estonianfunkembassy\/"]}]}},"_links":{"self":[{"href":"https:\/\/funkembassy.eu\/et\/wp-json\/wp\/v2\/product\/5544","targetHints":{"allow":["GET"]}}],"collection":[{"href":"https:\/\/funkembassy.eu\/et\/wp-json\/wp\/v2\/product"}],"about":[{"href":"https:\/\/funkembassy.eu\/et\/wp-json\/wp\/v2\/types\/product"}],"wp:featuredmedia":[{"embeddable":true,"href":"https:\/\/funkembassy.eu\/et\/wp-json\/wp\/v2\/media\/6503"}],"wp:attachment":[{"href":"https:\/\/funkembassy.eu\/et\/wp-json\/wp\/v2\/media?parent=5544"}],"wp:term":[{"taxonomy":"product_brand","embeddable":true,"href":"https:\/\/funkembassy.eu\/et\/wp-json\/wp\/v2\/product_brand?post=5544"},{"taxonomy":"product_cat","embeddable":true,"href":"https:\/\/funkembassy.eu\/et\/wp-json\/wp\/v2\/product_cat?post=5544"},{"taxonomy":"product_tag","embeddable":true,"href":"https:\/\/funkembassy.eu\/et\/wp-json\/wp\/v2\/product_tag?post=5544"}],"curies":[{"name":"wp","href":"https:\/\/api.w.org\/{rel}","templated":true}]}}