{"id":5442,"date":"2025-04-03T11:19:13","date_gmt":"2025-04-03T08:19:13","guid":{"rendered":"https:\/\/funkembassy.eu\/?post_type=product&#038;p=5442"},"modified":"2025-10-27T23:24:56","modified_gmt":"2025-10-27T21:24:56","slug":"rita-ray-a-life-of-its-own-cd","status":"publish","type":"product","link":"https:\/\/funkembassy.eu\/et\/toode\/rita-ray-a-life-of-its-own-cd\/","title":{"rendered":"Rita Ray -A Life of Its Own CD"},"content":{"rendered":"<p>Stiili ja armuga Rita Ray kutsub teid oma isiklikku ruumi. Nautige Eesti R&amp;B ja souli kroonijuveeli orkestreeritud teekonda. Kinematograafiliste keelpilliseadete ja vintaa\u017eiliku instrumentatsiooniga \u2013 teine album \u201cA Life of Its Own\u201d on elukestva suhte armulaps Miss Ray ja tema esmaklassilise b\u00e4ndi muusikaga.<\/p>\n<p>Alates deb\u00fc\u00fctalbumist\u00a0\u201cOld Love Will Rust\u201d\u00a02019. aastal on Rita Ray nautinud pidevat t\u00f5usu t\u00e4nap\u00e4eva soulimaastikul. Tema laulude kirjutamine, h\u00e4\u00e4l ja suurejooneline produtsendit\u00f6\u00f6 stuudios ning live-seade on iluasi. V\u00f5rreldes Aretha Franklini, Bill Withersi ja Duffyga, v\u00f5ib julgelt \u00f6elda, et ta on leidnud oma ainulaadse esteetika. V\u00e4ikelinna neiul on v\u00f5imalus panna teid tundma r\u00f5\u00f5mu ja valu. Seda tunnustati Eesti Jazziauhindade jagamisel, andes 2021. aastal Ritale \u00fcle tunnustuse \u201cAasta noor jazzitalent\u201d.<\/p>\n<p><iframe style=\"border: 0; width: 100%; height: 42px;\" src=\"https:\/\/bandcamp.com\/EmbeddedPlayer\/album=3235051206\/size=small\/bgcol=ffffff\/linkcol=0687f5\/transparent=true\/\" seamless><a href=\"https:\/\/ritaray.bandcamp.com\/album\/a-life-of-its-own\">A Life of Its Own by Rita Ray<\/a><\/iframe><\/p>\n","protected":false},"excerpt":{"rendered":"<p>Stiili ja armuga Rita Ray kutsub teid oma isiklikku ruumi. Nautige Eesti R&amp;B ja souli kroonijuveeli orkestreeritud teekonda. Kinematograafiliste keelpilliseadete ja vintaa\u017eiliku instrumentatsiooniga \u2013 teine album \u201cA Life of Its Own\u201d on elukestva suhte armulaps Miss Ray ja tema esmaklassilise b\u00e4ndi muusikaga. Alates deb\u00fc\u00fctalbumist\u00a0\u201cOld Love Will Rust\u201d\u00a02019. aastal on Rita Ray nautinud pidevat t\u00f5usu t\u00e4nap\u00e4eva&hellip;<\/p>\n","protected":false},"featured_media":6512,"template":"","meta":{"_acf_changed":false},"product_brand":[],"product_cat":[120],"product_tag":[],"class_list":{"0":"post-5442","1":"product","2":"type-product","3":"status-publish","4":"has-post-thumbnail","6":"product_cat-muusika","7":"description-off","9":"first","10":"instock","11":"taxable","12":"shipping-taxable","13":"purchasable","14":"product-type-simple"},"acf":[],"yoast_head":"<!-- This site is optimized with the Yoast SEO plugin v24.8.1 - https:\/\/yoast.com\/wordpress\/plugins\/seo\/ -->\n<title>Rita Ray -A Life of Its Own CD - Estonian Funk Embassy<\/title>\n<meta name=\"robots\" content=\"index, follow, max-snippet:-1, max-image-preview:large, max-video-preview:-1\" \/>\n<link rel=\"canonical\" href=\"https:\/\/funkembassy.eu\/et\/toode\/rita-ray-a-life-of-its-own-cd\/\" \/>\n<meta property=\"og:locale\" content=\"et_EE\" \/>\n<meta property=\"og:type\" content=\"article\" \/>\n<meta property=\"og:title\" content=\"Rita Ray -A Life of Its Own CD - Estonian Funk Embassy\" \/>\n<meta property=\"og:description\" content=\"Stiili ja armuga Rita Ray kutsub teid oma isiklikku ruumi. Nautige Eesti R&amp;B ja souli kroonijuveeli orkestreeritud teekonda. Kinematograafiliste keelpilliseadete ja vintaa\u017eiliku instrumentatsiooniga \u2013 teine album \u201cA Life of Its Own\u201d on elukestva suhte armulaps Miss Ray ja tema esmaklassilise b\u00e4ndi muusikaga. Alates deb\u00fc\u00fctalbumist\u00a0\u201cOld Love Will Rust\u201d\u00a02019. aastal on Rita Ray nautinud pidevat t\u00f5usu t\u00e4nap\u00e4eva&hellip;\" \/>\n<meta property=\"og:url\" content=\"https:\/\/funkembassy.eu\/et\/toode\/rita-ray-a-life-of-its-own-cd\/\" \/>\n<meta property=\"og:site_name\" content=\"Estonian Funk Embassy\" \/>\n<meta property=\"article:publisher\" content=\"https:\/\/www.facebook.com\/estonianfunkembassy\/\" \/>\n<meta property=\"article:modified_time\" content=\"2025-10-27T21:24:56+00:00\" \/>\n<meta property=\"og:image\" content=\"https:\/\/funkembassy.eu\/wp-content\/uploads\/2025\/01\/CD-3.jpg\" \/>\n\t<meta property=\"og:image:width\" content=\"758\" \/>\n\t<meta property=\"og:image:height\" content=\"758\" \/>\n\t<meta property=\"og:image:type\" content=\"image\/jpeg\" \/>\n<meta name=\"twitter:card\" content=\"summary_large_image\" \/>\n<meta name=\"twitter:label1\" content=\"Est. reading time\" \/>\n\t<meta name=\"twitter:data1\" content=\"1 minut\" \/>\n<script type=\"application\/ld+json\" class=\"yoast-schema-graph\">{\"@context\":\"https:\/\/schema.org\",\"@graph\":[{\"@type\":\"WebPage\",\"@id\":\"https:\/\/funkembassy.eu\/et\/toode\/rita-ray-a-life-of-its-own-cd\/\",\"url\":\"https:\/\/funkembassy.eu\/et\/toode\/rita-ray-a-life-of-its-own-cd\/\",\"name\":\"Rita Ray -A Life of Its Own CD - Estonian Funk Embassy\",\"isPartOf\":{\"@id\":\"https:\/\/funkembassy.eu\/#website\"},\"primaryImageOfPage\":{\"@id\":\"https:\/\/funkembassy.eu\/et\/toode\/rita-ray-a-life-of-its-own-cd\/#primaryimage\"},\"image\":{\"@id\":\"https:\/\/funkembassy.eu\/et\/toode\/rita-ray-a-life-of-its-own-cd\/#primaryimage\"},\"thumbnailUrl\":\"https:\/\/funkembassy.eu\/wp-content\/uploads\/2025\/04\/Group-64.png\",\"datePublished\":\"2025-04-03T08:19:13+00:00\",\"dateModified\":\"2025-10-27T21:24:56+00:00\",\"breadcrumb\":{\"@id\":\"https:\/\/funkembassy.eu\/et\/toode\/rita-ray-a-life-of-its-own-cd\/#breadcrumb\"},\"inLanguage\":\"et\",\"potentialAction\":[{\"@type\":\"ReadAction\",\"target\":[\"https:\/\/funkembassy.eu\/et\/toode\/rita-ray-a-life-of-its-own-cd\/\"]}]},{\"@type\":\"ImageObject\",\"inLanguage\":\"et\",\"@id\":\"https:\/\/funkembassy.eu\/et\/toode\/rita-ray-a-life-of-its-own-cd\/#primaryimage\",\"url\":\"https:\/\/funkembassy.eu\/wp-content\/uploads\/2025\/04\/Group-64.png\",\"contentUrl\":\"https:\/\/funkembassy.eu\/wp-content\/uploads\/2025\/04\/Group-64.png\",\"width\":3160,\"height\":3160},{\"@type\":\"BreadcrumbList\",\"@id\":\"https:\/\/funkembassy.eu\/et\/toode\/rita-ray-a-life-of-its-own-cd\/#breadcrumb\",\"itemListElement\":[{\"@type\":\"ListItem\",\"position\":1,\"name\":\"Home\",\"item\":\"https:\/\/funkembassy.eu\/et\/\"},{\"@type\":\"ListItem\",\"position\":2,\"name\":\"Pood\",\"item\":\"https:\/\/funkembassy.eu\/et\/pood\/\"},{\"@type\":\"ListItem\",\"position\":3,\"name\":\"Rita Ray -A Life of Its Own CD\"}]},{\"@type\":\"WebSite\",\"@id\":\"https:\/\/funkembassy.eu\/#website\",\"url\":\"https:\/\/funkembassy.eu\/\",\"name\":\"Estonian Funk Embassy\",\"description\":\"\",\"publisher\":{\"@id\":\"https:\/\/funkembassy.eu\/#organization\"},\"potentialAction\":[{\"@type\":\"SearchAction\",\"target\":{\"@type\":\"EntryPoint\",\"urlTemplate\":\"https:\/\/funkembassy.eu\/?s={search_term_string}\"},\"query-input\":{\"@type\":\"PropertyValueSpecification\",\"valueRequired\":true,\"valueName\":\"search_term_string\"}}],\"inLanguage\":\"et\"},{\"@type\":\"Organization\",\"@id\":\"https:\/\/funkembassy.eu\/#organization\",\"name\":\"Estonian Funk Embassy\",\"url\":\"https:\/\/funkembassy.eu\/\",\"logo\":{\"@type\":\"ImageObject\",\"inLanguage\":\"et\",\"@id\":\"https:\/\/funkembassy.eu\/#\/schema\/logo\/image\/\",\"url\":\"https:\/\/funkembassy.eu\/wp-content\/uploads\/2025\/04\/estonian_funk_embassy_logo.jpg\",\"contentUrl\":\"https:\/\/funkembassy.eu\/wp-content\/uploads\/2025\/04\/estonian_funk_embassy_logo.jpg\",\"width\":696,\"height\":696,\"caption\":\"Estonian Funk Embassy\"},\"image\":{\"@id\":\"https:\/\/funkembassy.eu\/#\/schema\/logo\/image\/\"},\"sameAs\":[\"https:\/\/www.facebook.com\/estonianfunkembassy\/\"]}]}<\/script>\n<!-- \/ Yoast SEO plugin. -->","yoast_head_json":{"title":"Rita Ray -A Life of Its Own CD - Estonian Funk Embassy","robots":{"index":"index","follow":"follow","max-snippet":"max-snippet:-1","max-image-preview":"max-image-preview:large","max-video-preview":"max-video-preview:-1"},"canonical":"https:\/\/funkembassy.eu\/et\/toode\/rita-ray-a-life-of-its-own-cd\/","og_locale":"et_EE","og_type":"article","og_title":"Rita Ray -A Life of Its Own CD - Estonian Funk Embassy","og_description":"Stiili ja armuga Rita Ray kutsub teid oma isiklikku ruumi. Nautige Eesti R&amp;B ja souli kroonijuveeli orkestreeritud teekonda. Kinematograafiliste keelpilliseadete ja vintaa\u017eiliku instrumentatsiooniga \u2013 teine album \u201cA Life of Its Own\u201d on elukestva suhte armulaps Miss Ray ja tema esmaklassilise b\u00e4ndi muusikaga. Alates deb\u00fc\u00fctalbumist\u00a0\u201cOld Love Will Rust\u201d\u00a02019. aastal on Rita Ray nautinud pidevat t\u00f5usu t\u00e4nap\u00e4eva&hellip;","og_url":"https:\/\/funkembassy.eu\/et\/toode\/rita-ray-a-life-of-its-own-cd\/","og_site_name":"Estonian Funk Embassy","article_publisher":"https:\/\/www.facebook.com\/estonianfunkembassy\/","article_modified_time":"2025-10-27T21:24:56+00:00","og_image":[{"width":758,"height":758,"url":"https:\/\/funkembassy.eu\/wp-content\/uploads\/2025\/01\/CD-3.jpg","type":"image\/jpeg"}],"twitter_card":"summary_large_image","twitter_misc":{"Est. reading time":"1 minut"},"schema":{"@context":"https:\/\/schema.org","@graph":[{"@type":"WebPage","@id":"https:\/\/funkembassy.eu\/et\/toode\/rita-ray-a-life-of-its-own-cd\/","url":"https:\/\/funkembassy.eu\/et\/toode\/rita-ray-a-life-of-its-own-cd\/","name":"Rita Ray -A Life of Its Own CD - Estonian Funk Embassy","isPartOf":{"@id":"https:\/\/funkembassy.eu\/#website"},"primaryImageOfPage":{"@id":"https:\/\/funkembassy.eu\/et\/toode\/rita-ray-a-life-of-its-own-cd\/#primaryimage"},"image":{"@id":"https:\/\/funkembassy.eu\/et\/toode\/rita-ray-a-life-of-its-own-cd\/#primaryimage"},"thumbnailUrl":"https:\/\/funkembassy.eu\/wp-content\/uploads\/2025\/04\/Group-64.png","datePublished":"2025-04-03T08:19:13+00:00","dateModified":"2025-10-27T21:24:56+00:00","breadcrumb":{"@id":"https:\/\/funkembassy.eu\/et\/toode\/rita-ray-a-life-of-its-own-cd\/#breadcrumb"},"inLanguage":"et","potentialAction":[{"@type":"ReadAction","target":["https:\/\/funkembassy.eu\/et\/toode\/rita-ray-a-life-of-its-own-cd\/"]}]},{"@type":"ImageObject","inLanguage":"et","@id":"https:\/\/funkembassy.eu\/et\/toode\/rita-ray-a-life-of-its-own-cd\/#primaryimage","url":"https:\/\/funkembassy.eu\/wp-content\/uploads\/2025\/04\/Group-64.png","contentUrl":"https:\/\/funkembassy.eu\/wp-content\/uploads\/2025\/04\/Group-64.png","width":3160,"height":3160},{"@type":"BreadcrumbList","@id":"https:\/\/funkembassy.eu\/et\/toode\/rita-ray-a-life-of-its-own-cd\/#breadcrumb","itemListElement":[{"@type":"ListItem","position":1,"name":"Home","item":"https:\/\/funkembassy.eu\/et\/"},{"@type":"ListItem","position":2,"name":"Pood","item":"https:\/\/funkembassy.eu\/et\/pood\/"},{"@type":"ListItem","position":3,"name":"Rita Ray -A Life of Its Own CD"}]},{"@type":"WebSite","@id":"https:\/\/funkembassy.eu\/#website","url":"https:\/\/funkembassy.eu\/","name":"Estonian Funk Embassy","description":"","publisher":{"@id":"https:\/\/funkembassy.eu\/#organization"},"potentialAction":[{"@type":"SearchAction","target":{"@type":"EntryPoint","urlTemplate":"https:\/\/funkembassy.eu\/?s={search_term_string}"},"query-input":{"@type":"PropertyValueSpecification","valueRequired":true,"valueName":"search_term_string"}}],"inLanguage":"et"},{"@type":"Organization","@id":"https:\/\/funkembassy.eu\/#organization","name":"Estonian Funk Embassy","url":"https:\/\/funkembassy.eu\/","logo":{"@type":"ImageObject","inLanguage":"et","@id":"https:\/\/funkembassy.eu\/#\/schema\/logo\/image\/","url":"https:\/\/funkembassy.eu\/wp-content\/uploads\/2025\/04\/estonian_funk_embassy_logo.jpg","contentUrl":"https:\/\/funkembassy.eu\/wp-content\/uploads\/2025\/04\/estonian_funk_embassy_logo.jpg","width":696,"height":696,"caption":"Estonian Funk Embassy"},"image":{"@id":"https:\/\/funkembassy.eu\/#\/schema\/logo\/image\/"},"sameAs":["https:\/\/www.facebook.com\/estonianfunkembassy\/"]}]}},"_links":{"self":[{"href":"https:\/\/funkembassy.eu\/et\/wp-json\/wp\/v2\/product\/5442","targetHints":{"allow":["GET"]}}],"collection":[{"href":"https:\/\/funkembassy.eu\/et\/wp-json\/wp\/v2\/product"}],"about":[{"href":"https:\/\/funkembassy.eu\/et\/wp-json\/wp\/v2\/types\/product"}],"wp:featuredmedia":[{"embeddable":true,"href":"https:\/\/funkembassy.eu\/et\/wp-json\/wp\/v2\/media\/6512"}],"wp:attachment":[{"href":"https:\/\/funkembassy.eu\/et\/wp-json\/wp\/v2\/media?parent=5442"}],"wp:term":[{"taxonomy":"product_brand","embeddable":true,"href":"https:\/\/funkembassy.eu\/et\/wp-json\/wp\/v2\/product_brand?post=5442"},{"taxonomy":"product_cat","embeddable":true,"href":"https:\/\/funkembassy.eu\/et\/wp-json\/wp\/v2\/product_cat?post=5442"},{"taxonomy":"product_tag","embeddable":true,"href":"https:\/\/funkembassy.eu\/et\/wp-json\/wp\/v2\/product_tag?post=5442"}],"curies":[{"name":"wp","href":"https:\/\/api.w.org\/{rel}","templated":true}]}}