{"id":5435,"date":"2025-04-03T11:06:53","date_gmt":"2025-04-03T08:06:53","guid":{"rendered":"https:\/\/funkembassy.eu\/?post_type=product&#038;p=5435"},"modified":"2025-10-06T14:58:00","modified_gmt":"2025-10-06T11:58:00","slug":"groove-of-essr-ii-vinuul-2","status":"publish","type":"product","link":"https:\/\/funkembassy.eu\/et\/toode\/groove-of-essr-ii-vinuul-2\/","title":{"rendered":"Groove of ESSR II vin\u00fc\u00fcl"},"content":{"rendered":"<p>\u201cESSR\u201d v\u00f5i kodumaiselt \u201cENSV\u201d ehk Eesti N\u00f5ukogude Sotsialistlik Vabariik oli k\u00f5ike muud kui vabariik. Kultuuri valvati, sest just seal peitub tugevaim j\u00f5ud vastuhakuks, p\u00fcsivuseks ja \u00fchtsuseks. Antud kogumikul leiduvadki 12 lugu, mis seda rolli h\u00e4sti t\u00e4idavad. K\u00f5ik ei j\u00f5udnud seda oma s\u00fcnnihetkel teha, sest 9 neist j\u00f5uavad esimest korda vin\u00fc\u00fclile. Iga pala taga on tegijad, kes peitsid t\u00e4hendust ridade vahele v\u00f5i otsisid r\u00f5\u00f5mu tantsup\u00f5randalt. M\u00f5ni \u00fctles ka otse oma arvamuse v\u00e4lja, ja pidi p\u00f5genema. P\u00e4rlite pinnale toomise teekonda saadab ka detektiivit\u00f6\u00f6. Tulemused on koondatud taustatekstide ja fotodega t\u00e4idetud 30lk bookleti, mis tuleb vin\u00fc\u00fcliga kaasa. Lood ise p\u00e4rinevad vahemikust 1973-1984. See oli viljakas aeg funk, soul, disko ja jazz muusika jaoks kogu maailmas. Siin tegi seda k\u00e4put\u00e4is teerajajaid. P\u00fchendame albumi nende seast kahele m\u00f5jukaimale: Marju \u201cMaryn\u201d Kuut (1946-2022) ja T\u00f5nu Aare (1953-2022). Ilma nendeta poleks sellisel kogumikul m\u00f5tet, arvavad koostajad Henrik Ehte ja Ingvar Kassuk. Elagu Maryn ja T\u00f5nu igavesti edasi oma muusikas, nagu ka k\u00f5ik teised artistid, heliinsenerid ja taustaj\u00f5ud, kes on aidanud sel loomingul s\u00fcndida.<\/p>\n","protected":false},"excerpt":{"rendered":"<p>\u201cESSR\u201d v\u00f5i kodumaiselt \u201cENSV\u201d ehk Eesti N\u00f5ukogude Sotsialistlik Vabariik oli k\u00f5ike muud kui vabariik. Kultuuri valvati, sest just seal peitub tugevaim j\u00f5ud vastuhakuks, p\u00fcsivuseks ja \u00fchtsuseks. Antud kogumikul leiduvadki 12 lugu, mis seda rolli h\u00e4sti t\u00e4idavad. K\u00f5ik ei j\u00f5udnud seda oma s\u00fcnnihetkel teha, sest 9 neist j\u00f5uavad esimest korda vin\u00fc\u00fclile. Iga pala taga on tegijad,&hellip;<\/p>\n","protected":false},"featured_media":5787,"template":"","meta":{"_acf_changed":false},"product_brand":[],"product_cat":[120],"product_tag":[],"class_list":{"0":"post-5435","1":"product","2":"type-product","3":"status-publish","4":"has-post-thumbnail","6":"product_cat-muusika","7":"description-off","9":"first","10":"instock","11":"taxable","12":"shipping-taxable","13":"purchasable","14":"product-type-simple"},"acf":[],"yoast_head":"<!-- This site is optimized with the Yoast SEO plugin v24.8.1 - https:\/\/yoast.com\/wordpress\/plugins\/seo\/ -->\n<title>Groove of ESSR II vin\u00fc\u00fcl - Estonian Funk Embassy<\/title>\n<meta name=\"robots\" content=\"index, follow, max-snippet:-1, max-image-preview:large, max-video-preview:-1\" \/>\n<link rel=\"canonical\" href=\"https:\/\/funkembassy.eu\/et\/toode\/groove-of-essr-ii-vinuul-2\/\" \/>\n<meta property=\"og:locale\" content=\"et_EE\" \/>\n<meta property=\"og:type\" content=\"article\" \/>\n<meta property=\"og:title\" content=\"Groove of ESSR II vin\u00fc\u00fcl - Estonian Funk Embassy\" \/>\n<meta property=\"og:description\" content=\"\u201cESSR\u201d v\u00f5i kodumaiselt \u201cENSV\u201d ehk Eesti N\u00f5ukogude Sotsialistlik Vabariik oli k\u00f5ike muud kui vabariik. Kultuuri valvati, sest just seal peitub tugevaim j\u00f5ud vastuhakuks, p\u00fcsivuseks ja \u00fchtsuseks. Antud kogumikul leiduvadki 12 lugu, mis seda rolli h\u00e4sti t\u00e4idavad. K\u00f5ik ei j\u00f5udnud seda oma s\u00fcnnihetkel teha, sest 9 neist j\u00f5uavad esimest korda vin\u00fc\u00fclile. Iga pala taga on tegijad,&hellip;\" \/>\n<meta property=\"og:url\" content=\"https:\/\/funkembassy.eu\/et\/toode\/groove-of-essr-ii-vinuul-2\/\" \/>\n<meta property=\"og:site_name\" content=\"Estonian Funk Embassy\" \/>\n<meta property=\"article:publisher\" content=\"https:\/\/www.facebook.com\/estonianfunkembassy\/\" \/>\n<meta property=\"article:modified_time\" content=\"2025-10-06T11:58:00+00:00\" \/>\n<meta property=\"og:image\" content=\"https:\/\/funkembassy.eu\/wp-content\/uploads\/2025\/04\/GrooveII-1024x1024.png\" \/>\n\t<meta property=\"og:image:width\" content=\"1024\" \/>\n\t<meta property=\"og:image:height\" content=\"1024\" \/>\n\t<meta property=\"og:image:type\" content=\"image\/png\" \/>\n<meta name=\"twitter:card\" content=\"summary_large_image\" \/>\n<meta name=\"twitter:label1\" content=\"Est. reading time\" \/>\n\t<meta name=\"twitter:data1\" content=\"1 minut\" \/>\n<script type=\"application\/ld+json\" class=\"yoast-schema-graph\">{\"@context\":\"https:\/\/schema.org\",\"@graph\":[{\"@type\":\"WebPage\",\"@id\":\"https:\/\/funkembassy.eu\/et\/toode\/groove-of-essr-ii-vinuul-2\/\",\"url\":\"https:\/\/funkembassy.eu\/et\/toode\/groove-of-essr-ii-vinuul-2\/\",\"name\":\"Groove of ESSR II vin\u00fc\u00fcl - Estonian Funk Embassy\",\"isPartOf\":{\"@id\":\"https:\/\/funkembassy.eu\/#website\"},\"primaryImageOfPage\":{\"@id\":\"https:\/\/funkembassy.eu\/et\/toode\/groove-of-essr-ii-vinuul-2\/#primaryimage\"},\"image\":{\"@id\":\"https:\/\/funkembassy.eu\/et\/toode\/groove-of-essr-ii-vinuul-2\/#primaryimage\"},\"thumbnailUrl\":\"https:\/\/funkembassy.eu\/wp-content\/uploads\/2025\/04\/GrooveII.png\",\"datePublished\":\"2025-04-03T08:06:53+00:00\",\"dateModified\":\"2025-10-06T11:58:00+00:00\",\"breadcrumb\":{\"@id\":\"https:\/\/funkembassy.eu\/et\/toode\/groove-of-essr-ii-vinuul-2\/#breadcrumb\"},\"inLanguage\":\"et\",\"potentialAction\":[{\"@type\":\"ReadAction\",\"target\":[\"https:\/\/funkembassy.eu\/et\/toode\/groove-of-essr-ii-vinuul-2\/\"]}]},{\"@type\":\"ImageObject\",\"inLanguage\":\"et\",\"@id\":\"https:\/\/funkembassy.eu\/et\/toode\/groove-of-essr-ii-vinuul-2\/#primaryimage\",\"url\":\"https:\/\/funkembassy.eu\/wp-content\/uploads\/2025\/04\/GrooveII.png\",\"contentUrl\":\"https:\/\/funkembassy.eu\/wp-content\/uploads\/2025\/04\/GrooveII.png\",\"width\":3160,\"height\":3160},{\"@type\":\"BreadcrumbList\",\"@id\":\"https:\/\/funkembassy.eu\/et\/toode\/groove-of-essr-ii-vinuul-2\/#breadcrumb\",\"itemListElement\":[{\"@type\":\"ListItem\",\"position\":1,\"name\":\"Home\",\"item\":\"https:\/\/funkembassy.eu\/et\/\"},{\"@type\":\"ListItem\",\"position\":2,\"name\":\"Pood\",\"item\":\"https:\/\/funkembassy.eu\/et\/pood\/\"},{\"@type\":\"ListItem\",\"position\":3,\"name\":\"Groove of ESSR II vin\u00fc\u00fcl\"}]},{\"@type\":\"WebSite\",\"@id\":\"https:\/\/funkembassy.eu\/#website\",\"url\":\"https:\/\/funkembassy.eu\/\",\"name\":\"Estonian Funk Embassy\",\"description\":\"\",\"publisher\":{\"@id\":\"https:\/\/funkembassy.eu\/#organization\"},\"potentialAction\":[{\"@type\":\"SearchAction\",\"target\":{\"@type\":\"EntryPoint\",\"urlTemplate\":\"https:\/\/funkembassy.eu\/?s={search_term_string}\"},\"query-input\":{\"@type\":\"PropertyValueSpecification\",\"valueRequired\":true,\"valueName\":\"search_term_string\"}}],\"inLanguage\":\"et\"},{\"@type\":\"Organization\",\"@id\":\"https:\/\/funkembassy.eu\/#organization\",\"name\":\"Estonian Funk Embassy\",\"url\":\"https:\/\/funkembassy.eu\/\",\"logo\":{\"@type\":\"ImageObject\",\"inLanguage\":\"et\",\"@id\":\"https:\/\/funkembassy.eu\/#\/schema\/logo\/image\/\",\"url\":\"https:\/\/funkembassy.eu\/wp-content\/uploads\/2025\/04\/estonian_funk_embassy_logo.jpg\",\"contentUrl\":\"https:\/\/funkembassy.eu\/wp-content\/uploads\/2025\/04\/estonian_funk_embassy_logo.jpg\",\"width\":696,\"height\":696,\"caption\":\"Estonian Funk Embassy\"},\"image\":{\"@id\":\"https:\/\/funkembassy.eu\/#\/schema\/logo\/image\/\"},\"sameAs\":[\"https:\/\/www.facebook.com\/estonianfunkembassy\/\"]}]}<\/script>\n<!-- \/ Yoast SEO plugin. -->","yoast_head_json":{"title":"Groove of ESSR II vin\u00fc\u00fcl - Estonian Funk Embassy","robots":{"index":"index","follow":"follow","max-snippet":"max-snippet:-1","max-image-preview":"max-image-preview:large","max-video-preview":"max-video-preview:-1"},"canonical":"https:\/\/funkembassy.eu\/et\/toode\/groove-of-essr-ii-vinuul-2\/","og_locale":"et_EE","og_type":"article","og_title":"Groove of ESSR II vin\u00fc\u00fcl - Estonian Funk Embassy","og_description":"\u201cESSR\u201d v\u00f5i kodumaiselt \u201cENSV\u201d ehk Eesti N\u00f5ukogude Sotsialistlik Vabariik oli k\u00f5ike muud kui vabariik. Kultuuri valvati, sest just seal peitub tugevaim j\u00f5ud vastuhakuks, p\u00fcsivuseks ja \u00fchtsuseks. Antud kogumikul leiduvadki 12 lugu, mis seda rolli h\u00e4sti t\u00e4idavad. K\u00f5ik ei j\u00f5udnud seda oma s\u00fcnnihetkel teha, sest 9 neist j\u00f5uavad esimest korda vin\u00fc\u00fclile. Iga pala taga on tegijad,&hellip;","og_url":"https:\/\/funkembassy.eu\/et\/toode\/groove-of-essr-ii-vinuul-2\/","og_site_name":"Estonian Funk Embassy","article_publisher":"https:\/\/www.facebook.com\/estonianfunkembassy\/","article_modified_time":"2025-10-06T11:58:00+00:00","og_image":[{"width":1024,"height":1024,"url":"https:\/\/funkembassy.eu\/wp-content\/uploads\/2025\/04\/GrooveII-1024x1024.png","type":"image\/png"}],"twitter_card":"summary_large_image","twitter_misc":{"Est. reading time":"1 minut"},"schema":{"@context":"https:\/\/schema.org","@graph":[{"@type":"WebPage","@id":"https:\/\/funkembassy.eu\/et\/toode\/groove-of-essr-ii-vinuul-2\/","url":"https:\/\/funkembassy.eu\/et\/toode\/groove-of-essr-ii-vinuul-2\/","name":"Groove of ESSR II vin\u00fc\u00fcl - Estonian Funk Embassy","isPartOf":{"@id":"https:\/\/funkembassy.eu\/#website"},"primaryImageOfPage":{"@id":"https:\/\/funkembassy.eu\/et\/toode\/groove-of-essr-ii-vinuul-2\/#primaryimage"},"image":{"@id":"https:\/\/funkembassy.eu\/et\/toode\/groove-of-essr-ii-vinuul-2\/#primaryimage"},"thumbnailUrl":"https:\/\/funkembassy.eu\/wp-content\/uploads\/2025\/04\/GrooveII.png","datePublished":"2025-04-03T08:06:53+00:00","dateModified":"2025-10-06T11:58:00+00:00","breadcrumb":{"@id":"https:\/\/funkembassy.eu\/et\/toode\/groove-of-essr-ii-vinuul-2\/#breadcrumb"},"inLanguage":"et","potentialAction":[{"@type":"ReadAction","target":["https:\/\/funkembassy.eu\/et\/toode\/groove-of-essr-ii-vinuul-2\/"]}]},{"@type":"ImageObject","inLanguage":"et","@id":"https:\/\/funkembassy.eu\/et\/toode\/groove-of-essr-ii-vinuul-2\/#primaryimage","url":"https:\/\/funkembassy.eu\/wp-content\/uploads\/2025\/04\/GrooveII.png","contentUrl":"https:\/\/funkembassy.eu\/wp-content\/uploads\/2025\/04\/GrooveII.png","width":3160,"height":3160},{"@type":"BreadcrumbList","@id":"https:\/\/funkembassy.eu\/et\/toode\/groove-of-essr-ii-vinuul-2\/#breadcrumb","itemListElement":[{"@type":"ListItem","position":1,"name":"Home","item":"https:\/\/funkembassy.eu\/et\/"},{"@type":"ListItem","position":2,"name":"Pood","item":"https:\/\/funkembassy.eu\/et\/pood\/"},{"@type":"ListItem","position":3,"name":"Groove of ESSR II vin\u00fc\u00fcl"}]},{"@type":"WebSite","@id":"https:\/\/funkembassy.eu\/#website","url":"https:\/\/funkembassy.eu\/","name":"Estonian Funk Embassy","description":"","publisher":{"@id":"https:\/\/funkembassy.eu\/#organization"},"potentialAction":[{"@type":"SearchAction","target":{"@type":"EntryPoint","urlTemplate":"https:\/\/funkembassy.eu\/?s={search_term_string}"},"query-input":{"@type":"PropertyValueSpecification","valueRequired":true,"valueName":"search_term_string"}}],"inLanguage":"et"},{"@type":"Organization","@id":"https:\/\/funkembassy.eu\/#organization","name":"Estonian Funk Embassy","url":"https:\/\/funkembassy.eu\/","logo":{"@type":"ImageObject","inLanguage":"et","@id":"https:\/\/funkembassy.eu\/#\/schema\/logo\/image\/","url":"https:\/\/funkembassy.eu\/wp-content\/uploads\/2025\/04\/estonian_funk_embassy_logo.jpg","contentUrl":"https:\/\/funkembassy.eu\/wp-content\/uploads\/2025\/04\/estonian_funk_embassy_logo.jpg","width":696,"height":696,"caption":"Estonian Funk Embassy"},"image":{"@id":"https:\/\/funkembassy.eu\/#\/schema\/logo\/image\/"},"sameAs":["https:\/\/www.facebook.com\/estonianfunkembassy\/"]}]}},"_links":{"self":[{"href":"https:\/\/funkembassy.eu\/et\/wp-json\/wp\/v2\/product\/5435","targetHints":{"allow":["GET"]}}],"collection":[{"href":"https:\/\/funkembassy.eu\/et\/wp-json\/wp\/v2\/product"}],"about":[{"href":"https:\/\/funkembassy.eu\/et\/wp-json\/wp\/v2\/types\/product"}],"wp:featuredmedia":[{"embeddable":true,"href":"https:\/\/funkembassy.eu\/et\/wp-json\/wp\/v2\/media\/5787"}],"wp:attachment":[{"href":"https:\/\/funkembassy.eu\/et\/wp-json\/wp\/v2\/media?parent=5435"}],"wp:term":[{"taxonomy":"product_brand","embeddable":true,"href":"https:\/\/funkembassy.eu\/et\/wp-json\/wp\/v2\/product_brand?post=5435"},{"taxonomy":"product_cat","embeddable":true,"href":"https:\/\/funkembassy.eu\/et\/wp-json\/wp\/v2\/product_cat?post=5435"},{"taxonomy":"product_tag","embeddable":true,"href":"https:\/\/funkembassy.eu\/et\/wp-json\/wp\/v2\/product_tag?post=5435"}],"curies":[{"name":"wp","href":"https:\/\/api.w.org\/{rel}","templated":true}]}}