{"id":5422,"date":"2025-04-03T10:38:14","date_gmt":"2025-04-03T07:38:14","guid":{"rendered":"https:\/\/funkembassy.eu\/?post_type=product&#038;p=5422"},"modified":"2025-10-06T14:57:25","modified_gmt":"2025-10-06T11:57:25","slug":"__trashed","status":"publish","type":"product","link":"https:\/\/funkembassy.eu\/et\/toode\/__trashed\/","title":{"rendered":"Groove of ESSR vin\u00fc\u00fcl"},"content":{"rendered":"<p>Seame lahke kuulaja ette muusika, mis on salvestatud 1970.-1980. aastate N\u00f5ukogude Eestis. Hoolega valitud Eesti Raadio arhiivist, annavad need 11 pala aimu raudse eesriide gruuvivast poolest. N\u00e4eme, kuidas laiemalt estraadiartistide, folk- ja rahvalaulikutena tuntud tegijate loomesse ilmus funk-soul jooni. Teiselt poolt kuuleme seda roki, d\u017e\u00e4ssi ja fusion b\u00e4ndide loomes.<\/p>\n<p>Plaadil leidub p\u00f5nevaid kaver-versioone ja originaalmuusikat. M\u00f5ned palad n\u00e4evad esimest korda ilmavalgust. Teised, oma s\u00fcnnihetkel kanda kinnitanud lood raputavad tantsup\u00f5randaid siiani. Selliste ikoonilisteks muutunud teoste hulka v\u00f5iks arvata n\u00e4iteks Mikk Targo kirjutatud, T\u00f5nis M\u00e4gi ja Music Seif esitatud &#8220;Sa Haara Kinni Mu K\u00e4est&#8221; (1982) v\u00f5i ka Els Himma lauldud &#8220;Kesk\u00f6\u00f6&#8221; (1977), mis on Demis Roussose &#8220;Midnight Is The Time&#8221; kaver. Samas pole kunagi ilmunud n\u00e4iteks imelise t\u00e4mbriga Tiiu Variku versioon Carita Holmstr\u00f6mi loost &#8220;N\u00e4ed Vaid Oma Silmi&#8221; (1974); Taniel Gennadi kirjutatud instrumentaal &#8220;Kesk\u00f6\u00f6samba&#8221; (1975) ega ka &#8220;M\u00e4lestuste Teel&#8221; (1974) &#8211; plaadi l\u00f5pulugu, mille kurb alatoon ennustaks justkui autori Raivo Tammiku p\u00f5genemist (1975).<\/p>\n<p>Kolmas v\u00e4ljaanne, 180-grammine must vin\u00fc\u00fcl tr\u00fckitud sise\u00fcmbrikuga.<\/p>\n","protected":false},"excerpt":{"rendered":"<p>Seame lahke kuulaja ette muusika, mis on salvestatud 1970.-1980. aastate N\u00f5ukogude Eestis. Hoolega valitud Eesti Raadio arhiivist, annavad need 11 pala aimu raudse eesriide gruuvivast poolest. N\u00e4eme, kuidas laiemalt estraadiartistide, folk- ja rahvalaulikutena tuntud tegijate loomesse ilmus funk-soul jooni. Teiselt poolt kuuleme seda roki, d\u017e\u00e4ssi ja fusion b\u00e4ndide loomes. Plaadil leidub p\u00f5nevaid kaver-versioone ja originaalmuusikat.&hellip;<\/p>\n","protected":false},"featured_media":5583,"template":"","meta":{"_acf_changed":false},"product_brand":[],"product_cat":[120],"product_tag":[],"class_list":{"0":"post-5422","1":"product","2":"type-product","3":"status-publish","4":"has-post-thumbnail","6":"product_cat-muusika","7":"description-off","9":"first","10":"instock","11":"taxable","12":"shipping-taxable","13":"purchasable","14":"product-type-simple"},"acf":[],"yoast_head":"<!-- This site is optimized with the Yoast SEO plugin v24.8.1 - https:\/\/yoast.com\/wordpress\/plugins\/seo\/ -->\n<title>Groove of ESSR vin\u00fc\u00fcl - Estonian Funk Embassy<\/title>\n<meta name=\"robots\" content=\"index, follow, max-snippet:-1, max-image-preview:large, max-video-preview:-1\" \/>\n<link rel=\"canonical\" href=\"https:\/\/funkembassy.eu\/et\/toode\/__trashed\/\" \/>\n<meta property=\"og:locale\" content=\"et_EE\" \/>\n<meta property=\"og:type\" content=\"article\" \/>\n<meta property=\"og:title\" content=\"Groove of ESSR vin\u00fc\u00fcl - Estonian Funk Embassy\" \/>\n<meta property=\"og:description\" content=\"Seame lahke kuulaja ette muusika, mis on salvestatud 1970.-1980. aastate N\u00f5ukogude Eestis. Hoolega valitud Eesti Raadio arhiivist, annavad need 11 pala aimu raudse eesriide gruuvivast poolest. N\u00e4eme, kuidas laiemalt estraadiartistide, folk- ja rahvalaulikutena tuntud tegijate loomesse ilmus funk-soul jooni. Teiselt poolt kuuleme seda roki, d\u017e\u00e4ssi ja fusion b\u00e4ndide loomes. Plaadil leidub p\u00f5nevaid kaver-versioone ja originaalmuusikat.&hellip;\" \/>\n<meta property=\"og:url\" content=\"https:\/\/funkembassy.eu\/et\/toode\/__trashed\/\" \/>\n<meta property=\"og:site_name\" content=\"Estonian Funk Embassy\" \/>\n<meta property=\"article:publisher\" content=\"https:\/\/www.facebook.com\/estonianfunkembassy\/\" \/>\n<meta property=\"article:modified_time\" content=\"2025-10-06T11:57:25+00:00\" \/>\n<meta property=\"og:image\" content=\"https:\/\/funkembassy.eu\/wp-content\/uploads\/2025\/04\/Vinyl-1-1-768x768.png\" \/>\n\t<meta property=\"og:image:width\" content=\"768\" \/>\n\t<meta property=\"og:image:height\" content=\"768\" \/>\n\t<meta property=\"og:image:type\" content=\"image\/png\" \/>\n<meta name=\"twitter:card\" content=\"summary_large_image\" \/>\n<meta name=\"twitter:label1\" content=\"Est. reading time\" \/>\n\t<meta name=\"twitter:data1\" content=\"1 minut\" \/>\n<script type=\"application\/ld+json\" class=\"yoast-schema-graph\">{\"@context\":\"https:\/\/schema.org\",\"@graph\":[{\"@type\":\"WebPage\",\"@id\":\"https:\/\/funkembassy.eu\/et\/toode\/__trashed\/\",\"url\":\"https:\/\/funkembassy.eu\/et\/toode\/__trashed\/\",\"name\":\"Groove of ESSR vin\u00fc\u00fcl - Estonian Funk Embassy\",\"isPartOf\":{\"@id\":\"https:\/\/funkembassy.eu\/#website\"},\"primaryImageOfPage\":{\"@id\":\"https:\/\/funkembassy.eu\/et\/toode\/__trashed\/#primaryimage\"},\"image\":{\"@id\":\"https:\/\/funkembassy.eu\/et\/toode\/__trashed\/#primaryimage\"},\"thumbnailUrl\":\"https:\/\/funkembassy.eu\/wp-content\/uploads\/2025\/04\/Vinyl-1-1.png\",\"datePublished\":\"2025-04-03T07:38:14+00:00\",\"dateModified\":\"2025-10-06T11:57:25+00:00\",\"breadcrumb\":{\"@id\":\"https:\/\/funkembassy.eu\/et\/toode\/__trashed\/#breadcrumb\"},\"inLanguage\":\"et\",\"potentialAction\":[{\"@type\":\"ReadAction\",\"target\":[\"https:\/\/funkembassy.eu\/et\/toode\/__trashed\/\"]}]},{\"@type\":\"ImageObject\",\"inLanguage\":\"et\",\"@id\":\"https:\/\/funkembassy.eu\/et\/toode\/__trashed\/#primaryimage\",\"url\":\"https:\/\/funkembassy.eu\/wp-content\/uploads\/2025\/04\/Vinyl-1-1.png\",\"contentUrl\":\"https:\/\/funkembassy.eu\/wp-content\/uploads\/2025\/04\/Vinyl-1-1.png\",\"width\":3160,\"height\":3160},{\"@type\":\"BreadcrumbList\",\"@id\":\"https:\/\/funkembassy.eu\/et\/toode\/__trashed\/#breadcrumb\",\"itemListElement\":[{\"@type\":\"ListItem\",\"position\":1,\"name\":\"Home\",\"item\":\"https:\/\/funkembassy.eu\/et\/\"},{\"@type\":\"ListItem\",\"position\":2,\"name\":\"Pood\",\"item\":\"https:\/\/funkembassy.eu\/et\/pood\/\"},{\"@type\":\"ListItem\",\"position\":3,\"name\":\"Groove of ESSR vin\u00fc\u00fcl\"}]},{\"@type\":\"WebSite\",\"@id\":\"https:\/\/funkembassy.eu\/#website\",\"url\":\"https:\/\/funkembassy.eu\/\",\"name\":\"Estonian Funk Embassy\",\"description\":\"\",\"publisher\":{\"@id\":\"https:\/\/funkembassy.eu\/#organization\"},\"potentialAction\":[{\"@type\":\"SearchAction\",\"target\":{\"@type\":\"EntryPoint\",\"urlTemplate\":\"https:\/\/funkembassy.eu\/?s={search_term_string}\"},\"query-input\":{\"@type\":\"PropertyValueSpecification\",\"valueRequired\":true,\"valueName\":\"search_term_string\"}}],\"inLanguage\":\"et\"},{\"@type\":\"Organization\",\"@id\":\"https:\/\/funkembassy.eu\/#organization\",\"name\":\"Estonian Funk Embassy\",\"url\":\"https:\/\/funkembassy.eu\/\",\"logo\":{\"@type\":\"ImageObject\",\"inLanguage\":\"et\",\"@id\":\"https:\/\/funkembassy.eu\/#\/schema\/logo\/image\/\",\"url\":\"https:\/\/funkembassy.eu\/wp-content\/uploads\/2025\/04\/estonian_funk_embassy_logo.jpg\",\"contentUrl\":\"https:\/\/funkembassy.eu\/wp-content\/uploads\/2025\/04\/estonian_funk_embassy_logo.jpg\",\"width\":696,\"height\":696,\"caption\":\"Estonian Funk Embassy\"},\"image\":{\"@id\":\"https:\/\/funkembassy.eu\/#\/schema\/logo\/image\/\"},\"sameAs\":[\"https:\/\/www.facebook.com\/estonianfunkembassy\/\"]}]}<\/script>\n<!-- \/ Yoast SEO plugin. -->","yoast_head_json":{"title":"Groove of ESSR vin\u00fc\u00fcl - Estonian Funk Embassy","robots":{"index":"index","follow":"follow","max-snippet":"max-snippet:-1","max-image-preview":"max-image-preview:large","max-video-preview":"max-video-preview:-1"},"canonical":"https:\/\/funkembassy.eu\/et\/toode\/__trashed\/","og_locale":"et_EE","og_type":"article","og_title":"Groove of ESSR vin\u00fc\u00fcl - Estonian Funk Embassy","og_description":"Seame lahke kuulaja ette muusika, mis on salvestatud 1970.-1980. aastate N\u00f5ukogude Eestis. Hoolega valitud Eesti Raadio arhiivist, annavad need 11 pala aimu raudse eesriide gruuvivast poolest. N\u00e4eme, kuidas laiemalt estraadiartistide, folk- ja rahvalaulikutena tuntud tegijate loomesse ilmus funk-soul jooni. Teiselt poolt kuuleme seda roki, d\u017e\u00e4ssi ja fusion b\u00e4ndide loomes. Plaadil leidub p\u00f5nevaid kaver-versioone ja originaalmuusikat.&hellip;","og_url":"https:\/\/funkembassy.eu\/et\/toode\/__trashed\/","og_site_name":"Estonian Funk Embassy","article_publisher":"https:\/\/www.facebook.com\/estonianfunkembassy\/","article_modified_time":"2025-10-06T11:57:25+00:00","og_image":[{"width":768,"height":768,"url":"https:\/\/funkembassy.eu\/wp-content\/uploads\/2025\/04\/Vinyl-1-1-768x768.png","type":"image\/png"}],"twitter_card":"summary_large_image","twitter_misc":{"Est. reading time":"1 minut"},"schema":{"@context":"https:\/\/schema.org","@graph":[{"@type":"WebPage","@id":"https:\/\/funkembassy.eu\/et\/toode\/__trashed\/","url":"https:\/\/funkembassy.eu\/et\/toode\/__trashed\/","name":"Groove of ESSR vin\u00fc\u00fcl - Estonian Funk Embassy","isPartOf":{"@id":"https:\/\/funkembassy.eu\/#website"},"primaryImageOfPage":{"@id":"https:\/\/funkembassy.eu\/et\/toode\/__trashed\/#primaryimage"},"image":{"@id":"https:\/\/funkembassy.eu\/et\/toode\/__trashed\/#primaryimage"},"thumbnailUrl":"https:\/\/funkembassy.eu\/wp-content\/uploads\/2025\/04\/Vinyl-1-1.png","datePublished":"2025-04-03T07:38:14+00:00","dateModified":"2025-10-06T11:57:25+00:00","breadcrumb":{"@id":"https:\/\/funkembassy.eu\/et\/toode\/__trashed\/#breadcrumb"},"inLanguage":"et","potentialAction":[{"@type":"ReadAction","target":["https:\/\/funkembassy.eu\/et\/toode\/__trashed\/"]}]},{"@type":"ImageObject","inLanguage":"et","@id":"https:\/\/funkembassy.eu\/et\/toode\/__trashed\/#primaryimage","url":"https:\/\/funkembassy.eu\/wp-content\/uploads\/2025\/04\/Vinyl-1-1.png","contentUrl":"https:\/\/funkembassy.eu\/wp-content\/uploads\/2025\/04\/Vinyl-1-1.png","width":3160,"height":3160},{"@type":"BreadcrumbList","@id":"https:\/\/funkembassy.eu\/et\/toode\/__trashed\/#breadcrumb","itemListElement":[{"@type":"ListItem","position":1,"name":"Home","item":"https:\/\/funkembassy.eu\/et\/"},{"@type":"ListItem","position":2,"name":"Pood","item":"https:\/\/funkembassy.eu\/et\/pood\/"},{"@type":"ListItem","position":3,"name":"Groove of ESSR vin\u00fc\u00fcl"}]},{"@type":"WebSite","@id":"https:\/\/funkembassy.eu\/#website","url":"https:\/\/funkembassy.eu\/","name":"Estonian Funk Embassy","description":"","publisher":{"@id":"https:\/\/funkembassy.eu\/#organization"},"potentialAction":[{"@type":"SearchAction","target":{"@type":"EntryPoint","urlTemplate":"https:\/\/funkembassy.eu\/?s={search_term_string}"},"query-input":{"@type":"PropertyValueSpecification","valueRequired":true,"valueName":"search_term_string"}}],"inLanguage":"et"},{"@type":"Organization","@id":"https:\/\/funkembassy.eu\/#organization","name":"Estonian Funk Embassy","url":"https:\/\/funkembassy.eu\/","logo":{"@type":"ImageObject","inLanguage":"et","@id":"https:\/\/funkembassy.eu\/#\/schema\/logo\/image\/","url":"https:\/\/funkembassy.eu\/wp-content\/uploads\/2025\/04\/estonian_funk_embassy_logo.jpg","contentUrl":"https:\/\/funkembassy.eu\/wp-content\/uploads\/2025\/04\/estonian_funk_embassy_logo.jpg","width":696,"height":696,"caption":"Estonian Funk Embassy"},"image":{"@id":"https:\/\/funkembassy.eu\/#\/schema\/logo\/image\/"},"sameAs":["https:\/\/www.facebook.com\/estonianfunkembassy\/"]}]}},"_links":{"self":[{"href":"https:\/\/funkembassy.eu\/et\/wp-json\/wp\/v2\/product\/5422","targetHints":{"allow":["GET"]}}],"collection":[{"href":"https:\/\/funkembassy.eu\/et\/wp-json\/wp\/v2\/product"}],"about":[{"href":"https:\/\/funkembassy.eu\/et\/wp-json\/wp\/v2\/types\/product"}],"wp:featuredmedia":[{"embeddable":true,"href":"https:\/\/funkembassy.eu\/et\/wp-json\/wp\/v2\/media\/5583"}],"wp:attachment":[{"href":"https:\/\/funkembassy.eu\/et\/wp-json\/wp\/v2\/media?parent=5422"}],"wp:term":[{"taxonomy":"product_brand","embeddable":true,"href":"https:\/\/funkembassy.eu\/et\/wp-json\/wp\/v2\/product_brand?post=5422"},{"taxonomy":"product_cat","embeddable":true,"href":"https:\/\/funkembassy.eu\/et\/wp-json\/wp\/v2\/product_cat?post=5422"},{"taxonomy":"product_tag","embeddable":true,"href":"https:\/\/funkembassy.eu\/et\/wp-json\/wp\/v2\/product_tag?post=5422"}],"curies":[{"name":"wp","href":"https:\/\/api.w.org\/{rel}","templated":true}]}}