{"id":3491,"date":"2025-01-28T14:22:42","date_gmt":"2025-01-28T12:22:42","guid":{"rendered":"https:\/\/funkembassy.eu\/?page_id=3491"},"modified":"2025-04-21T11:11:04","modified_gmt":"2025-04-21T08:11:04","slug":"kontakt","status":"publish","type":"page","link":"https:\/\/funkembassy.eu\/et\/kontakt\/","title":{"rendered":"Kontakt"},"content":{"rendered":"<div class=\"wpb-content-wrapper\"><p>[vc_row full_width=&#8221;stretch_row&#8221; content_placement=&#8221;bottom&#8221; bg_type=&#8221;image&#8221; parallax_style=&#8221;vcpb-default&#8221; bg_image_new=&#8221;id^3498|url^https:\/\/funkembassy.eu\/wp-content\/uploads\/2025\/01\/f7e7e2e82eec4e3ebefddda131b17b33-scaled.jpg|caption^null|alt^null|title^f7e7e2e82eec4e3ebefddda131b17b33|description^null&#8221; bg_image_repeat=&#8221;no-repeat&#8221; bg_image_posiiton=&#8221;center bottom&#8221; css=&#8221;.vc_custom_1738071252635{padding-top: 30% !important;padding-bottom: 5% !important;}&#8221; min_height=&#8221;400px&#8221;][vc_column]<div id=\"ultimate-heading-14996a0077bb43c80\" class=\"uvc-heading ult-adjust-bottom-margin ultimate-heading-14996a0077bb43c80 uvc-5648 \" data-hspacer=\"no_spacer\"  data-halign=\"left\" style=\"text-align:left\"><div class=\"uvc-heading-spacer no_spacer\" style=\"top\"><\/div><div class=\"uvc-main-heading ult-responsive\"  data-ultimate-target='.uvc-heading.ultimate-heading-14996a0077bb43c80 h1'  data-responsive-json-new='{\"font-size\":\"desktop:120px;tablet:80px;tablet_portrait:100px;mobile_landscape:60px;mobile:60px;\",\"line-height\":\"desktop:120px;tablet:80px;tablet_portrait:100px;mobile_landscape:60px;mobile:60px;\"}' ><h1 style=\"--font-weight:theme;color:#FFFFFF;margin-bottom:20px;\">V\u00f5ta meiega \u00fchendust<\/h1><\/div><\/div>[\/vc_column][\/vc_row][vc_row full_width=&#8221;stretch_row_content_no_spaces&#8221; css=&#8221;.vc_custom_1737375755013{margin-bottom: 0px !important;}&#8221;][vc_column][vc_column_text css=&#8221;&#8221;]\n\t\t<script type=\"text\/javascript\">\n\t\t\tjQuery(document).ready(function ($){\n\t\t\t\tvar elements = $(\"ul.sbar-texts li\").length;\n\t\t\t\tfor(var i=0;i < elements; i++){\n\t\t\t\t\t$(\".sbar-texts\").clone().prependTo(\".efe-sbar-wrap\");\n\t\t\t\t};\n\t\t\t\tvar liEle = [];\n\t\t\t\tvar liEle = $(\".sbar-texts li\");\n\t\t\t});\n\t\t<\/script>\n\t<div class=\"efe-sbar-wrap\"><ul class=\"sbar-texts\"><li>AUHINNATUD MUUSIKAMAJA MISSIOONIGA \u00dcHENDADA INIMESI L\u00c4BI MAITSEKA MUUSIKA<\/li><li class=\"sb-pill\">BOOTIES SHAKEN, SOULS STIRRED<\/li><li>AUHINNATUD MUUSIKAMAJA MISSIOONIGA \u00dcHENDADA INIMESI L\u00c4BI MAITSEKA MUUSIKA<\/li><li class=\"sb-pill\">BOOTIES SHAKEN, SOULS STIRRED<\/li><\/ul><\/div>[\/vc_column_text][\/vc_column][\/vc_row][vc_row css=&#8221;.vc_custom_1738067254485{margin-top: 50px !important;}&#8221;][vc_column]\n<div class=\"wpcf7 no-js\" id=\"wpcf7-f3625-o1\" lang=\"et\" dir=\"ltr\" data-wpcf7-id=\"3625\">\n<div class=\"screen-reader-response\"><p role=\"status\" aria-live=\"polite\" aria-atomic=\"true\"><\/p> <ul><\/ul><\/div>\n<form action=\"\/et\/wp-json\/wp\/v2\/pages\/3491#wpcf7-f3625-o1\" method=\"post\" class=\"wpcf7-form init\" aria-label=\"Contact form\" novalidate=\"novalidate\" data-status=\"init\">\n<div style=\"display: none;\">\n<input type=\"hidden\" name=\"_wpcf7\" value=\"3625\" \/>\n<input type=\"hidden\" name=\"_wpcf7_version\" value=\"6.0.5\" \/>\n<input type=\"hidden\" name=\"_wpcf7_locale\" value=\"et\" \/>\n<input type=\"hidden\" name=\"_wpcf7_unit_tag\" value=\"wpcf7-f3625-o1\" \/>\n<input type=\"hidden\" name=\"_wpcf7_container_post\" value=\"0\" \/>\n<input type=\"hidden\" name=\"_wpcf7_posted_data_hash\" value=\"\" \/>\n<input type=\"hidden\" name=\"_wpcf7cf_hidden_group_fields\" value=\"[]\" \/>\n<input type=\"hidden\" name=\"_wpcf7cf_hidden_groups\" value=\"[]\" \/>\n<input type=\"hidden\" name=\"_wpcf7cf_visible_groups\" value=\"[]\" \/>\n<input type=\"hidden\" name=\"_wpcf7cf_repeaters\" value=\"[]\" \/>\n<input type=\"hidden\" name=\"_wpcf7cf_steps\" value=\"{}\" \/>\n<input type=\"hidden\" name=\"_wpcf7cf_options\" value=\"{&quot;form_id&quot;:3625,&quot;conditions&quot;:[{&quot;then_field&quot;:&quot;artist-inquiry&quot;,&quot;and_rules&quot;:[{&quot;if_field&quot;:&quot;inquiry-type&quot;,&quot;operator&quot;:&quot;equals&quot;,&quot;if_value&quot;:&quot;Artist booking&quot;}]},{&quot;then_field&quot;:&quot;artist-gig-inquiry&quot;,&quot;and_rules&quot;:[{&quot;if_field&quot;:&quot;inquiry-type&quot;,&quot;operator&quot;:&quot;equals&quot;,&quot;if_value&quot;:&quot;Artist booking&quot;}]},{&quot;then_field&quot;:&quot;dj-inquiry&quot;,&quot;and_rules&quot;:[{&quot;if_field&quot;:&quot;inquiry-type&quot;,&quot;operator&quot;:&quot;equals&quot;,&quot;if_value&quot;:&quot;DJ booking&quot;}]},{&quot;then_field&quot;:&quot;artist-gig-inquiry&quot;,&quot;and_rules&quot;:[{&quot;if_field&quot;:&quot;inquiry-type&quot;,&quot;operator&quot;:&quot;equals&quot;,&quot;if_value&quot;:&quot;DJ booking&quot;}]}],&quot;settings&quot;:{&quot;animation&quot;:&quot;yes&quot;,&quot;animation_intime&quot;:200,&quot;animation_outtime&quot;:200,&quot;conditions_ui&quot;:&quot;normal&quot;,&quot;notice_dismissed&quot;:false}}\" \/>\n<input type=\"hidden\" name=\"_wpcf7_recaptcha_response\" value=\"\" \/>\n<\/div>\n<h2>Saame tuttavaks\n<\/h2>\n<div class=\"inquiry-half\">\n\t<div>\n\t\t<p><label><span class=\"wpcf7-form-control-wrap\" data-name=\"inquiry-name\"><input size=\"40\" maxlength=\"400\" class=\"wpcf7-form-control wpcf7-text wpcf7-validates-as-required\" aria-required=\"true\" aria-invalid=\"false\" value=\"\" type=\"text\" name=\"inquiry-name\" \/><\/span><\/label><br \/>\n<small class=\"asterix\">Sinu nimi<\/small>\n\t\t<\/p>\n\t<\/div>\n\t<div>\n\t\t<p><label><span class=\"wpcf7-form-control-wrap\" data-name=\"inquiry-email\"><input size=\"40\" maxlength=\"400\" class=\"wpcf7-form-control wpcf7-email wpcf7-validates-as-required wpcf7-text wpcf7-validates-as-email\" aria-required=\"true\" aria-invalid=\"false\" value=\"\" type=\"email\" name=\"inquiry-email\" \/><\/span><\/label><br \/>\n<small class=\"asterix\">Sinu e-posti aadress, et saaksime hiljem \u00fchendust hoida<\/small>\n\t\t<\/p>\n\t<\/div>\n<\/div>\n<h2>Mis sind huvitab?\n<\/h2>\n<div class=\"inquiry-full\" id=\"inquiry-type\">\n\t<p><label><span class=\"wpcf7-form-control-wrap\" data-name=\"inquiry-type\"><select class=\"wpcf7-form-control wpcf7-select wpcf7-validates-as-required\" aria-required=\"true\" aria-invalid=\"false\" name=\"inquiry-type\"><option value=\"\u00dcldine p\u00e4ring\">\u00dcldine p\u00e4ring<\/option><option value=\"Artist booking\">Artist booking<\/option><option value=\"DJ booking\">DJ booking<\/option><option value=\"Plaadid\">Plaadid<\/option><option value=\"Press\">Press<\/option><option value=\"Demo esitamine\">Demo esitamine<\/option><option value=\"Br\u00e4ndi partnerlus\">Br\u00e4ndi partnerlus<\/option><option value=\"Litsentsip\u00e4ring\">Litsentsip\u00e4ring<\/option><\/select><\/span><\/label><br \/>\n<small class=\"asterix\">Kui soovid esitada p\u00e4ringu artistide v\u00f5i DJde kohta, vali \"Artist\/DJ booking\"<\/small>\n\t<\/p>\n\t<div>\n\t\t<div data-id=\"artist-inquiry\" data-orig_data_id=\"artist-inquiry\" data-clear_on_hide data-class=\"wpcf7cf_group\">\n\t\t\t<div class=\"inquiry-scroll\">\n\t\t\t\t<p><span class=\"wpcf7-form-control-wrap\" data-name=\"inquiry-artist\"><span class=\"wpcf7-form-control wpcf7-checkbox wpcf7-validates-as-required\"><span class=\"wpcf7-list-item first\"><label><input type=\"checkbox\" name=\"inquiry-artist[]\" value=\"Rita Ray\" \/><span class=\"wpcf7-list-item-label\">Rita Ray<\/span><\/label><\/span><span class=\"wpcf7-list-item\"><label><input type=\"checkbox\" name=\"inquiry-artist[]\" value=\"Haldi &amp; ans Flamingo\" \/><span class=\"wpcf7-list-item-label\">Haldi &amp; ans Flamingo<\/span><\/label><\/span><span class=\"wpcf7-list-item\"><label><input type=\"checkbox\" name=\"inquiry-artist[]\" value=\"Silky Steps\" \/><span class=\"wpcf7-list-item-label\">Silky Steps<\/span><\/label><\/span><span class=\"wpcf7-list-item\"><label><input type=\"checkbox\" name=\"inquiry-artist[]\" value=\"RETI\" \/><span class=\"wpcf7-list-item-label\">RETI<\/span><\/label><\/span><span class=\"wpcf7-list-item\"><label><input type=\"checkbox\" name=\"inquiry-artist[]\" value=\"Mikk Kaasik\" \/><span class=\"wpcf7-list-item-label\">Mikk Kaasik<\/span><\/label><\/span><span class=\"wpcf7-list-item\"><label><input type=\"checkbox\" name=\"inquiry-artist[]\" value=\"Timuti 8\" \/><span class=\"wpcf7-list-item-label\">Timuti 8<\/span><\/label><\/span><span class=\"wpcf7-list-item\"><label><input type=\"checkbox\" name=\"inquiry-artist[]\" value=\"The Motown Sound\" \/><span class=\"wpcf7-list-item-label\">The Motown Sound<\/span><\/label><\/span><span class=\"wpcf7-list-item\"><label><input type=\"checkbox\" name=\"inquiry-artist[]\" value=\"Estonian Funk Unit\" \/><span class=\"wpcf7-list-item-label\">Estonian Funk Unit<\/span><\/label><\/span><span class=\"wpcf7-list-item\"><label><input type=\"checkbox\" name=\"inquiry-artist[]\" value=\"Inga &amp; Soul Now\" \/><span class=\"wpcf7-list-item-label\">Inga &amp; Soul Now<\/span><\/label><\/span><span class=\"wpcf7-list-item\"><label><input type=\"checkbox\" name=\"inquiry-artist[]\" value=\"Ashilevi\" \/><span class=\"wpcf7-list-item-label\">Ashilevi<\/span><\/label><\/span><span class=\"wpcf7-list-item\"><label><input type=\"checkbox\" name=\"inquiry-artist[]\" value=\"Artis Boris\" \/><span class=\"wpcf7-list-item-label\">Artis Boris<\/span><\/label><\/span><span class=\"wpcf7-list-item last\"><label><input type=\"checkbox\" name=\"inquiry-artist[]\" value=\"Estrada Orchestra\" \/><span class=\"wpcf7-list-item-label\">Estrada Orchestra<\/span><\/label><\/span><\/span><\/span>\n\t\t\t\t<\/p>\n\t\t\t<\/div>\n\t\t\t<p><small class=\"asterix\">Vali \u00fcks v\u00f5i mitu artisti<\/small>\n\t\t\t<\/p>\n\t\t<\/div>\n\t\t<div data-id=\"dj-inquiry\" data-orig_data_id=\"dj-inquiry\" data-clear_on_hide data-class=\"wpcf7cf_group\">\n\t\t\t<div class=\"inquiry-scroll\">\n\t\t\t\t<p><span class=\"wpcf7-form-control-wrap\" data-name=\"inquiry-dj\"><span class=\"wpcf7-form-control wpcf7-checkbox wpcf7-validates-as-required\"><span class=\"wpcf7-list-item first\"><label><input type=\"checkbox\" name=\"inquiry-dj[]\" value=\"Spontaanne Chill\" \/><span class=\"wpcf7-list-item-label\">Spontaanne Chill<\/span><\/label><\/span><span class=\"wpcf7-list-item\"><label><input type=\"checkbox\" name=\"inquiry-dj[]\" value=\"Ehte\" \/><span class=\"wpcf7-list-item-label\">Ehte<\/span><\/label><\/span><span class=\"wpcf7-list-item\"><label><input type=\"checkbox\" name=\"inquiry-dj[]\" value=\"Dr.PhilGood\" \/><span class=\"wpcf7-list-item-label\">Dr.PhilGood<\/span><\/label><\/span><span class=\"wpcf7-list-item\"><label><input type=\"checkbox\" name=\"inquiry-dj[]\" value=\"Silica\" \/><span class=\"wpcf7-list-item-label\">Silica<\/span><\/label><\/span><span class=\"wpcf7-list-item\"><label><input type=\"checkbox\" name=\"inquiry-dj[]\" value=\"The.Accountant\" \/><span class=\"wpcf7-list-item-label\">The.Accountant<\/span><\/label><\/span><span class=\"wpcf7-list-item\"><label><input type=\"checkbox\" name=\"inquiry-dj[]\" value=\"Under Cover Lovers\" \/><span class=\"wpcf7-list-item-label\">Under Cover Lovers<\/span><\/label><\/span><span class=\"wpcf7-list-item\"><label><input type=\"checkbox\" name=\"inquiry-dj[]\" value=\"P\u00e4ris Hilton\" \/><span class=\"wpcf7-list-item-label\">P\u00e4ris Hilton<\/span><\/label><\/span><span class=\"wpcf7-list-item\"><label><input type=\"checkbox\" name=\"inquiry-dj[]\" value=\"Roman Vjazemski\" \/><span class=\"wpcf7-list-item-label\">Roman Vjazemski<\/span><\/label><\/span><span class=\"wpcf7-list-item\"><label><input type=\"checkbox\" name=\"inquiry-dj[]\" value=\"Mr.Lex\" \/><span class=\"wpcf7-list-item-label\">Mr.Lex<\/span><\/label><\/span><span class=\"wpcf7-list-item\"><label><input type=\"checkbox\" name=\"inquiry-dj[]\" value=\"Kersten K\u00f5rge\" \/><span class=\"wpcf7-list-item-label\">Kersten K\u00f5rge<\/span><\/label><\/span><span class=\"wpcf7-list-item\"><label><input type=\"checkbox\" name=\"inquiry-dj[]\" value=\"Don Varone\" \/><span class=\"wpcf7-list-item-label\">Don Varone<\/span><\/label><\/span><span class=\"wpcf7-list-item\"><label><input type=\"checkbox\" name=\"inquiry-dj[]\" value=\"Anton Malmi\" \/><span class=\"wpcf7-list-item-label\">Anton Malmi<\/span><\/label><\/span><span class=\"wpcf7-list-item\"><label><input type=\"checkbox\" name=\"inquiry-dj[]\" value=\"Skidoo\" \/><span class=\"wpcf7-list-item-label\">Skidoo<\/span><\/label><\/span><span class=\"wpcf7-list-item\"><label><input type=\"checkbox\" name=\"inquiry-dj[]\" value=\"Robert K\u00e4hr\" \/><span class=\"wpcf7-list-item-label\">Robert K\u00e4hr<\/span><\/label><\/span><span class=\"wpcf7-list-item last\"><label><input type=\"checkbox\" name=\"inquiry-dj[]\" value=\"Vahtra\" \/><span class=\"wpcf7-list-item-label\">Vahtra<\/span><\/label><\/span><\/span><\/span>\n\t\t\t\t<\/p>\n\t\t\t<\/div>\n\t\t\t<p><small class=\"asterix\">Vali \u00fcks v\u00f5i mitu DJd<\/small>\n\t\t\t<\/p>\n\t\t<\/div>\n\t<\/div>\n<\/div>\n<div data-id=\"artist-gig-inquiry\" data-orig_data_id=\"artist-gig-inquiry\" data-clear_on_hide data-class=\"wpcf7cf_group\">\n\t<h2>Veidi rohkem infot \u00fcrituse kohta\n\t<\/h2>\n\t<div class=\"inquiry-half\">\n\t\t<div>\n\t\t\t<p><label><span class=\"wpcf7-form-control-wrap\" data-name=\"inquiry-gig-date\"><input class=\"wpcf7-form-control wpcf7-date wpcf7-validates-as-required wpcf7-validates-as-date\" min=\"2026-05-10\" aria-required=\"true\" aria-invalid=\"false\" value=\"2026-05-10\" type=\"date\" name=\"inquiry-gig-date\" \/><\/span><\/label><br \/>\n<small class=\"asterix\">Vali kalendrist sobiv kuup\u00e4ev v\u00f5i mitu kuup\u00e4eva<\/small>\n\t\t\t<\/p>\n\t\t<\/div>\n\t\t<div>\n\t\t\t<p><label><span class=\"wpcf7-form-control-wrap\" data-name=\"inquiry-gig-location\"><input size=\"40\" maxlength=\"400\" class=\"wpcf7-form-control wpcf7-text wpcf7-validates-as-required\" aria-required=\"true\" aria-invalid=\"false\" value=\"\" type=\"text\" name=\"inquiry-gig-location\" \/><\/span><\/label><br \/>\n<small class=\"asterix\">Sisesta linn v\u00f5i toimumiskoha nimi<\/small>\n\t\t\t<\/p>\n\t\t<\/div>\n\t<\/div>\n<\/div>\n<h2>R\u00e4\u00e4gi meile l\u00e4hemalt\n<\/h2>\n<div class=\"inquiry-full\">\n\t<p><label><span class=\"wpcf7-form-control-wrap\" data-name=\"inquiry-details\"><textarea cols=\"40\" rows=\"1\" maxlength=\"2000\" class=\"wpcf7-form-control wpcf7-textarea\" aria-invalid=\"false\" name=\"inquiry-details\"><\/textarea><\/span><\/label><br \/>\n<small>Soovi korral lisa rohkem infot oma p\u00e4ringu v\u00f5i \u00fcrituse kohta<\/small>\n\t<\/p>\n<\/div>\n<p style=\"font-size:14px;padding-bottom:10px;text-align:center;\">This form is protected with Google RECAPTCHA: <a href=\"https:\/\/www.google.com\/intl\/en\/policies\/privacy\/\" target=\"_blank\">Privacy Policy<\/a> and <a href=\"https:\/\/www.google.com\/intl\/en\/policies\/terms\/\" target=\"_blank\">Terms of Service<\/a>.\n<\/p>\n<div id=\"efe-footer-top\">\n\t<h2>K\u00f5ik kirjas?\n\t<\/h2>\n\t<p><input class=\"wpcf7-form-control wpcf7-submit has-spinner\" type=\"submit\" value=\"Saada p\u00e4ring\" \/>\n\t<\/p>\n<\/div><div class=\"wpcf7-response-output\" aria-hidden=\"true\"><\/div>\n<\/form>\n<\/div>\n[\/vc_column][\/vc_row]<\/p>\n<\/div>","protected":false},"excerpt":{"rendered":"<p>[vc_row full_width=&#8221;stretch_row&#8221; content_placement=&#8221;bottom&#8221; bg_type=&#8221;image&#8221; parallax_style=&#8221;vcpb-default&#8221; bg_image_new=&#8221;id^3498|url^https:\/\/funkembassy.eu\/wp-content\/uploads\/2025\/01\/f7e7e2e82eec4e3ebefddda131b17b33-scaled.jpg|caption^null|alt^null|title^f7e7e2e82eec4e3ebefddda131b17b33|description^null&#8221; bg_image_repeat=&#8221;no-repeat&#8221; bg_image_posiiton=&#8221;center bottom&#8221; css=&#8221;.vc_custom_1738071252635{padding-top: 30% !important;padding-bottom: 5% !important;}&#8221; min_height=&#8221;400px&#8221;][vc_column][\/vc_column][\/vc_row][vc_row full_width=&#8221;stretch_row_content_no_spaces&#8221; css=&#8221;.vc_custom_1737375755013{margin-bottom: 0px !important;}&#8221;][vc_column][vc_column_text css=&#8221;&#8221;][\/vc_column_text][\/vc_column][\/vc_row][vc_row css=&#8221;.vc_custom_1738067254485{margin-top: 50px !important;}&#8221;][vc_column][\/vc_column][\/vc_row]<\/p>\n","protected":false},"author":1,"featured_media":0,"parent":0,"menu_order":45,"comment_status":"closed","ping_status":"closed","template":"","meta":{"_acf_changed":false,"footnotes":""},"class_list":["post-3491","page","type-page","status-publish","hentry","description-off"],"acf":[],"yoast_head":"<!-- This site is optimized with the Yoast SEO plugin v24.8.1 - https:\/\/yoast.com\/wordpress\/plugins\/seo\/ -->\n<title>Kontakt - Estonian Funk Embassy<\/title>\n<meta name=\"robots\" content=\"index, follow, max-snippet:-1, max-image-preview:large, max-video-preview:-1\" \/>\n<link rel=\"canonical\" href=\"https:\/\/funkembassy.eu\/contact\/\" \/>\n<meta property=\"og:locale\" content=\"et_EE\" \/>\n<meta property=\"og:type\" content=\"article\" \/>\n<meta property=\"og:title\" content=\"Kontakt - Estonian Funk Embassy\" \/>\n<meta property=\"og:description\" content=\"[vc_row full_width=&#8221;stretch_row&#8221; content_placement=&#8221;bottom&#8221; bg_type=&#8221;image&#8221; parallax_style=&#8221;vcpb-default&#8221; bg_image_new=&#8221;id^3498|url^https:\/\/funkembassy.eu\/wp-content\/uploads\/2025\/01\/f7e7e2e82eec4e3ebefddda131b17b33-scaled.jpg|caption^null|alt^null|title^f7e7e2e82eec4e3ebefddda131b17b33|description^null&#8221; bg_image_repeat=&#8221;no-repeat&#8221; bg_image_posiiton=&#8221;center bottom&#8221; css=&#8221;.vc_custom_1738071252635{padding-top: 30% !important;padding-bottom: 5% !important;}&#8221; min_height=&#8221;400px&#8221;][vc_column][\/vc_column][\/vc_row][vc_row full_width=&#8221;stretch_row_content_no_spaces&#8221; css=&#8221;.vc_custom_1737375755013{margin-bottom: 0px !important;}&#8221;][vc_column][vc_column_text css=&#8221;&#8221;][\/vc_column_text][\/vc_column][\/vc_row][vc_row css=&#8221;.vc_custom_1738067254485{margin-top: 50px !important;}&#8221;][vc_column][\/vc_column][\/vc_row]\" \/>\n<meta property=\"og:url\" content=\"https:\/\/funkembassy.eu\/contact\/\" \/>\n<meta property=\"og:site_name\" content=\"Estonian Funk Embassy\" \/>\n<meta property=\"article:publisher\" content=\"https:\/\/www.facebook.com\/estonianfunkembassy\/\" \/>\n<meta property=\"article:modified_time\" content=\"2025-04-21T08:11:04+00:00\" \/>\n<meta property=\"og:image\" content=\"https:\/\/funkembassy.eu\/wp-content\/uploads\/2025\/04\/estonian_funk_embassy.jpg\" \/>\n\t<meta property=\"og:image:width\" content=\"1200\" \/>\n\t<meta property=\"og:image:height\" content=\"675\" \/>\n\t<meta property=\"og:image:type\" content=\"image\/jpeg\" \/>\n<meta name=\"twitter:card\" content=\"summary_large_image\" \/>\n<meta name=\"twitter:label1\" content=\"Est. reading time\" \/>\n\t<meta name=\"twitter:data1\" content=\"1 minut\" \/>\n<script type=\"application\/ld+json\" class=\"yoast-schema-graph\">{\"@context\":\"https:\/\/schema.org\",\"@graph\":[{\"@type\":\"WebPage\",\"@id\":\"https:\/\/funkembassy.eu\/contact\/\",\"url\":\"https:\/\/funkembassy.eu\/contact\/\",\"name\":\"Kontakt - Estonian Funk Embassy\",\"isPartOf\":{\"@id\":\"https:\/\/funkembassy.eu\/#website\"},\"datePublished\":\"2025-01-28T12:22:42+00:00\",\"dateModified\":\"2025-04-21T08:11:04+00:00\",\"breadcrumb\":{\"@id\":\"https:\/\/funkembassy.eu\/contact\/#breadcrumb\"},\"inLanguage\":\"et\",\"potentialAction\":[{\"@type\":\"ReadAction\",\"target\":[\"https:\/\/funkembassy.eu\/contact\/\"]}]},{\"@type\":\"BreadcrumbList\",\"@id\":\"https:\/\/funkembassy.eu\/contact\/#breadcrumb\",\"itemListElement\":[{\"@type\":\"ListItem\",\"position\":1,\"name\":\"Home\",\"item\":\"https:\/\/funkembassy.eu\/et\/\"},{\"@type\":\"ListItem\",\"position\":2,\"name\":\"Kontakt\"}]},{\"@type\":\"WebSite\",\"@id\":\"https:\/\/funkembassy.eu\/#website\",\"url\":\"https:\/\/funkembassy.eu\/\",\"name\":\"Estonian Funk Embassy\",\"description\":\"\",\"publisher\":{\"@id\":\"https:\/\/funkembassy.eu\/#organization\"},\"potentialAction\":[{\"@type\":\"SearchAction\",\"target\":{\"@type\":\"EntryPoint\",\"urlTemplate\":\"https:\/\/funkembassy.eu\/?s={search_term_string}\"},\"query-input\":{\"@type\":\"PropertyValueSpecification\",\"valueRequired\":true,\"valueName\":\"search_term_string\"}}],\"inLanguage\":\"et\"},{\"@type\":\"Organization\",\"@id\":\"https:\/\/funkembassy.eu\/#organization\",\"name\":\"Estonian Funk Embassy\",\"url\":\"https:\/\/funkembassy.eu\/\",\"logo\":{\"@type\":\"ImageObject\",\"inLanguage\":\"et\",\"@id\":\"https:\/\/funkembassy.eu\/#\/schema\/logo\/image\/\",\"url\":\"https:\/\/funkembassy.eu\/wp-content\/uploads\/2025\/04\/estonian_funk_embassy_logo.jpg\",\"contentUrl\":\"https:\/\/funkembassy.eu\/wp-content\/uploads\/2025\/04\/estonian_funk_embassy_logo.jpg\",\"width\":696,\"height\":696,\"caption\":\"Estonian Funk Embassy\"},\"image\":{\"@id\":\"https:\/\/funkembassy.eu\/#\/schema\/logo\/image\/\"},\"sameAs\":[\"https:\/\/www.facebook.com\/estonianfunkembassy\/\"]}]}<\/script>\n<!-- \/ Yoast SEO plugin. -->","yoast_head_json":{"title":"Kontakt - Estonian Funk Embassy","robots":{"index":"index","follow":"follow","max-snippet":"max-snippet:-1","max-image-preview":"max-image-preview:large","max-video-preview":"max-video-preview:-1"},"canonical":"https:\/\/funkembassy.eu\/contact\/","og_locale":"et_EE","og_type":"article","og_title":"Kontakt - Estonian Funk Embassy","og_description":"[vc_row full_width=&#8221;stretch_row&#8221; content_placement=&#8221;bottom&#8221; bg_type=&#8221;image&#8221; parallax_style=&#8221;vcpb-default&#8221; bg_image_new=&#8221;id^3498|url^https:\/\/funkembassy.eu\/wp-content\/uploads\/2025\/01\/f7e7e2e82eec4e3ebefddda131b17b33-scaled.jpg|caption^null|alt^null|title^f7e7e2e82eec4e3ebefddda131b17b33|description^null&#8221; bg_image_repeat=&#8221;no-repeat&#8221; bg_image_posiiton=&#8221;center bottom&#8221; css=&#8221;.vc_custom_1738071252635{padding-top: 30% !important;padding-bottom: 5% !important;}&#8221; min_height=&#8221;400px&#8221;][vc_column][\/vc_column][\/vc_row][vc_row full_width=&#8221;stretch_row_content_no_spaces&#8221; css=&#8221;.vc_custom_1737375755013{margin-bottom: 0px !important;}&#8221;][vc_column][vc_column_text css=&#8221;&#8221;][\/vc_column_text][\/vc_column][\/vc_row][vc_row css=&#8221;.vc_custom_1738067254485{margin-top: 50px !important;}&#8221;][vc_column][\/vc_column][\/vc_row]","og_url":"https:\/\/funkembassy.eu\/contact\/","og_site_name":"Estonian Funk Embassy","article_publisher":"https:\/\/www.facebook.com\/estonianfunkembassy\/","article_modified_time":"2025-04-21T08:11:04+00:00","og_image":[{"width":1200,"height":675,"url":"https:\/\/funkembassy.eu\/wp-content\/uploads\/2025\/04\/estonian_funk_embassy.jpg","type":"image\/jpeg"}],"twitter_card":"summary_large_image","twitter_misc":{"Est. reading time":"1 minut"},"schema":{"@context":"https:\/\/schema.org","@graph":[{"@type":"WebPage","@id":"https:\/\/funkembassy.eu\/contact\/","url":"https:\/\/funkembassy.eu\/contact\/","name":"Kontakt - Estonian Funk Embassy","isPartOf":{"@id":"https:\/\/funkembassy.eu\/#website"},"datePublished":"2025-01-28T12:22:42+00:00","dateModified":"2025-04-21T08:11:04+00:00","breadcrumb":{"@id":"https:\/\/funkembassy.eu\/contact\/#breadcrumb"},"inLanguage":"et","potentialAction":[{"@type":"ReadAction","target":["https:\/\/funkembassy.eu\/contact\/"]}]},{"@type":"BreadcrumbList","@id":"https:\/\/funkembassy.eu\/contact\/#breadcrumb","itemListElement":[{"@type":"ListItem","position":1,"name":"Home","item":"https:\/\/funkembassy.eu\/et\/"},{"@type":"ListItem","position":2,"name":"Kontakt"}]},{"@type":"WebSite","@id":"https:\/\/funkembassy.eu\/#website","url":"https:\/\/funkembassy.eu\/","name":"Estonian Funk Embassy","description":"","publisher":{"@id":"https:\/\/funkembassy.eu\/#organization"},"potentialAction":[{"@type":"SearchAction","target":{"@type":"EntryPoint","urlTemplate":"https:\/\/funkembassy.eu\/?s={search_term_string}"},"query-input":{"@type":"PropertyValueSpecification","valueRequired":true,"valueName":"search_term_string"}}],"inLanguage":"et"},{"@type":"Organization","@id":"https:\/\/funkembassy.eu\/#organization","name":"Estonian Funk Embassy","url":"https:\/\/funkembassy.eu\/","logo":{"@type":"ImageObject","inLanguage":"et","@id":"https:\/\/funkembassy.eu\/#\/schema\/logo\/image\/","url":"https:\/\/funkembassy.eu\/wp-content\/uploads\/2025\/04\/estonian_funk_embassy_logo.jpg","contentUrl":"https:\/\/funkembassy.eu\/wp-content\/uploads\/2025\/04\/estonian_funk_embassy_logo.jpg","width":696,"height":696,"caption":"Estonian Funk Embassy"},"image":{"@id":"https:\/\/funkembassy.eu\/#\/schema\/logo\/image\/"},"sameAs":["https:\/\/www.facebook.com\/estonianfunkembassy\/"]}]}},"_links":{"self":[{"href":"https:\/\/funkembassy.eu\/et\/wp-json\/wp\/v2\/pages\/3491","targetHints":{"allow":["GET"]}}],"collection":[{"href":"https:\/\/funkembassy.eu\/et\/wp-json\/wp\/v2\/pages"}],"about":[{"href":"https:\/\/funkembassy.eu\/et\/wp-json\/wp\/v2\/types\/page"}],"author":[{"embeddable":true,"href":"https:\/\/funkembassy.eu\/et\/wp-json\/wp\/v2\/users\/1"}],"replies":[{"embeddable":true,"href":"https:\/\/funkembassy.eu\/et\/wp-json\/wp\/v2\/comments?post=3491"}],"version-history":[{"count":4,"href":"https:\/\/funkembassy.eu\/et\/wp-json\/wp\/v2\/pages\/3491\/revisions"}],"predecessor-version":[{"id":5804,"href":"https:\/\/funkembassy.eu\/et\/wp-json\/wp\/v2\/pages\/3491\/revisions\/5804"}],"wp:attachment":[{"href":"https:\/\/funkembassy.eu\/et\/wp-json\/wp\/v2\/media?parent=3491"}],"curies":[{"name":"wp","href":"https:\/\/api.w.org\/{rel}","templated":true}]}}